{"id":5069,"date":"2022-01-20T16:46:12","date_gmt":"2022-01-20T13:46:12","guid":{"rendered":"https:\/\/www.xladyaccessories.com\/urun\/gumus-renk-kirmizi-beyaz-mineli-gezegen-kelebek-figurlu-kombin-kupe-712\/"},"modified":"2023-09-25T09:04:31","modified_gmt":"2023-09-25T06:04:31","slug":"toptan-gumus-renk-kirmizi-beyaz-mineli-gezegen-kelebek-figurlu-kombin-kupe-712","status":"publish","type":"product","link":"https:\/\/www.xladyaccessories.com\/ru\/product\/\u0441\u0435\u0440\u0435\u0431\u0440\u044f\u043d\u044b\u0439-\u0446\u0432\u0435\u0442-\u043a\u0440\u0430\u0441\u043d\u044b\u0439-\u0431\u0435\u043b\u044b\u0439-\u044d\u043c\u0430\u043b\u044c-\u043f\/","title":{"rendered":"Toptan G\u00fcm\u00fc\u015f Renk K\u0131rm\u0131z\u0131 Beyaz Mineli Gezegen Kelebek Figurlu Kombin K\u00fcpe 712"},"content":{"rendered":"<p>\u0421\u0442\u0438\u043b\u044c\u043d\u044b\u0435 \u043c\u043e\u0434\u0435\u043b\u0438 \u0441\u0435\u0440\u0435\u0436\u0435\u043a<\/p>\n<p>\u00a0<\/p>\n<ul id=\"content-descriptions-list\">\n<li>\u0414\u043b\u044f \u0437\u0430\u0449\u0438\u0442\u044b \u043e\u0442 \u043f\u043e\u0442\u0443\u0441\u043a\u043d\u0435\u043d\u0438\u044f \u0438\u0441\u043f\u043e\u043b\u044c\u0437\u043e\u0432\u0430\u043d\u043e \u0441\u043f\u0435\u0446\u0438\u0430\u043b\u044c\u043d\u043e\u0435 \u043f\u043e\u043a\u0440\u044b\u0442\u0438\u0435.<\/li>\n<li>\u0421\u043b\u0435\u0434\u0443\u0435\u0442 \u0438\u0437\u0431\u0435\u0433\u0430\u0442\u044c \u043a\u043e\u043d\u0442\u0430\u043a\u0442\u0430 \u0441 \u0442\u0430\u043a\u0438\u043c\u0438 \u0432\u0435\u0449\u0435\u0441\u0442\u0432\u0430\u043c\u0438, \u043a\u0430\u043a \u043a\u0440\u0435\u043c, \u0434\u0443\u0445\u0438 \u0438 \u0430\u043b\u043a\u043e\u0433\u043e\u043b\u044c.<\/li>\n<\/ul>","protected":false},"excerpt":{"rendered":"<p>\u0421\u0442\u0438\u043b\u044c\u043d\u044b\u0435 \u043c\u043e\u0434\u0435\u043b\u0438 \u0441\u0435\u0440\u0435\u0436\u0435\u043a<\/p>","protected":false},"featured_media":5070,"comment_status":"open","ping_status":"closed","template":"","meta":[],"product_brand":[],"product_cat":[91],"product_tag":[],"class_list":{"0":"post-5069","1":"product","2":"type-product","3":"status-publish","4":"has-post-thumbnail","6":"product_cat-bijuteri_kupe","8":"first","9":"outofstock","10":"taxable","11":"shipping-taxable","12":"purchasable","13":"product-type-simple"},"_links":{"self":[{"href":"https:\/\/www.xladyaccessories.com\/ru\/wp-json\/wp\/v2\/product\/5069","targetHints":{"allow":["GET"]}}],"collection":[{"href":"https:\/\/www.xladyaccessories.com\/ru\/wp-json\/wp\/v2\/product"}],"about":[{"href":"https:\/\/www.xladyaccessories.com\/ru\/wp-json\/wp\/v2\/types\/product"}],"replies":[{"embeddable":true,"href":"https:\/\/www.xladyaccessories.com\/ru\/wp-json\/wp\/v2\/comments?post=5069"}],"wp:featuredmedia":[{"embeddable":true,"href":"https:\/\/www.xladyaccessories.com\/ru\/wp-json\/wp\/v2\/media\/5070"}],"wp:attachment":[{"href":"https:\/\/www.xladyaccessories.com\/ru\/wp-json\/wp\/v2\/media?parent=5069"}],"wp:term":[{"taxonomy":"product_brand","embeddable":true,"href":"https:\/\/www.xladyaccessories.com\/ru\/wp-json\/wp\/v2\/product_brand?post=5069"},{"taxonomy":"product_cat","embeddable":true,"href":"https:\/\/www.xladyaccessories.com\/ru\/wp-json\/wp\/v2\/product_cat?post=5069"},{"taxonomy":"product_tag","embeddable":true,"href":"https:\/\/www.xladyaccessories.com\/ru\/wp-json\/wp\/v2\/product_tag?post=5069"}],"curies":[{"name":"wp","href":"https:\/\/api.w.org\/{rel}","templated":true}]}}