{"id":4743,"date":"2022-01-07T13:33:16","date_gmt":"2022-01-07T10:33:16","guid":{"rendered":"https:\/\/www.xladyaccessories.com\/urun\/altin-renk-zirkon-tasli-kaplumbaga-asansor-bileklik\/"},"modified":"2026-04-23T19:10:45","modified_gmt":"2026-04-23T16:10:45","slug":"toptan-altin-renk-zirkon-tasli-kaplumbaga-asansor-bileklik","status":"publish","type":"product","link":"https:\/\/www.xladyaccessories.com\/ru\/product\/toptan-altin-renk-zirkon-tasli-kaplumbaga-asansor-bileklik\/","title":{"rendered":"\u041e\u043f\u0442\u043e\u0432\u0430\u044f \u0417\u043e\u043b\u043e\u0442\u043e \u0426\u0432\u0435\u0442 \u0426\u0438\u0440\u043a\u043e\u043d \u041a\u0430\u043c\u0435\u043d\u044c \u0427\u0435\u0440\u0435\u043f\u0430\u0445\u0430 \u041b\u0438\u0444\u0442 \u0411\u0440\u0430\u0441\u043b\u0435\u0442"},"content":{"rendered":"<div class=\"detailmodule_html\">\n<div class=\"detail-desc-decorate-richtext\">\n<div>100% \u041d\u043e\u0432\u044b\u0439 \u043f\u0440\u043e\u0434\u0443\u043a\u0442<\/div>\n<div>\u0426\u0432\u0435\u0442: \u0417\u043e\u043b\u043e\u0442\u043e\u0439 \u0446\u0432\u0435\u0442<\/div>\n<div>\u0420\u0430\u0437\u043c\u0435\u0440 \u0444\u0438\u0433\u0443\u0440\u043a\u0438: 19\u0425 19 (\u043c\u043c.)<\/div>\n<div>\u0422\u0438\u043f: \u0411\u0440\u0430\u0441\u043b\u0435\u0442 \u0438\u0437 \u043a\u0430\u043c\u043d\u044f \u0446\u0438\u0440\u043a\u043e\u043d\u0430<\/div>\n<div>\u041c\u0430\u0442\u0435\u0440\u0438\u0430\u043b: \u041b\u0430\u0442\u0443\u043d\u044c<\/div>\n<div>\n<p>\u00a0<\/p>\n<p>\u041e\u0421\u041e\u0411\u0415\u041d\u041d\u041e\u0421\u0422\u0418 \u041a\u0410\u041c\u041d\u042f \u0426\u0418\u0420\u041a\u041e\u041d<\/p>\n<p>\u0422\u0432\u0435\u0440\u0434\u043e\u0441\u0442\u044c: 7,5<\/p>\n<p>\u0423\u0434\u0435\u043b\u044c\u043d\u044b\u0439 \u0432\u0435\u0441: 3,9 \u2013 4,7<\/p>\n<p>\u0425\u0438\u043c\u0438\u0447\u0435\u0441\u043a\u0430\u044f \u0444\u043e\u0440\u043c\u0443\u043b\u0430: ZrSiO4.<\/p>\n<p>\u0426\u0432\u0435\u0442: \u0431\u0435\u0441\u0446\u0432\u0435\u0442\u043d\u044b\u0439, \u043a\u043e\u0440\u0438\u0447\u043d\u0435\u0432\u044b\u0439, \u0437\u0435\u043b\u0435\u043d\u044b\u0439, \u043a\u0440\u0430\u0441\u043d\u044b\u0439, \u0436\u0435\u043b\u0442\u044b\u0439, \u0441\u0438\u043d\u0438\u0439<\/p>\n<p>\u041e\u0441\u043d\u043e\u0432\u043d\u044b\u0435 \u0441\u0442\u0440\u0430\u043d\u044b \u043f\u0440\u043e\u0438\u0441\u0445\u043e\u0436\u0434\u0435\u043d\u0438\u044f: \u0410\u0432\u0441\u0442\u0440\u0430\u043b\u0438\u044f.<\/p>\n<p>\u041a\u043e\u043d\u0441\u0442\u0440\u0443\u043a\u0442\u0438\u0432\u043d\u044b\u0435 \u043e\u0441\u043e\u0431\u0435\u043d\u043d\u043e\u0441\u0442\u0438<\/p>\n<p>\u0415\u0433\u043e \u043d\u0430\u0441\u0442\u043e\u044f\u0449\u0438\u0439 \u0446\u0432\u0435\u0442 \u043a\u043e\u0440\u0438\u0447\u043d\u0435\u0432\u044b\u0439. \u041f\u0435\u0440\u0435\u0434 \u0438\u0441\u043f\u043e\u043b\u044c\u0437\u043e\u0432\u0430\u043d\u0438\u0435\u043c \u0435\u0433\u043e \u0432\u043e\u043e\u0431\u0449\u0435 \u043d\u0430\u0433\u0440\u0435\u0432\u0430\u044e\u0442 \u0438 \u0436\u0434\u0443\u0442, \u043f\u043e\u043a\u0430 \u043e\u043d \u0441\u0442\u0430\u043d\u0435\u0442 \u043f\u0440\u043e\u0437\u0440\u0430\u0447\u043d\u044b\u043c. \u042d\u0442\u043e \u043e\u0434\u0438\u043d \u0438\u0437 \u0441\u0430\u043c\u044b\u0445 \u0438\u0437\u0432\u0435\u0441\u0442\u043d\u044b\u0445 \u043a\u0430\u043c\u043d\u0435\u0439 \u044e\u0432\u0435\u043b\u0438\u0440\u043d\u043e\u0433\u043e \u043a\u043b\u0430\u0441\u0441\u0430. \u042d\u0442\u043e\u0442 \u043a\u0430\u043c\u0435\u043d\u044c \u0442\u0430\u043a\u0436\u0435 \u044f\u0432\u043b\u044f\u0435\u0442\u0441\u044f \u0432\u0430\u0436\u043d\u0435\u0439\u0448\u0438\u043c \u0438\u0441\u0442\u043e\u0447\u043d\u0438\u043a\u043e\u043c \u044d\u043b\u0435\u043c\u0435\u043d\u0442\u0430 \u0446\u0438\u0440\u043a\u043e\u043d\u0438\u044f. \u042d\u0442\u043e \u0441\u0430\u043c\u044b\u0439 \u0446\u0435\u043d\u043d\u044b\u0439 \u0438 \u0440\u0435\u0434\u043a\u0438\u0439 \u0431\u0435\u0441\u0446\u0432\u0435\u0442\u043d\u044b\u0439 \u0446\u0438\u0440\u043a\u043e\u043d, \u0438\u0441\u043f\u043e\u043b\u044c\u0437\u0443\u0435\u043c\u044b\u0439 \u0432 \u044e\u0432\u0435\u043b\u0438\u0440\u043d\u044b\u0445 \u0438\u0437\u0434\u0435\u043b\u0438\u044f\u0445. \u041e\u043d \u043f\u043e\u0445\u043e\u0436 \u043d\u0430 \u0430\u043b\u043c\u0430\u0437, \u0441 \u0442\u043e\u0439 \u043b\u0438\u0448\u044c \u0440\u0430\u0437\u043d\u0438\u0446\u0435\u0439, \u0447\u0442\u043e \u043e\u043d \u043c\u044f\u0433\u0447\u0435 \u0430\u043b\u043c\u0430\u0437\u0430. \u041e\u043d \u043c\u044f\u0433\u043a\u0438\u0439 (\u043e\u043a\u043e\u043b\u043e 2,5 \u041c\u043e\u043e\u0441\u0430).<\/p>\n<p>\u00a0<\/p>\n<p>\u041f\u0440\u0435\u0438\u043c\u0443\u0449\u0435\u0441\u0442\u0432\u0430 \u0446\u0438\u0440\u043a\u043e\u043d\u0430<\/p>\n<p>\u042d\u0442\u043e\u0442 \u043a\u0430\u043c\u0435\u043d\u044c \u044f\u0432\u043b\u044f\u0435\u0442\u0441\u044f \u043e\u0434\u043d\u0438\u043c \u0438\u0437 \u0440\u0435\u0434\u043a\u0438\u0445 \u043a\u0430\u043c\u043d\u0435\u0439, \u043a\u043e\u0442\u043e\u0440\u044b\u0439 \u0434\u0435\u0439\u0441\u0442\u0432\u0438\u0442\u0435\u043b\u044c\u043d\u043e \u0446\u0435\u043d\u0435\u043d \u0438 \u0438\u043c\u0435\u0435\u0442 \u043c\u043d\u043e\u0436\u0435\u0441\u0442\u0432\u043e \u043f\u0440\u0435\u0438\u043c\u0443\u0449\u0435\u0441\u0442\u0432. \u0426\u0438\u0440\u043a\u043e\u043d \u043f\u043e\u043b\u0443\u0447\u0438\u043b \u0441\u0432\u043e\u0435 \u043d\u0430\u0437\u0432\u0430\u043d\u0438\u0435 \u043e\u0442 \u043f\u0435\u0440\u0441\u0438\u0434\u0441\u043a\u043e\u0433\u043e \u0441\u043b\u043e\u0432\u0430 \u00ab\u0417\u0430\u0440\u0433\u0443\u043d\u00bb, \u0447\u0442\u043e \u043e\u0437\u043d\u0430\u0447\u0430\u0435\u0442 \u0437\u043e\u043b\u043e\u0442\u043e\u0439 \u0446\u0432\u0435\u0442. \u041a\u0440\u0430\u0442\u043a\u043e \u0438 \u043e\u043f\u0438\u0441\u0430\u0442\u0435\u043b\u044c\u043d\u043e, \u043f\u043e\u043b\u044c\u0437\u0430 \u043a\u0430\u043c\u043d\u044f \u0426\u0438\u0440\u043a\u043e\u043d \u0434\u043b\u044f \u0447\u0435\u043b\u043e\u0432\u0435\u043a\u0430 \u0442\u0430\u043a\u043e\u0432\u0430:<\/p>\n<p>\u042d\u0442\u043e \u043c\u043e\u0436\u0435\u0442 \u0431\u044b\u0442\u044c \u043e\u0447\u0435\u043d\u044c \u043f\u043e\u043b\u0435\u0437\u043d\u043e \u0434\u043b\u044f \u043f\u0438\u0449\u0435\u0432\u0430\u0440\u0438\u0442\u0435\u043b\u044c\u043d\u043e\u0439 \u0441\u0438\u0441\u0442\u0435\u043c\u044b. (\u041f\u0440\u0438 \u0434\u0432\u0438\u0436\u0435\u043d\u0438\u0438 \u0442\u043e\u043b\u0441\u0442\u043e\u0439 \u0438 \u0442\u043e\u043d\u043a\u043e\u0439 \u043a\u0438\u0448\u043a\u0438)<\/p>\n<p>\u0420\u0430\u0441\u0441\u043b\u0430\u0431\u043b\u044f\u0435\u0442 \u0438 \u043e\u0431\u043b\u0435\u0433\u0447\u0430\u0435\u0442 \u0441\u043e\u043d,<\/p>\n<p>\u042d\u0442\u043e \u043c\u043e\u0436\u0435\u0442 \u0443\u0441\u043a\u043e\u0440\u0438\u0442\u044c \u0443\u043c\u0441\u0442\u0432\u0435\u043d\u043d\u0443\u044e \u0434\u0435\u044f\u0442\u0435\u043b\u044c\u043d\u043e\u0441\u0442\u044c,<\/p>\n<p>\u041e\u0431\u0435\u0441\u043f\u0435\u0447\u0438\u0432\u0430\u0435\u0442 \u0431\u0430\u043b\u0430\u043d\u0441 \u0432 \u044d\u043c\u043e\u0446\u0438\u043e\u043d\u0430\u043b\u044c\u043d\u043e\u0439 \u0441\u0444\u0435\u0440\u0435,<\/p>\n<p>\u041e\u0431\u0435\u0441\u043f\u0435\u0447\u0438\u0432\u0430\u0435\u0442 \u044d\u043d\u0435\u0440\u0433\u0435\u0442\u0438\u0447\u0435\u0441\u043a\u0438\u0439 \u0431\u0430\u043b\u0430\u043d\u0441 \u0447\u0435\u043b\u043e\u0432\u0435\u043a\u0430,<\/p>\n<p>\u042d\u0442\u043e \u043e\u0431\u0435\u0441\u043f\u0435\u0447\u0438\u0432\u0430\u0435\u0442 \u044d\u043b\u0435\u0433\u0430\u043d\u0442\u043d\u043e\u0441\u0442\u044c \u0438 \u0431\u043e\u043b\u0435\u0435 \u0431\u044b\u0441\u0442\u0440\u043e\u0435 \u0447\u0443\u0432\u0441\u0442\u0432\u043e \u043f\u0440\u0438\u0437\u043d\u0430\u043d\u0438\u044f \u0432 \u043e\u0431\u0449\u0435\u0441\u0442\u0432\u0435.<\/p>\n<p>\u042d\u0442\u043e \u043f\u043e\u043c\u043e\u0433\u0430\u0435\u0442 \u0447\u0435\u043b\u043e\u0432\u0435\u043a\u0443 \u0440\u0435\u0448\u0438\u0442\u044c \u0442\u0430\u043a\u0438\u0435 \u043f\u0440\u043e\u0431\u043b\u0435\u043c\u044b, \u043a\u0430\u043a \u0435\u0434\u0430 \u0438 \u043f\u0438\u0442\u044c\u0435 (\u0441\u0442\u0438\u043c\u0443\u043b\u0438\u0440\u0443\u0435\u0442 \u0430\u043f\u043f\u0435\u0442\u0438\u0442).<\/p>\n<\/div>\n<\/div>\n<\/div>\n<p>window.adminAccountId=222258222;<\/p>","protected":false},"excerpt":{"rendered":"<p>100% Yeni \u00dcr\u00fcn Renk: Alt\u0131n Renk Fig\u00fcr Boyutu: 19X 19\u00a0(mm.) T\u00fcr\u00fc: Zirkon Ta\u015fl\u0131 Bileklik Ma\u011fzeme: Prin\u00e7 \u00a0 Z\u0130RKON TA\u015eI \u00d6ZELL\u0130KLER\u0130 Sertli\u011fi: 7.5 \u00d6zg\u00fcl A\u011f\u0131rl\u0131\u011f\u0131: 3.9 \u2013 4.7 Kimyasal Form\u00fcl\u00fc: ZrSiO4 Rengi: Renksiz, Kahverengi, Ye\u015fil, K\u0131rm\u0131z\u0131, Sar\u0131, Mavi \u00c7\u0131kar\u0131ld\u0131\u011f\u0131 Ba\u015fl\u0131ca \u00dclkeler: Avustralya Yap\u0131sal \u00d6zellikleri Ger\u00e7ek rengi kahverengidir. Kullanmadan \u00f6nce genel olarak \u0131s\u0131t\u0131l\u0131r ve \u015feffaf bir hal [&#8230;]","protected":false},"featured_media":4744,"comment_status":"open","ping_status":"closed","template":"","meta":[],"product_brand":[],"product_cat":[42],"product_tag":[],"class_list":{"0":"post-4743","1":"product","2":"type-product","3":"status-publish","4":"has-post-thumbnail","6":"product_cat-bijuteri-bileklik","8":"first","9":"outofstock","10":"taxable","11":"shipping-taxable","12":"purchasable","13":"product-type-simple"},"_links":{"self":[{"href":"https:\/\/www.xladyaccessories.com\/ru\/wp-json\/wp\/v2\/product\/4743","targetHints":{"allow":["GET"]}}],"collection":[{"href":"https:\/\/www.xladyaccessories.com\/ru\/wp-json\/wp\/v2\/product"}],"about":[{"href":"https:\/\/www.xladyaccessories.com\/ru\/wp-json\/wp\/v2\/types\/product"}],"replies":[{"embeddable":true,"href":"https:\/\/www.xladyaccessories.com\/ru\/wp-json\/wp\/v2\/comments?post=4743"}],"wp:featuredmedia":[{"embeddable":true,"href":"https:\/\/www.xladyaccessories.com\/ru\/wp-json\/wp\/v2\/media\/4744"}],"wp:attachment":[{"href":"https:\/\/www.xladyaccessories.com\/ru\/wp-json\/wp\/v2\/media?parent=4743"}],"wp:term":[{"taxonomy":"product_brand","embeddable":true,"href":"https:\/\/www.xladyaccessories.com\/ru\/wp-json\/wp\/v2\/product_brand?post=4743"},{"taxonomy":"product_cat","embeddable":true,"href":"https:\/\/www.xladyaccessories.com\/ru\/wp-json\/wp\/v2\/product_cat?post=4743"},{"taxonomy":"product_tag","embeddable":true,"href":"https:\/\/www.xladyaccessories.com\/ru\/wp-json\/wp\/v2\/product_tag?post=4743"}],"curies":[{"name":"wp","href":"https:\/\/api.w.org\/{rel}","templated":true}]}}