{"id":3885,"date":"2021-05-26T16:49:02","date_gmt":"2021-05-26T13:49:02","guid":{"rendered":"https:\/\/www.xladyaccessories.com\/urun\/kadin-rose-renk-vintage-burgu-yuzuk\/"},"modified":"2026-04-04T19:10:11","modified_gmt":"2026-04-04T16:10:11","slug":"toptan-kadin-rose-renk-vintage-burgu-yuzuk","status":"publish","type":"product","link":"https:\/\/www.xladyaccessories.com\/ru\/product\/\u0436\u0435\u043d\u0441\u043a\u043e\u0435-\u0432\u0438\u043d\u0442\u0430\u0436\u043d\u043e\u0435-\u043a\u043e\u043b\u044c\u0446\u043e-\u0440\u043e\u0437\u043e\u0432\u043e\u0433\u043e-\u0446\u0432\/","title":{"rendered":"Toptan Kad\u0131n Rose Renk Vintage Burgu Y\u00fcz\u00fck"},"content":{"rendered":"<p>\u0421\u043f\u0435\u0446\u0438\u0430\u043b\u044c\u043d\u043e\u0435 \u043f\u043e\u043a\u0440\u044b\u0442\u0438\u0435 \u043f\u0440\u043e\u0442\u0438\u0432 \u0430\u043b\u043b\u0435\u0440\u0433\u0438\u0438, \u043e\u043a\u0438\u0441\u043b\u0435\u043d\u0438\u044f \u0438 \u043f\u043e\u0442\u0435\u043c\u043d\u0435\u043d\u0438\u044f. \u041f\u043e\u043a\u0430 \u043e\u043d \u0445\u0440\u0430\u043d\u0438\u0442\u0441\u044f \u0432\u0434\u0430\u043b\u0438 \u043e\u0442 \u0445\u0438\u043c\u0438\u043a\u0430\u0442\u043e\u0432, \u0442\u0430\u043a\u0438\u0445 \u043a\u0430\u043a \u043a\u0440\u0435\u043c, \u0432\u043e\u0434\u0430 \u0438 \u0434\u0443\u0445\u0438, \u0432\u0440\u0435\u043c\u044f \u0438\u0441\u043f\u043e\u043b\u044c\u0437\u043e\u0432\u0430\u043d\u0438\u044f \u043f\u0440\u043e\u0434\u0443\u043a\u0442\u0430 \u043f\u0440\u043e\u0434\u043b\u0435\u0432\u0430\u0435\u0442\u0441\u044f.<\/p>","protected":false},"excerpt":{"rendered":"<p>\u0421\u043f\u0435\u0446\u0438\u0430\u043b\u044c\u043d\u043e\u0435 \u043f\u043e\u043a\u0440\u044b\u0442\u0438\u0435 \u043f\u0440\u043e\u0442\u0438\u0432 \u0430\u043b\u043b\u0435\u0440\u0433\u0438\u0438, \u043e\u043a\u0438\u0441\u043b\u0435\u043d\u0438\u044f \u0438 \u043f\u043e\u0442\u0435\u043c\u043d\u0435\u043d\u0438\u044f. \u041f\u043e\u043a\u0430 \u043e\u043d \u0445\u0440\u0430\u043d\u0438\u0442\u0441\u044f \u0432\u0434\u0430\u043b\u0438 \u043e\u0442 \u0445\u0438\u043c\u0438\u043a\u0430\u0442\u043e\u0432, \u0442\u0430\u043a\u0438\u0445 \u043a\u0430\u043a \u043a\u0440\u0435\u043c, \u0432\u043e\u0434\u0430 \u0438 \u0434\u0443\u0445\u0438, \u0432\u0440\u0435\u043c\u044f \u0438\u0441\u043f\u043e\u043b\u044c\u0437\u043e\u0432\u0430\u043d\u0438\u044f \u043f\u0440\u043e\u0434\u0443\u043a\u0442\u0430 \u043f\u0440\u043e\u0434\u043b\u0435\u0432\u0430\u0435\u0442\u0441\u044f.<\/p>","protected":false},"featured_media":3886,"comment_status":"open","ping_status":"closed","template":"","meta":[],"product_brand":[],"product_cat":[36],"product_tag":[],"class_list":{"0":"post-3885","1":"product","2":"type-product","3":"status-publish","4":"has-post-thumbnail","6":"product_cat-bijuteri-yuzuk","8":"first","9":"outofstock","10":"taxable","11":"shipping-taxable","12":"purchasable","13":"product-type-simple"},"_links":{"self":[{"href":"https:\/\/www.xladyaccessories.com\/ru\/wp-json\/wp\/v2\/product\/3885","targetHints":{"allow":["GET"]}}],"collection":[{"href":"https:\/\/www.xladyaccessories.com\/ru\/wp-json\/wp\/v2\/product"}],"about":[{"href":"https:\/\/www.xladyaccessories.com\/ru\/wp-json\/wp\/v2\/types\/product"}],"replies":[{"embeddable":true,"href":"https:\/\/www.xladyaccessories.com\/ru\/wp-json\/wp\/v2\/comments?post=3885"}],"wp:featuredmedia":[{"embeddable":true,"href":"https:\/\/www.xladyaccessories.com\/ru\/wp-json\/wp\/v2\/media\/3886"}],"wp:attachment":[{"href":"https:\/\/www.xladyaccessories.com\/ru\/wp-json\/wp\/v2\/media?parent=3885"}],"wp:term":[{"taxonomy":"product_brand","embeddable":true,"href":"https:\/\/www.xladyaccessories.com\/ru\/wp-json\/wp\/v2\/product_brand?post=3885"},{"taxonomy":"product_cat","embeddable":true,"href":"https:\/\/www.xladyaccessories.com\/ru\/wp-json\/wp\/v2\/product_cat?post=3885"},{"taxonomy":"product_tag","embeddable":true,"href":"https:\/\/www.xladyaccessories.com\/ru\/wp-json\/wp\/v2\/product_tag?post=3885"}],"curies":[{"name":"wp","href":"https:\/\/api.w.org\/{rel}","templated":true}]}}