{"id":2830,"date":"2021-03-04T10:34:09","date_gmt":"2021-03-04T07:34:09","guid":{"rendered":"https:\/\/www.xladyaccessories.com\/urun\/kadi-mavi-boncuklu-nostalji-savin-zincir-bileklik-altin-sarisi\/"},"modified":"2026-04-09T19:08:38","modified_gmt":"2026-04-09T16:08:38","slug":"toptan-kadi-mavi-boncuklu-nostalji-savin-zincir-bileklik-altin-sarisi","status":"publish","type":"product","link":"https:\/\/www.xladyaccessories.com\/ru\/product\/\u043a\u0430\u0434\u0438-\u0441\u0438\u043d\u0438\u0439-\u0431\u0438\u0441\u0435\u0440-\u043d\u043e\u0441\u0442\u0430\u043b\u044c\u0433\u0438\u044f-\u0441\u0430\u0432\u0438\u043d-\u0431\u0440\u0430\/","title":{"rendered":"\u041e\u043f\u0442\u043e\u0432\u0430\u044f \u043f\u0440\u043e\u0434\u0430\u0436\u0430 Kadi Blue Beaded Nostalgia Shawin Chain Bracelet Gold Yellow"},"content":{"rendered":"<p>Mavi boncuklu ; 20cm ; 2mm geni\u015flik ; mavi boncuklu nostalji zincir bileklik kad\u0131n alt\u0131n sar\u0131s\u0131<\/p>","protected":false},"excerpt":{"rendered":"<p>\u0410\u043a\u0441\u0435\u0441\u0441\u0443\u0430\u0440\u044b \u0434\u043b\u044f X-Lady<\/p>","protected":false},"featured_media":2831,"comment_status":"open","ping_status":"closed","template":"","meta":[],"product_brand":[],"product_cat":[42],"product_tag":[],"class_list":{"0":"post-2830","1":"product","2":"type-product","3":"status-publish","4":"has-post-thumbnail","6":"product_cat-bijuteri-bileklik","8":"first","9":"outofstock","10":"taxable","11":"shipping-taxable","12":"purchasable","13":"product-type-simple"},"_links":{"self":[{"href":"https:\/\/www.xladyaccessories.com\/ru\/wp-json\/wp\/v2\/product\/2830","targetHints":{"allow":["GET"]}}],"collection":[{"href":"https:\/\/www.xladyaccessories.com\/ru\/wp-json\/wp\/v2\/product"}],"about":[{"href":"https:\/\/www.xladyaccessories.com\/ru\/wp-json\/wp\/v2\/types\/product"}],"replies":[{"embeddable":true,"href":"https:\/\/www.xladyaccessories.com\/ru\/wp-json\/wp\/v2\/comments?post=2830"}],"wp:featuredmedia":[{"embeddable":true,"href":"https:\/\/www.xladyaccessories.com\/ru\/wp-json\/wp\/v2\/media\/2831"}],"wp:attachment":[{"href":"https:\/\/www.xladyaccessories.com\/ru\/wp-json\/wp\/v2\/media?parent=2830"}],"wp:term":[{"taxonomy":"product_brand","embeddable":true,"href":"https:\/\/www.xladyaccessories.com\/ru\/wp-json\/wp\/v2\/product_brand?post=2830"},{"taxonomy":"product_cat","embeddable":true,"href":"https:\/\/www.xladyaccessories.com\/ru\/wp-json\/wp\/v2\/product_cat?post=2830"},{"taxonomy":"product_tag","embeddable":true,"href":"https:\/\/www.xladyaccessories.com\/ru\/wp-json\/wp\/v2\/product_tag?post=2830"}],"curies":[{"name":"wp","href":"https:\/\/api.w.org\/{rel}","templated":true}]}}