{"id":12847,"date":"2023-05-25T18:04:01","date_gmt":"2023-05-25T15:04:01","guid":{"rendered":"https:\/\/www.xladyaccessories.com\/urun\/gumus-renk-sira-tasli-kikirdak-kupe-2389\/"},"modified":"2026-04-19T09:17:24","modified_gmt":"2026-04-19T06:17:24","slug":"toptan-gumus-renk-sira-tasli-kikirdak-kupe-2389","status":"publish","type":"product","link":"https:\/\/www.xladyaccessories.com\/ru\/product\/\u0441\u0435\u0440\u0435\u0431\u0440\u044f\u043d\u0430\u044f-\u0441\u0435\u0440\u044c\u0433\u0430-\u0445\u0440\u044f\u0449-\u0441-\u043a\u0430\u043c\u043d\u044f\u043c\u0438-2389\/","title":{"rendered":"Toptan G\u00fcm\u00fc\u015f Renk S\u0131ra Ta\u015fl\u0131 K\u0131k\u0131rdak K\u00fcpe &#8211; 2389"},"content":{"rendered":"<div class=\"detailmodule_html\">\n<div class=\"detail-desc-decorate-richtext\">\n<ul>\n<li>\n<p>\u041d\u0430\u0448 \u043f\u0440\u043e\u0434\u0443\u043a\u0442 \u0430\u043d\u0442\u0438\u0430\u043b\u043b\u0435\u0440\u0433\u0435\u043d\u043d\u044b\u0439, \u043d\u0435 \u0442\u0435\u043c\u043d\u0435\u0435\u0442 \u0438 \u043d\u0435 \u043f\u043e\u0440\u0442\u0438\u0442\u0441\u044f, \u0435\u0433\u043e \u043c\u043e\u0436\u043d\u043e \u0441\u043c\u0435\u043b\u043e \u0438\u0441\u043f\u043e\u043b\u044c\u0437\u043e\u0432\u0430\u0442\u044c.\u00a0<\/p>\n<p>\u0421\u0442\u0438\u043b\u044c\u043d\u044b\u0435 \u043c\u043e\u0434\u0435\u043b\u0438 \u0441\u0435\u0440\u0435\u0436\u0435\u043a<\/p>\n<\/li>\n<li>\u0414\u043b\u044f \u0437\u0430\u0449\u0438\u0442\u044b \u043e\u0442 \u043f\u043e\u0442\u0443\u0441\u043a\u043d\u0435\u043d\u0438\u044f \u0438\u0441\u043f\u043e\u043b\u044c\u0437\u043e\u0432\u0430\u043d\u043e \u0441\u043f\u0435\u0446\u0438\u0430\u043b\u044c\u043d\u043e\u0435 \u043f\u043e\u043a\u0440\u044b\u0442\u0438\u0435.<\/li>\n<li>\u0421\u043b\u0435\u0434\u0443\u0435\u0442 \u0438\u0437\u0431\u0435\u0433\u0430\u0442\u044c \u043a\u043e\u043d\u0442\u0430\u043a\u0442\u0430 \u0441 \u0442\u0430\u043a\u0438\u043c\u0438 \u0432\u0435\u0449\u0435\u0441\u0442\u0432\u0430\u043c\u0438, \u043a\u0430\u043a \u043a\u0440\u0435\u043c, \u0434\u0443\u0445\u0438 \u0438 \u0430\u043b\u043a\u043e\u0433\u043e\u043b\u044c.<\/li>\n<\/ul>\n<p>\u00a0<\/p>\n<\/div>\n<\/div>","protected":false},"excerpt":{"rendered":"<p>\u0421\u0442\u0438\u043b\u044c\u043d\u044b\u0435 \u0441\u0435\u0440\u044c\u0433\u0438<\/p>","protected":false},"featured_media":12848,"comment_status":"open","ping_status":"closed","template":"","meta":[],"product_brand":[],"product_cat":[91],"product_tag":[],"class_list":{"0":"post-12847","1":"product","2":"type-product","3":"status-publish","4":"has-post-thumbnail","6":"product_cat-bijuteri_kupe","8":"first","9":"outofstock","10":"taxable","11":"shipping-taxable","12":"purchasable","13":"product-type-simple"},"_links":{"self":[{"href":"https:\/\/www.xladyaccessories.com\/ru\/wp-json\/wp\/v2\/product\/12847","targetHints":{"allow":["GET"]}}],"collection":[{"href":"https:\/\/www.xladyaccessories.com\/ru\/wp-json\/wp\/v2\/product"}],"about":[{"href":"https:\/\/www.xladyaccessories.com\/ru\/wp-json\/wp\/v2\/types\/product"}],"replies":[{"embeddable":true,"href":"https:\/\/www.xladyaccessories.com\/ru\/wp-json\/wp\/v2\/comments?post=12847"}],"wp:featuredmedia":[{"embeddable":true,"href":"https:\/\/www.xladyaccessories.com\/ru\/wp-json\/wp\/v2\/media\/12848"}],"wp:attachment":[{"href":"https:\/\/www.xladyaccessories.com\/ru\/wp-json\/wp\/v2\/media?parent=12847"}],"wp:term":[{"taxonomy":"product_brand","embeddable":true,"href":"https:\/\/www.xladyaccessories.com\/ru\/wp-json\/wp\/v2\/product_brand?post=12847"},{"taxonomy":"product_cat","embeddable":true,"href":"https:\/\/www.xladyaccessories.com\/ru\/wp-json\/wp\/v2\/product_cat?post=12847"},{"taxonomy":"product_tag","embeddable":true,"href":"https:\/\/www.xladyaccessories.com\/ru\/wp-json\/wp\/v2\/product_tag?post=12847"}],"curies":[{"name":"wp","href":"https:\/\/api.w.org\/{rel}","templated":true}]}}