{"id":12308,"date":"2023-04-04T17:46:09","date_gmt":"2023-04-04T14:46:09","guid":{"rendered":"https:\/\/www.xladyaccessories.com\/urun\/altin-renk-kirmizi-ip-denge-ying-yang-arkadas-sans-bilekligi-2289\/"},"modified":"2025-08-21T09:31:49","modified_gmt":"2025-08-21T06:31:49","slug":"toptan-altin-renk-kirmizi-ip-denge-ying-yang-arkadas-sans-bilekligi-2289","status":"publish","type":"product","link":"https:\/\/www.xladyaccessories.com\/ru\/product\/\u0431\u0440\u0430\u0441\u043b\u0435\u0442-\u0437\u043e\u043b\u043e\u0442\u043e\u0433\u043e-\u0446\u0432\u0435\u0442\u0430-\u043a\u0440\u0430\u0441\u043d\u0430\u044f-\u0432\u0435\u0440\u0435\u0432\/","title":{"rendered":"Toptan Alt\u0131n Renk K\u0131rm\u0131z\u0131 \u0130p Denge Ying Yang Arkada\u015f \u015eans Bilekli\u011fi &#8211; 2289"},"content":{"rendered":"<div class=\"detailmodule_html\">\n<div class=\"detail-desc-decorate-richtext\">\n<div>\n<ul>\n<li>\u0420\u0435\u0433\u0443\u043b\u0438\u0440\u0443\u0435\u043c\u044b\u0439.<\/li>\n<li>\n<p>\u041d\u0430\u0448 \u043f\u0440\u043e\u0434\u0443\u043a\u0442 \u0430\u043d\u0442\u0438\u0430\u043b\u043b\u0435\u0440\u0433\u0435\u043d\u043d\u044b\u0439, \u043d\u0435 \u0442\u0435\u043c\u043d\u0435\u0435\u0442 \u0438 \u043d\u0435 \u043f\u043e\u0440\u0442\u0438\u0442\u0441\u044f, \u0435\u0433\u043e \u043c\u043e\u0436\u043d\u043e \u0441\u043c\u0435\u043b\u043e \u0438\u0441\u043f\u043e\u043b\u044c\u0437\u043e\u0432\u0430\u0442\u044c.\u00a0<\/p>\n<p>\u0421\u0442\u0438\u043b\u044c\u043d\u044b\u0435 \u043c\u043e\u0434\u0435\u043b\u0438 \u0441\u0435\u0440\u0435\u0436\u0435\u043a<\/p>\n<\/li>\n<li>\u0414\u043b\u044f \u0437\u0430\u0449\u0438\u0442\u044b \u043e\u0442 \u043f\u043e\u0442\u0443\u0441\u043a\u043d\u0435\u043d\u0438\u044f \u0438\u0441\u043f\u043e\u043b\u044c\u0437\u043e\u0432\u0430\u043d\u043e \u0441\u043f\u0435\u0446\u0438\u0430\u043b\u044c\u043d\u043e\u0435 \u043f\u043e\u043a\u0440\u044b\u0442\u0438\u0435.<\/li>\n<li>\u0421\u043b\u0435\u0434\u0443\u0435\u0442 \u0438\u0437\u0431\u0435\u0433\u0430\u0442\u044c \u043a\u043e\u043d\u0442\u0430\u043a\u0442\u0430 \u0441 \u0442\u0430\u043a\u0438\u043c\u0438 \u0432\u0435\u0449\u0435\u0441\u0442\u0432\u0430\u043c\u0438, \u043a\u0430\u043a \u043a\u0440\u0435\u043c, \u0434\u0443\u0445\u0438 \u0438 \u0430\u043b\u043a\u043e\u0433\u043e\u043b\u044c.<\/li>\n<\/ul>\n<p>\u00a0<\/p>\n<\/div>\n<\/div>\n<\/div>","protected":false},"excerpt":{"rendered":"<p>\u0421\u0442\u0438\u043b\u044c\u043d\u044b\u0435 \u0431\u0440\u0430\u0441\u043b\u0435\u0442\u044b<\/p>","protected":false},"featured_media":12309,"comment_status":"open","ping_status":"closed","template":"","meta":[],"product_brand":[],"product_cat":[42],"product_tag":[],"class_list":{"0":"post-12308","1":"product","2":"type-product","3":"status-publish","4":"has-post-thumbnail","6":"product_cat-bijuteri-bileklik","8":"first","9":"outofstock","10":"taxable","11":"shipping-taxable","12":"purchasable","13":"product-type-simple"},"_links":{"self":[{"href":"https:\/\/www.xladyaccessories.com\/ru\/wp-json\/wp\/v2\/product\/12308","targetHints":{"allow":["GET"]}}],"collection":[{"href":"https:\/\/www.xladyaccessories.com\/ru\/wp-json\/wp\/v2\/product"}],"about":[{"href":"https:\/\/www.xladyaccessories.com\/ru\/wp-json\/wp\/v2\/types\/product"}],"replies":[{"embeddable":true,"href":"https:\/\/www.xladyaccessories.com\/ru\/wp-json\/wp\/v2\/comments?post=12308"}],"wp:featuredmedia":[{"embeddable":true,"href":"https:\/\/www.xladyaccessories.com\/ru\/wp-json\/wp\/v2\/media\/12309"}],"wp:attachment":[{"href":"https:\/\/www.xladyaccessories.com\/ru\/wp-json\/wp\/v2\/media?parent=12308"}],"wp:term":[{"taxonomy":"product_brand","embeddable":true,"href":"https:\/\/www.xladyaccessories.com\/ru\/wp-json\/wp\/v2\/product_brand?post=12308"},{"taxonomy":"product_cat","embeddable":true,"href":"https:\/\/www.xladyaccessories.com\/ru\/wp-json\/wp\/v2\/product_cat?post=12308"},{"taxonomy":"product_tag","embeddable":true,"href":"https:\/\/www.xladyaccessories.com\/ru\/wp-json\/wp\/v2\/product_tag?post=12308"}],"curies":[{"name":"wp","href":"https:\/\/api.w.org\/{rel}","templated":true}]}}