{"id":10099,"date":"2022-09-17T18:26:56","date_gmt":"2022-09-17T15:26:56","guid":{"rendered":"https:\/\/www.xladyaccessories.com\/urun\/altin-renk-kirmizi-ip-istiridye-arkadas-bilekligi-1872\/"},"modified":"2026-04-09T19:15:56","modified_gmt":"2026-04-09T16:15:56","slug":"toptan-altin-renk-kirmizi-ip-istiridye-arkadas-bilekligi-1872","status":"publish","type":"product","link":"https:\/\/www.xladyaccessories.com\/ru\/product\/\u0431\u0440\u0430\u0441\u043b\u0435\u0442-\u0434\u0440\u0443\u0437\u044c\u044f-\u0438\u0437-\u0443\u0441\u0442\u0440\u0438\u0446-\u0441-\u043a\u0440\u0430\u0441\u043d\u043e\u0439-\u043d\/","title":{"rendered":"Toptan Alt\u0131n Renk K\u0131rm\u0131z\u0131 \u0130p  \u0130stiridye Arkada\u015f  Bilekli\u011fi &#8211; 1872"},"content":{"rendered":"<div class=\"detailmodule_html\">\n<div class=\"detail-desc-decorate-richtext\">\n<div>\n<ul>\n<li>\u0420\u0435\u0433\u0443\u043b\u0438\u0440\u0443\u0435\u043c\u044b\u0439. \u0420\u0435\u043a\u043e\u043c\u0435\u043d\u0434\u0443\u0435\u0442\u0441\u044f \u0438\u0437\u0431\u0435\u0433\u0430\u0442\u044c \u0438\u0441\u043f\u043e\u043b\u044c\u0437\u043e\u0432\u0430\u043d\u0438\u044f \u0445\u0438\u043c\u0438\u043a\u0430\u0442\u043e\u0432.<\/li>\n<\/ul>\n<p>\u00a0<\/p>\n<\/div>\n<\/div>\n<\/div>","protected":false},"excerpt":{"rendered":"<p>\u0421\u0442\u0438\u043b\u044c\u043d\u044b\u0435 \u0431\u0440\u0430\u0441\u043b\u0435\u0442\u044b<\/p>","protected":false},"featured_media":10100,"comment_status":"open","ping_status":"closed","template":"","meta":[],"product_brand":[],"product_cat":[42],"product_tag":[],"class_list":{"0":"post-10099","1":"product","2":"type-product","3":"status-publish","4":"has-post-thumbnail","6":"product_cat-bijuteri-bileklik","8":"first","9":"outofstock","10":"taxable","11":"shipping-taxable","12":"purchasable","13":"product-type-simple"},"_links":{"self":[{"href":"https:\/\/www.xladyaccessories.com\/ru\/wp-json\/wp\/v2\/product\/10099","targetHints":{"allow":["GET"]}}],"collection":[{"href":"https:\/\/www.xladyaccessories.com\/ru\/wp-json\/wp\/v2\/product"}],"about":[{"href":"https:\/\/www.xladyaccessories.com\/ru\/wp-json\/wp\/v2\/types\/product"}],"replies":[{"embeddable":true,"href":"https:\/\/www.xladyaccessories.com\/ru\/wp-json\/wp\/v2\/comments?post=10099"}],"wp:featuredmedia":[{"embeddable":true,"href":"https:\/\/www.xladyaccessories.com\/ru\/wp-json\/wp\/v2\/media\/10100"}],"wp:attachment":[{"href":"https:\/\/www.xladyaccessories.com\/ru\/wp-json\/wp\/v2\/media?parent=10099"}],"wp:term":[{"taxonomy":"product_brand","embeddable":true,"href":"https:\/\/www.xladyaccessories.com\/ru\/wp-json\/wp\/v2\/product_brand?post=10099"},{"taxonomy":"product_cat","embeddable":true,"href":"https:\/\/www.xladyaccessories.com\/ru\/wp-json\/wp\/v2\/product_cat?post=10099"},{"taxonomy":"product_tag","embeddable":true,"href":"https:\/\/www.xladyaccessories.com\/ru\/wp-json\/wp\/v2\/product_tag?post=10099"}],"curies":[{"name":"wp","href":"https:\/\/api.w.org\/{rel}","templated":true}]}}