{"id":9286,"date":"2022-08-02T18:57:43","date_gmt":"2022-08-02T15:57:43","guid":{"rendered":"https:\/\/www.xladyaccessories.com\/urun\/gumus-renk-cicek-model-bros-1731\/"},"modified":"2026-04-14T19:14:39","modified_gmt":"2026-04-14T16:14:39","slug":"toptan-gumus-renk-cicek-model-bros-1731","status":"publish","type":"product","link":"https:\/\/www.xladyaccessories.com\/fr\/produit\/modele-de-fleur-couleur-argent-bros-1731\/","title":{"rendered":"Broche fleur argent\u00e9e en gros \u2013 1731"},"content":{"rendered":"<p>Mod\u00e8les de broches \u00e9l\u00e9gants<\/p>\n<p>Peut \u00eatre utilis\u00e9 comme \u00e9pinglette ou \u00e9pingle \u00e0 foulard.<\/p>\n<p>Vous pouvez ajouter de l&#039;\u00e9l\u00e9gance \u00e0 vos foulards, ch\u00e2les et v\u00eatements avec des broches.<\/p>\n<p>La broche r\u00e9v\u00e8le votre c\u00f4t\u00e9 cr\u00e9atif. Il change le look de vos v\u00eatements et ajoute de l&#039;\u00e9l\u00e9gance \u00e0 votre style. Il est possible d&#039;atteindre l&#039;\u00e9l\u00e9gance sans avoir besoin d&#039;aucun autre accessoire avec la broche, utilis\u00e9e par les femmes qui souhaitent mettre en valeur leur style unique.<\/p>\n<p>Vous pouvez combiner les broches avec votre propre style et les utiliser non seulement sur des cols et des vestes, mais aussi dans vos v\u00eatements quotidiens ; Vous pouvez obtenir un style diff\u00e9rent en combinant des robes, des manteaux, des t-shirts, des gilets, des chemises, des tuniques, des bandeaux, des chapeaux, des \u00e9charpes, des ch\u00e2les et des sacs.<\/p>","protected":false},"excerpt":{"rendered":"<p>Mod\u00e8les de broches \u00e9l\u00e9gants<\/p>","protected":false},"featured_media":9287,"comment_status":"open","ping_status":"closed","template":"","meta":[],"product_brand":[],"product_cat":[25],"product_tag":[],"class_list":{"0":"post-9286","1":"product","2":"type-product","3":"status-publish","4":"has-post-thumbnail","6":"product_cat-bijuteri-bros","8":"first","9":"outofstock","10":"taxable","11":"shipping-taxable","12":"purchasable","13":"product-type-simple"},"_links":{"self":[{"href":"https:\/\/www.xladyaccessories.com\/fr\/wp-json\/wp\/v2\/product\/9286","targetHints":{"allow":["GET"]}}],"collection":[{"href":"https:\/\/www.xladyaccessories.com\/fr\/wp-json\/wp\/v2\/product"}],"about":[{"href":"https:\/\/www.xladyaccessories.com\/fr\/wp-json\/wp\/v2\/types\/product"}],"replies":[{"embeddable":true,"href":"https:\/\/www.xladyaccessories.com\/fr\/wp-json\/wp\/v2\/comments?post=9286"}],"wp:featuredmedia":[{"embeddable":true,"href":"https:\/\/www.xladyaccessories.com\/fr\/wp-json\/wp\/v2\/media\/9287"}],"wp:attachment":[{"href":"https:\/\/www.xladyaccessories.com\/fr\/wp-json\/wp\/v2\/media?parent=9286"}],"wp:term":[{"taxonomy":"product_brand","embeddable":true,"href":"https:\/\/www.xladyaccessories.com\/fr\/wp-json\/wp\/v2\/product_brand?post=9286"},{"taxonomy":"product_cat","embeddable":true,"href":"https:\/\/www.xladyaccessories.com\/fr\/wp-json\/wp\/v2\/product_cat?post=9286"},{"taxonomy":"product_tag","embeddable":true,"href":"https:\/\/www.xladyaccessories.com\/fr\/wp-json\/wp\/v2\/product_tag?post=9286"}],"curies":[{"name":"wp","href":"https:\/\/api.w.org\/{rel}","templated":true}]}}