{"id":9198,"date":"2022-07-25T19:13:06","date_gmt":"2022-07-25T16:13:06","guid":{"rendered":"https:\/\/www.xladyaccessories.com\/urun\/altin-renk-italyan-zincir-unisex-model-celik-bileklik-1670\/"},"modified":"2026-04-16T19:14:28","modified_gmt":"2026-04-16T16:14:28","slug":"toptan-altin-renk-italyan-zincir-unisex-model-celik-bileklik-1670","status":"publish","type":"product","link":"https:\/\/www.xladyaccessories.com\/fr\/produit\/bracelet-en-acier-modele-unisexe-chaine-italienne-couleur-or-1670\/","title":{"rendered":"Grossiste Cha\u00eene italienne couleur or Mod\u00e8le unisexe Bracelet en acier - 1670"},"content":{"rendered":"<p>Il ne noircit pas, ne se d\u00e9colore pas et est \u00e9galement anti-allergique.<br \/>\nIl est fabriqu\u00e9 \u00e0 partir de la classe d&#039;acier la plus \u00e9lev\u00e9e.<br \/>\nC&#039;est pourquoi il est antiallergique et couleur garantie.<br \/>\nLe mat\u00e9riau du produit est l&#039;acier et la pierre de zircon.<\/p>\n<p>\nLes mod\u00e8les de toute notre collection Covering se d\u00e9marquent par leurs prix abordables et leur durabilit\u00e9.\u00a0<br \/>\n-Ne ternit pas<\/p>\n<p>-inoxydable<\/p>\n<p>-adapt\u00e9 \u00e0 un usage quotidien<\/p>\n<p>-adapt\u00e9 \u00e0 une utilisation \u00e0 long terme<\/p>\n<p>-Imperm\u00e9able\u00a0<br \/>\n\u00a0<\/p>\n<p><strong>Sp\u00e9cifications techniques du produit\u00a0:<\/strong><\/p>\n<ul>\n<li>Le mat\u00e9riau est de l&#039;acier\u00a0<\/li>\n<li>Il convient \u00e9galement aux peaux sensibles car il a pass\u00e9 avec succ\u00e8s le test d&#039;allergie.<\/li>\n<li>Le mat\u00e9riau du produit \u00e9tant l&#039;acier, vous pouvez l&#039;utiliser sous la douche, en mer, dans la lessive, la vaisselle et dans des endroits similaires en toute tranquillit\u00e9. Il ne ternira pas et ne rouillera pas.<\/li>\n<\/ul>\n<p>\u00a0<\/p>","protected":false},"excerpt":{"rendered":"<p>Mod\u00e8les de bracelets en acier \u00e9l\u00e9gants<\/p>","protected":false},"featured_media":9199,"comment_status":"open","ping_status":"closed","template":"","meta":[],"product_brand":[],"product_cat":[83],"product_tag":[],"class_list":{"0":"post-9198","1":"product","2":"type-product","3":"status-publish","4":"has-post-thumbnail","6":"product_cat-celik-bileklik","8":"first","9":"outofstock","10":"taxable","11":"shipping-taxable","12":"purchasable","13":"product-type-simple"},"_links":{"self":[{"href":"https:\/\/www.xladyaccessories.com\/fr\/wp-json\/wp\/v2\/product\/9198","targetHints":{"allow":["GET"]}}],"collection":[{"href":"https:\/\/www.xladyaccessories.com\/fr\/wp-json\/wp\/v2\/product"}],"about":[{"href":"https:\/\/www.xladyaccessories.com\/fr\/wp-json\/wp\/v2\/types\/product"}],"replies":[{"embeddable":true,"href":"https:\/\/www.xladyaccessories.com\/fr\/wp-json\/wp\/v2\/comments?post=9198"}],"wp:featuredmedia":[{"embeddable":true,"href":"https:\/\/www.xladyaccessories.com\/fr\/wp-json\/wp\/v2\/media\/9199"}],"wp:attachment":[{"href":"https:\/\/www.xladyaccessories.com\/fr\/wp-json\/wp\/v2\/media?parent=9198"}],"wp:term":[{"taxonomy":"product_brand","embeddable":true,"href":"https:\/\/www.xladyaccessories.com\/fr\/wp-json\/wp\/v2\/product_brand?post=9198"},{"taxonomy":"product_cat","embeddable":true,"href":"https:\/\/www.xladyaccessories.com\/fr\/wp-json\/wp\/v2\/product_cat?post=9198"},{"taxonomy":"product_tag","embeddable":true,"href":"https:\/\/www.xladyaccessories.com\/fr\/wp-json\/wp\/v2\/product_tag?post=9198"}],"curies":[{"name":"wp","href":"https:\/\/api.w.org\/{rel}","templated":true}]}}