{"id":8116,"date":"2022-06-22T18:44:05","date_gmt":"2022-06-22T15:44:05","guid":{"rendered":"https:\/\/www.xladyaccessories.com\/urun\/gumus-renk-mengec-sallantili-zirkon-kupe-1350\/"},"modified":"2024-06-27T09:20:38","modified_gmt":"2024-06-27T06:20:38","slug":"toptan-gumus-renk-mengec-sallantili-zirkon-kupe-1350","status":"publish","type":"product","link":"https:\/\/www.xladyaccessories.com\/fr\/produit\/boucle-doreille-pendentif-etau-couleur-argent-zircon-1350\/","title":{"rendered":"Toptan G\u00fcm\u00fc\u015f Renk Menge\u00e7 Sallant\u0131l\u0131 Zirkon K\u00fcpe &#8211; 1350"},"content":{"rendered":"<p>C&#039;est un rev\u00eatement ZIRCON. IL NE FONCE PAS. Pour une utilisation durable, les produits doivent \u00eatre lav\u00e9s avec de l&#039;eau, du parfum, du savon, etc. \u00c9vitez tout contact avec des substances. Lorsqu&#039;il n&#039;est pas utilis\u00e9, conservez-le herm\u00e9tiquement sans contact avec d&#039;autres mat\u00e9riaux.<\/p>","protected":false},"excerpt":{"rendered":"<p>Boucles d&#039;oreilles \u00e9l\u00e9gantes en zircon<\/p>","protected":false},"featured_media":8118,"comment_status":"open","ping_status":"closed","template":"","meta":[],"product_brand":[],"product_cat":[104],"product_tag":[],"class_list":{"0":"post-8116","1":"product","2":"type-product","3":"status-publish","4":"has-post-thumbnail","6":"product_cat-zirkon-kupe","8":"first","9":"outofstock","10":"taxable","11":"shipping-taxable","12":"purchasable","13":"product-type-simple"},"_links":{"self":[{"href":"https:\/\/www.xladyaccessories.com\/fr\/wp-json\/wp\/v2\/product\/8116","targetHints":{"allow":["GET"]}}],"collection":[{"href":"https:\/\/www.xladyaccessories.com\/fr\/wp-json\/wp\/v2\/product"}],"about":[{"href":"https:\/\/www.xladyaccessories.com\/fr\/wp-json\/wp\/v2\/types\/product"}],"replies":[{"embeddable":true,"href":"https:\/\/www.xladyaccessories.com\/fr\/wp-json\/wp\/v2\/comments?post=8116"}],"wp:featuredmedia":[{"embeddable":true,"href":"https:\/\/www.xladyaccessories.com\/fr\/wp-json\/wp\/v2\/media\/8118"}],"wp:attachment":[{"href":"https:\/\/www.xladyaccessories.com\/fr\/wp-json\/wp\/v2\/media?parent=8116"}],"wp:term":[{"taxonomy":"product_brand","embeddable":true,"href":"https:\/\/www.xladyaccessories.com\/fr\/wp-json\/wp\/v2\/product_brand?post=8116"},{"taxonomy":"product_cat","embeddable":true,"href":"https:\/\/www.xladyaccessories.com\/fr\/wp-json\/wp\/v2\/product_cat?post=8116"},{"taxonomy":"product_tag","embeddable":true,"href":"https:\/\/www.xladyaccessories.com\/fr\/wp-json\/wp\/v2\/product_tag?post=8116"}],"curies":[{"name":"wp","href":"https:\/\/api.w.org\/{rel}","templated":true}]}}