{"id":7720,"date":"2022-06-13T08:43:06","date_gmt":"2022-06-13T05:43:06","guid":{"rendered":"https:\/\/www.xladyaccessories.com\/urun\/gumus-renk-civi-zirkon-kupe-1261\/"},"modified":"2024-06-27T09:19:44","modified_gmt":"2024-06-27T06:19:44","slug":"toptan-gumus-renk-civi-zirkon-kupe-1261","status":"publish","type":"product","link":"https:\/\/www.xladyaccessories.com\/fr\/produit\/boucle-doreille-en-zircon-couleur-argent-1261\/","title":{"rendered":"Toptan G\u00fcm\u00fc\u015f Renk \u00c7ivi Zirkon K\u00fcpe &#8211; 1261"},"content":{"rendered":"<p>C&#039;est un rev\u00eatement ZIRCON. IL NE FONCE PAS. Pour une utilisation durable, les produits doivent \u00eatre lav\u00e9s avec de l&#039;eau, du parfum, du savon, etc. \u00c9vitez tout contact avec des substances. Lorsqu&#039;il n&#039;est pas utilis\u00e9, conservez-le herm\u00e9tiquement sans contact avec d&#039;autres mat\u00e9riaux.<\/p>\n<p>Le droit de retour ne peut pas \u00eatre utilis\u00e9 pour les boucles d&#039;oreilles en vente au d\u00e9tail.<\/p>","protected":false},"excerpt":{"rendered":"<p>Boucles d&#039;oreilles \u00e9l\u00e9gantes en zircon<\/p>","protected":false},"featured_media":7721,"comment_status":"open","ping_status":"closed","template":"","meta":[],"product_brand":[],"product_cat":[104],"product_tag":[],"class_list":{"0":"post-7720","1":"product","2":"type-product","3":"status-publish","4":"has-post-thumbnail","6":"product_cat-zirkon-kupe","8":"first","9":"outofstock","10":"taxable","11":"shipping-taxable","12":"purchasable","13":"product-type-simple"},"_links":{"self":[{"href":"https:\/\/www.xladyaccessories.com\/fr\/wp-json\/wp\/v2\/product\/7720","targetHints":{"allow":["GET"]}}],"collection":[{"href":"https:\/\/www.xladyaccessories.com\/fr\/wp-json\/wp\/v2\/product"}],"about":[{"href":"https:\/\/www.xladyaccessories.com\/fr\/wp-json\/wp\/v2\/types\/product"}],"replies":[{"embeddable":true,"href":"https:\/\/www.xladyaccessories.com\/fr\/wp-json\/wp\/v2\/comments?post=7720"}],"wp:featuredmedia":[{"embeddable":true,"href":"https:\/\/www.xladyaccessories.com\/fr\/wp-json\/wp\/v2\/media\/7721"}],"wp:attachment":[{"href":"https:\/\/www.xladyaccessories.com\/fr\/wp-json\/wp\/v2\/media?parent=7720"}],"wp:term":[{"taxonomy":"product_brand","embeddable":true,"href":"https:\/\/www.xladyaccessories.com\/fr\/wp-json\/wp\/v2\/product_brand?post=7720"},{"taxonomy":"product_cat","embeddable":true,"href":"https:\/\/www.xladyaccessories.com\/fr\/wp-json\/wp\/v2\/product_cat?post=7720"},{"taxonomy":"product_tag","embeddable":true,"href":"https:\/\/www.xladyaccessories.com\/fr\/wp-json\/wp\/v2\/product_tag?post=7720"}],"curies":[{"name":"wp","href":"https:\/\/api.w.org\/{rel}","templated":true}]}}