{"id":7583,"date":"2022-06-09T14:25:03","date_gmt":"2022-06-09T11:25:03","guid":{"rendered":"https:\/\/www.xladyaccessories.com\/urun\/kombin-kadin-altin-kaplama-kombin-duz-model-kartier-kilcik-cift-zincir-bileklik-1238\/"},"modified":"2026-04-23T23:22:17","modified_gmt":"2026-04-23T20:22:17","slug":"toptan-kombin-kadin-altin-kaplama-kombin-duz-model-kartier-kilcik-cift-zincir-bileklik-1238","status":"publish","type":"product","link":"https:\/\/www.xladyaccessories.com\/fr\/produit\/combinaison-femme-plaque-or-combinaison-uni-modele-kartier-bracelet-double-chaine-arete-de-poisson-1238\/","title":{"rendered":"Bracelet \u00e0 double cha\u00eene en ar\u00eate de poisson plaqu\u00e9 or pour femme, mod\u00e8le Cartier, vente en gros - 1238"},"content":{"rendered":"<p>Bracelet combin\u00e9<\/p>\n<p>La dur\u00e9e d&#039;utilisation de l&#039;accessoire sera prolong\u00e9e \u00e0 condition qu&#039;il soit tenu \u00e0 l&#039;\u00e9cart du parfum, du savon, de l&#039;alcool et des produits chimiques similaires.<\/p>\n<p>Un rev\u00eatement protecteur sp\u00e9cial a \u00e9t\u00e9 appliqu\u00e9 sur le produit contre les allergies, l&#039;oxydation et le noircissement.<\/p>\n<p>Il est recommand\u00e9 de l&#039;utiliser \u00e0 l&#039;\u00e9cart du parfum, de l&#039;eau, des d\u00e9tergents et des produits chimiques liquides.<\/p>\n<p>\u00a0<\/p>","protected":false},"excerpt":{"rendered":"<p>Bracelets \u00e9l\u00e9gants<\/p>","protected":false},"featured_media":7584,"comment_status":"open","ping_status":"closed","template":"","meta":[],"product_brand":[],"product_cat":[42],"product_tag":[],"class_list":{"0":"post-7583","1":"product","2":"type-product","3":"status-publish","4":"has-post-thumbnail","6":"product_cat-bijuteri-bileklik","8":"first","9":"instock","10":"taxable","11":"shipping-taxable","12":"purchasable","13":"product-type-simple"},"_links":{"self":[{"href":"https:\/\/www.xladyaccessories.com\/fr\/wp-json\/wp\/v2\/product\/7583","targetHints":{"allow":["GET"]}}],"collection":[{"href":"https:\/\/www.xladyaccessories.com\/fr\/wp-json\/wp\/v2\/product"}],"about":[{"href":"https:\/\/www.xladyaccessories.com\/fr\/wp-json\/wp\/v2\/types\/product"}],"replies":[{"embeddable":true,"href":"https:\/\/www.xladyaccessories.com\/fr\/wp-json\/wp\/v2\/comments?post=7583"}],"wp:featuredmedia":[{"embeddable":true,"href":"https:\/\/www.xladyaccessories.com\/fr\/wp-json\/wp\/v2\/media\/7584"}],"wp:attachment":[{"href":"https:\/\/www.xladyaccessories.com\/fr\/wp-json\/wp\/v2\/media?parent=7583"}],"wp:term":[{"taxonomy":"product_brand","embeddable":true,"href":"https:\/\/www.xladyaccessories.com\/fr\/wp-json\/wp\/v2\/product_brand?post=7583"},{"taxonomy":"product_cat","embeddable":true,"href":"https:\/\/www.xladyaccessories.com\/fr\/wp-json\/wp\/v2\/product_cat?post=7583"},{"taxonomy":"product_tag","embeddable":true,"href":"https:\/\/www.xladyaccessories.com\/fr\/wp-json\/wp\/v2\/product_tag?post=7583"}],"curies":[{"name":"wp","href":"https:\/\/api.w.org\/{rel}","templated":true}]}}