{"id":6394,"date":"2022-04-02T17:29:31","date_gmt":"2022-04-02T14:29:31","guid":{"rendered":"https:\/\/www.xladyaccessories.com\/urun\/rose-renk-spotfy-baskisiz-bileklik-kelepce-1069\/"},"modified":"2025-10-01T09:25:30","modified_gmt":"2025-10-01T06:25:30","slug":"toptan-rose-renk-spotfy-baskisiz-bileklik-kelepce-1069","status":"publish","type":"product","link":"https:\/\/www.xladyaccessories.com\/fr\/produit\/pince-a-bracelet-spotfy-de-couleur-rose-non-imprimee-1069\/","title":{"rendered":"Bracelet manchette rose non imprim\u00e9 \u00e0 pois, vente en gros - 1069"},"content":{"rendered":"<p>\u00a0<\/p>\n<p>Le mat\u00e9riau du produit est du m\u00e9tal. Le produit n&#039;est pas imprim\u00e9. Vous pouvez y \u00e9crire votre nom et votre logo. Un nom peut \u00eatre inscrit sur le produit.<\/p>\n<p>Il est recommand\u00e9 de l&#039;utiliser \u00e0 l&#039;\u00e9cart du parfum, de l&#039;eau, des d\u00e9tergents et des produits chimiques liquides.<br \/>\nTous les produits de cette collection poss\u00e8dent des caract\u00e9ristiques sans nickel.<\/p>","protected":false},"excerpt":{"rendered":"<p>Bracelets \u00e9l\u00e9gants<\/p>","protected":false},"featured_media":6395,"comment_status":"open","ping_status":"closed","template":"","meta":[],"product_brand":[],"product_cat":[42],"product_tag":[],"class_list":{"0":"post-6394","1":"product","2":"type-product","3":"status-publish","4":"has-post-thumbnail","6":"product_cat-bijuteri-bileklik","8":"first","9":"outofstock","10":"taxable","11":"shipping-taxable","12":"purchasable","13":"product-type-simple"},"_links":{"self":[{"href":"https:\/\/www.xladyaccessories.com\/fr\/wp-json\/wp\/v2\/product\/6394","targetHints":{"allow":["GET"]}}],"collection":[{"href":"https:\/\/www.xladyaccessories.com\/fr\/wp-json\/wp\/v2\/product"}],"about":[{"href":"https:\/\/www.xladyaccessories.com\/fr\/wp-json\/wp\/v2\/types\/product"}],"replies":[{"embeddable":true,"href":"https:\/\/www.xladyaccessories.com\/fr\/wp-json\/wp\/v2\/comments?post=6394"}],"wp:featuredmedia":[{"embeddable":true,"href":"https:\/\/www.xladyaccessories.com\/fr\/wp-json\/wp\/v2\/media\/6395"}],"wp:attachment":[{"href":"https:\/\/www.xladyaccessories.com\/fr\/wp-json\/wp\/v2\/media?parent=6394"}],"wp:term":[{"taxonomy":"product_brand","embeddable":true,"href":"https:\/\/www.xladyaccessories.com\/fr\/wp-json\/wp\/v2\/product_brand?post=6394"},{"taxonomy":"product_cat","embeddable":true,"href":"https:\/\/www.xladyaccessories.com\/fr\/wp-json\/wp\/v2\/product_cat?post=6394"},{"taxonomy":"product_tag","embeddable":true,"href":"https:\/\/www.xladyaccessories.com\/fr\/wp-json\/wp\/v2\/product_tag?post=6394"}],"curies":[{"name":"wp","href":"https:\/\/api.w.org\/{rel}","templated":true}]}}