{"id":5937,"date":"2022-03-15T10:40:20","date_gmt":"2022-03-15T07:40:20","guid":{"rendered":"https:\/\/www.xladyaccessories.com\/urun\/kadin-gumus-renk-kilcik-model-tirtil-model-duz-kartier-model-kararmaz-kombin-bileklik-955\/"},"modified":"2026-04-05T15:02:19","modified_gmt":"2026-04-05T12:02:19","slug":"toptan-kadin-gumus-renk-kilcik-model-tirtil-model-duz-kartier-model-kararmaz-kombin-bileklik-955","status":"publish","type":"product","link":"https:\/\/www.xladyaccessories.com\/fr\/produit\/bracelet-en-arete-de-poisson-pour-femmes-couleur-argent-modele-tirtil-modele-kartier-plat-combinaison-de-ternissement-955\/","title":{"rendered":"Bracelet combin\u00e9 anti-ternissement pour femme, couleur argent, mod\u00e8le ar\u00eate de poisson, mod\u00e8le Caterpillar, mod\u00e8le Cartier uni, 955"},"content":{"rendered":"<p>Bracelet combin\u00e9 plaqu\u00e9 or.<\/p>\n<p>La dur\u00e9e d&#039;utilisation de l&#039;accessoire sera prolong\u00e9e \u00e0 condition qu&#039;il soit tenu \u00e0 l&#039;\u00e9cart du parfum, du savon, de l&#039;alcool et des produits chimiques similaires.<\/p>\n<p>Un rev\u00eatement protecteur sp\u00e9cial a \u00e9t\u00e9 appliqu\u00e9 sur le produit contre les allergies, l&#039;oxydation et le noircissement.<\/p>\n<p>Il est recommand\u00e9 de l&#039;utiliser \u00e0 l&#039;\u00e9cart du parfum, de l&#039;eau, des d\u00e9tergents et des produits chimiques liquides.<\/p>","protected":false},"excerpt":{"rendered":"<p>Bracelet combin\u00e9 plaqu\u00e9 or. La dur\u00e9e d&#039;utilisation de l&#039;accessoire sera prolong\u00e9e \u00e0 condition qu&#039;il soit tenu \u00e0 l&#039;\u00e9cart du parfum, du savon, de l&#039;alcool et des produits chimiques similaires. Un rev\u00eatement protecteur sp\u00e9cial a \u00e9t\u00e9 appliqu\u00e9 sur le produit contre les allergies, l&#039;oxydation et le noircissement. Il est recommand\u00e9 de l&#039;utiliser \u00e0 l&#039;\u00e9cart du parfum, de l&#039;eau, des d\u00e9tergents et des produits chimiques liquides.<\/p>","protected":false},"featured_media":5938,"comment_status":"open","ping_status":"closed","template":"","meta":[],"product_brand":[],"product_cat":[42],"product_tag":[],"class_list":{"0":"post-5937","1":"product","2":"type-product","3":"status-publish","4":"has-post-thumbnail","6":"product_cat-bijuteri-bileklik","8":"first","9":"instock","10":"taxable","11":"shipping-taxable","12":"purchasable","13":"product-type-simple"},"_links":{"self":[{"href":"https:\/\/www.xladyaccessories.com\/fr\/wp-json\/wp\/v2\/product\/5937","targetHints":{"allow":["GET"]}}],"collection":[{"href":"https:\/\/www.xladyaccessories.com\/fr\/wp-json\/wp\/v2\/product"}],"about":[{"href":"https:\/\/www.xladyaccessories.com\/fr\/wp-json\/wp\/v2\/types\/product"}],"replies":[{"embeddable":true,"href":"https:\/\/www.xladyaccessories.com\/fr\/wp-json\/wp\/v2\/comments?post=5937"}],"wp:featuredmedia":[{"embeddable":true,"href":"https:\/\/www.xladyaccessories.com\/fr\/wp-json\/wp\/v2\/media\/5938"}],"wp:attachment":[{"href":"https:\/\/www.xladyaccessories.com\/fr\/wp-json\/wp\/v2\/media?parent=5937"}],"wp:term":[{"taxonomy":"product_brand","embeddable":true,"href":"https:\/\/www.xladyaccessories.com\/fr\/wp-json\/wp\/v2\/product_brand?post=5937"},{"taxonomy":"product_cat","embeddable":true,"href":"https:\/\/www.xladyaccessories.com\/fr\/wp-json\/wp\/v2\/product_cat?post=5937"},{"taxonomy":"product_tag","embeddable":true,"href":"https:\/\/www.xladyaccessories.com\/fr\/wp-json\/wp\/v2\/product_tag?post=5937"}],"curies":[{"name":"wp","href":"https:\/\/api.w.org\/{rel}","templated":true}]}}