{"id":5659,"date":"2022-02-21T18:26:35","date_gmt":"2022-02-21T15:26:35","guid":{"rendered":"https:\/\/www.xladyaccessories.com\/urun\/altin-renk-oval-desen-figurlu-cift-zincirli-bileklik-914\/"},"modified":"2026-04-15T19:12:15","modified_gmt":"2026-04-15T16:12:15","slug":"toptan-altin-renk-oval-desen-figurlu-cift-zincirli-bileklik-914","status":"publish","type":"product","link":"https:\/\/www.xladyaccessories.com\/fr\/produit\/toptan-altin-renk-oval-desen-figurlu-cift-zincirli-bileklik-914\/","title":{"rendered":"Wholesale Gold Colour Oval Pattern Figured Double Chain Bracelet 914"},"content":{"rendered":"<div class=\"detailmodule_html\">\n<div class=\"detail-desc-decorate-richtext\">\n<div>Longueur : 20 cm<br \/>Il n&#039;assombrit pas la peau. Le contact avec des substances telles que les cr\u00e8mes, les parfums et l&#039;alcool doit \u00eatre \u00e9vit\u00e9.\u00a0<\/div>\n<\/div>\n<\/div>\n<p>window.adminAccountId=222258222\u00a0;<\/p>","protected":false},"excerpt":{"rendered":"<p>Bracelets \u00e9l\u00e9gants<\/p>","protected":false},"featured_media":5660,"comment_status":"open","ping_status":"closed","template":"","meta":[],"product_brand":[],"product_cat":[42],"product_tag":[],"class_list":{"0":"post-5659","1":"product","2":"type-product","3":"status-publish","4":"has-post-thumbnail","6":"product_cat-bijuteri-bileklik","8":"first","9":"outofstock","10":"taxable","11":"shipping-taxable","12":"purchasable","13":"product-type-simple"},"_links":{"self":[{"href":"https:\/\/www.xladyaccessories.com\/fr\/wp-json\/wp\/v2\/product\/5659","targetHints":{"allow":["GET"]}}],"collection":[{"href":"https:\/\/www.xladyaccessories.com\/fr\/wp-json\/wp\/v2\/product"}],"about":[{"href":"https:\/\/www.xladyaccessories.com\/fr\/wp-json\/wp\/v2\/types\/product"}],"replies":[{"embeddable":true,"href":"https:\/\/www.xladyaccessories.com\/fr\/wp-json\/wp\/v2\/comments?post=5659"}],"wp:featuredmedia":[{"embeddable":true,"href":"https:\/\/www.xladyaccessories.com\/fr\/wp-json\/wp\/v2\/media\/5660"}],"wp:attachment":[{"href":"https:\/\/www.xladyaccessories.com\/fr\/wp-json\/wp\/v2\/media?parent=5659"}],"wp:term":[{"taxonomy":"product_brand","embeddable":true,"href":"https:\/\/www.xladyaccessories.com\/fr\/wp-json\/wp\/v2\/product_brand?post=5659"},{"taxonomy":"product_cat","embeddable":true,"href":"https:\/\/www.xladyaccessories.com\/fr\/wp-json\/wp\/v2\/product_cat?post=5659"},{"taxonomy":"product_tag","embeddable":true,"href":"https:\/\/www.xladyaccessories.com\/fr\/wp-json\/wp\/v2\/product_tag?post=5659"}],"curies":[{"name":"wp","href":"https:\/\/api.w.org\/{rel}","templated":true}]}}