{"id":5408,"date":"2022-02-16T18:55:33","date_gmt":"2022-02-16T15:55:33","guid":{"rendered":"https:\/\/www.xladyaccessories.com\/urun\/sari-renk-pelus-anahtarlik-834\/"},"modified":"2026-04-03T19:11:35","modified_gmt":"2026-04-03T16:11:35","slug":"toptan-sari-renk-pelus-anahtarlik-834","status":"publish","type":"product","link":"https:\/\/www.xladyaccessories.com\/fr\/produit\/porte-cles-en-peluche-couleur-jaune-834\/","title":{"rendered":"Grossiste Porte-cl\u00e9s en peluche de couleur jaune 834"},"content":{"rendered":"<p>Des mod\u00e8les de porte-cl\u00e9s tous plus styl\u00e9s les uns que les autres<\/p>\n<p>\u00a0<\/p>\n<ul id=\"content-descriptions-list\">\n<li>Un rev\u00eatement sp\u00e9cial a \u00e9t\u00e9 utilis\u00e9 contre le ternissement.<\/li>\n<li>Le contact avec des substances telles que la cr\u00e8me, le parfum et l&#039;alcool doit \u00eatre \u00e9vit\u00e9.<\/li>\n<\/ul>","protected":false},"excerpt":{"rendered":"<p>Porte-cl\u00e9s \u00e9l\u00e9gants<\/p>","protected":false},"featured_media":5409,"comment_status":"open","ping_status":"closed","template":"","meta":[],"product_brand":[],"product_cat":[99],"product_tag":[],"class_list":{"0":"post-5408","1":"product","2":"type-product","3":"status-publish","4":"has-post-thumbnail","6":"product_cat-anahtarlik","8":"first","9":"instock","10":"taxable","11":"shipping-taxable","12":"purchasable","13":"product-type-simple"},"_links":{"self":[{"href":"https:\/\/www.xladyaccessories.com\/fr\/wp-json\/wp\/v2\/product\/5408","targetHints":{"allow":["GET"]}}],"collection":[{"href":"https:\/\/www.xladyaccessories.com\/fr\/wp-json\/wp\/v2\/product"}],"about":[{"href":"https:\/\/www.xladyaccessories.com\/fr\/wp-json\/wp\/v2\/types\/product"}],"replies":[{"embeddable":true,"href":"https:\/\/www.xladyaccessories.com\/fr\/wp-json\/wp\/v2\/comments?post=5408"}],"wp:featuredmedia":[{"embeddable":true,"href":"https:\/\/www.xladyaccessories.com\/fr\/wp-json\/wp\/v2\/media\/5409"}],"wp:attachment":[{"href":"https:\/\/www.xladyaccessories.com\/fr\/wp-json\/wp\/v2\/media?parent=5408"}],"wp:term":[{"taxonomy":"product_brand","embeddable":true,"href":"https:\/\/www.xladyaccessories.com\/fr\/wp-json\/wp\/v2\/product_brand?post=5408"},{"taxonomy":"product_cat","embeddable":true,"href":"https:\/\/www.xladyaccessories.com\/fr\/wp-json\/wp\/v2\/product_cat?post=5408"},{"taxonomy":"product_tag","embeddable":true,"href":"https:\/\/www.xladyaccessories.com\/fr\/wp-json\/wp\/v2\/product_tag?post=5408"}],"curies":[{"name":"wp","href":"https:\/\/api.w.org\/{rel}","templated":true}]}}