{"id":5195,"date":"2022-02-03T10:52:56","date_gmt":"2022-02-03T07:52:56","guid":{"rendered":"https:\/\/www.xladyaccessories.com\/urun\/altin-renk-civi-ve-cartier-bileklik-set-762\/"},"modified":"2026-04-17T13:36:31","modified_gmt":"2026-04-17T10:36:31","slug":"toptan-altin-renk-civi-ve-cartier-bileklik-set-762","status":"publish","type":"product","link":"https:\/\/www.xladyaccessories.com\/fr\/produit\/ensemble-clou-couleur-or-et-bracelet-cartier-762\/","title":{"rendered":"Wholesale Gold Colour Stud and Cartier Bracelet Set 763"},"content":{"rendered":"<p>ADAPT\u00c9 \u00c0 UN USAGE QUOTIDIEN. IL EST ANTI ALLERG\u00c9NIQUE.<br \/>\u00a01 bracelet \u00e0 ongles<\/p>\n<p>Compos\u00e9 de 1 bracelet kartier plat<\/p>\n<p>\u00a0<\/p>","protected":false},"excerpt":{"rendered":"<p>Bracelets \u00e9l\u00e9gants<\/p>","protected":false},"featured_media":5197,"comment_status":"open","ping_status":"closed","template":"","meta":[],"product_brand":[],"product_cat":[42],"product_tag":[],"class_list":{"0":"post-5195","1":"product","2":"type-product","3":"status-publish","4":"has-post-thumbnail","6":"product_cat-bijuteri-bileklik","8":"first","9":"instock","10":"taxable","11":"shipping-taxable","12":"purchasable","13":"product-type-simple"},"_links":{"self":[{"href":"https:\/\/www.xladyaccessories.com\/fr\/wp-json\/wp\/v2\/product\/5195","targetHints":{"allow":["GET"]}}],"collection":[{"href":"https:\/\/www.xladyaccessories.com\/fr\/wp-json\/wp\/v2\/product"}],"about":[{"href":"https:\/\/www.xladyaccessories.com\/fr\/wp-json\/wp\/v2\/types\/product"}],"replies":[{"embeddable":true,"href":"https:\/\/www.xladyaccessories.com\/fr\/wp-json\/wp\/v2\/comments?post=5195"}],"wp:featuredmedia":[{"embeddable":true,"href":"https:\/\/www.xladyaccessories.com\/fr\/wp-json\/wp\/v2\/media\/5197"}],"wp:attachment":[{"href":"https:\/\/www.xladyaccessories.com\/fr\/wp-json\/wp\/v2\/media?parent=5195"}],"wp:term":[{"taxonomy":"product_brand","embeddable":true,"href":"https:\/\/www.xladyaccessories.com\/fr\/wp-json\/wp\/v2\/product_brand?post=5195"},{"taxonomy":"product_cat","embeddable":true,"href":"https:\/\/www.xladyaccessories.com\/fr\/wp-json\/wp\/v2\/product_cat?post=5195"},{"taxonomy":"product_tag","embeddable":true,"href":"https:\/\/www.xladyaccessories.com\/fr\/wp-json\/wp\/v2\/product_tag?post=5195"}],"curies":[{"name":"wp","href":"https:\/\/api.w.org\/{rel}","templated":true}]}}