{"id":5168,"date":"2022-01-21T17:02:03","date_gmt":"2022-01-21T14:02:03","guid":{"rendered":"https:\/\/www.xladyaccessories.com\/urun\/altin-renk-buyuk-tasli-kelepce-bileklik-759\/"},"modified":"2026-04-15T19:11:32","modified_gmt":"2026-04-15T16:11:32","slug":"toptan-altin-renk-buyuk-tasli-kelepce-bileklik-759","status":"publish","type":"product","link":"https:\/\/www.xladyaccessories.com\/fr\/produit\/bracelet-manchette-couleur-or-grosse-pierre-759\/","title":{"rendered":"Bracelet manchette dor\u00e9 avec grosse pierre, vente en gros 759"},"content":{"rendered":"<p><span>Il ne provoque pas de d\u00e9coloration \u00e0 moins d&#039;\u00eatre expos\u00e9 \u00e0 des produits chimiques intenses.\u00a0<\/span><\/p>","protected":false},"excerpt":{"rendered":"<p>Bracelets \u00e9l\u00e9gants<\/p>","protected":false},"featured_media":5169,"comment_status":"open","ping_status":"closed","template":"","meta":[],"product_brand":[],"product_cat":[42],"product_tag":[],"class_list":{"0":"post-5168","1":"product","2":"type-product","3":"status-publish","4":"has-post-thumbnail","6":"product_cat-bijuteri-bileklik","8":"first","9":"outofstock","10":"taxable","11":"shipping-taxable","12":"purchasable","13":"product-type-simple"},"_links":{"self":[{"href":"https:\/\/www.xladyaccessories.com\/fr\/wp-json\/wp\/v2\/product\/5168","targetHints":{"allow":["GET"]}}],"collection":[{"href":"https:\/\/www.xladyaccessories.com\/fr\/wp-json\/wp\/v2\/product"}],"about":[{"href":"https:\/\/www.xladyaccessories.com\/fr\/wp-json\/wp\/v2\/types\/product"}],"replies":[{"embeddable":true,"href":"https:\/\/www.xladyaccessories.com\/fr\/wp-json\/wp\/v2\/comments?post=5168"}],"wp:featuredmedia":[{"embeddable":true,"href":"https:\/\/www.xladyaccessories.com\/fr\/wp-json\/wp\/v2\/media\/5169"}],"wp:attachment":[{"href":"https:\/\/www.xladyaccessories.com\/fr\/wp-json\/wp\/v2\/media?parent=5168"}],"wp:term":[{"taxonomy":"product_brand","embeddable":true,"href":"https:\/\/www.xladyaccessories.com\/fr\/wp-json\/wp\/v2\/product_brand?post=5168"},{"taxonomy":"product_cat","embeddable":true,"href":"https:\/\/www.xladyaccessories.com\/fr\/wp-json\/wp\/v2\/product_cat?post=5168"},{"taxonomy":"product_tag","embeddable":true,"href":"https:\/\/www.xladyaccessories.com\/fr\/wp-json\/wp\/v2\/product_tag?post=5168"}],"curies":[{"name":"wp","href":"https:\/\/api.w.org\/{rel}","templated":true}]}}