{"id":5166,"date":"2022-01-21T17:00:33","date_gmt":"2022-01-21T14:00:33","guid":{"rendered":"https:\/\/www.xladyaccessories.com\/urun\/kombin-renk-nazar-goz-tasli-kelepce-bileklik-758\/"},"modified":"2026-04-12T09:14:10","modified_gmt":"2026-04-12T06:14:10","slug":"toptan-kombin-renk-nazar-goz-tasli-kelepce-bileklik-758","status":"publish","type":"product","link":"https:\/\/www.xladyaccessories.com\/fr\/produit\/bracelet-manchette-en-pierre-mauvais-oeil-combinaison-de-couleurs-758\/","title":{"rendered":"Bracelet manchette en pierre anti-mauvais \u0153il, couleur mixte, vente en gros, 758"},"content":{"rendered":"<p>Contenu du produit<\/p>\n<p>1 ch. bracelet couleur rose<\/p>\n<p>1 ch. bracelet couleur or<\/p>\n<p>1 ch. bracelet couleur argent<\/p>\n<p>Il existe 3 produits :<\/p>\n<p><span>Il ne provoque pas de d\u00e9coloration \u00e0 moins d&#039;\u00eatre expos\u00e9 \u00e0 des produits chimiques intenses.\u00a0<\/span><\/p>","protected":false},"excerpt":{"rendered":"<p>Bracelets \u00e9l\u00e9gants<\/p>","protected":false},"featured_media":5167,"comment_status":"open","ping_status":"closed","template":"","meta":[],"product_brand":[],"product_cat":[42],"product_tag":[],"class_list":{"0":"post-5166","1":"product","2":"type-product","3":"status-publish","4":"has-post-thumbnail","6":"product_cat-bijuteri-bileklik","8":"first","9":"instock","10":"taxable","11":"shipping-taxable","12":"purchasable","13":"product-type-simple"},"_links":{"self":[{"href":"https:\/\/www.xladyaccessories.com\/fr\/wp-json\/wp\/v2\/product\/5166","targetHints":{"allow":["GET"]}}],"collection":[{"href":"https:\/\/www.xladyaccessories.com\/fr\/wp-json\/wp\/v2\/product"}],"about":[{"href":"https:\/\/www.xladyaccessories.com\/fr\/wp-json\/wp\/v2\/types\/product"}],"replies":[{"embeddable":true,"href":"https:\/\/www.xladyaccessories.com\/fr\/wp-json\/wp\/v2\/comments?post=5166"}],"wp:featuredmedia":[{"embeddable":true,"href":"https:\/\/www.xladyaccessories.com\/fr\/wp-json\/wp\/v2\/media\/5167"}],"wp:attachment":[{"href":"https:\/\/www.xladyaccessories.com\/fr\/wp-json\/wp\/v2\/media?parent=5166"}],"wp:term":[{"taxonomy":"product_brand","embeddable":true,"href":"https:\/\/www.xladyaccessories.com\/fr\/wp-json\/wp\/v2\/product_brand?post=5166"},{"taxonomy":"product_cat","embeddable":true,"href":"https:\/\/www.xladyaccessories.com\/fr\/wp-json\/wp\/v2\/product_cat?post=5166"},{"taxonomy":"product_tag","embeddable":true,"href":"https:\/\/www.xladyaccessories.com\/fr\/wp-json\/wp\/v2\/product_tag?post=5166"}],"curies":[{"name":"wp","href":"https:\/\/api.w.org\/{rel}","templated":true}]}}