{"id":4934,"date":"2022-01-14T18:22:08","date_gmt":"2022-01-14T15:22:08","guid":{"rendered":"https:\/\/www.xladyaccessories.com\/urun\/altin-renk-beyaz-mineli-hilal-figurlu-kombin-kupe-651\/"},"modified":"2023-09-25T09:04:19","modified_gmt":"2023-09-25T06:04:19","slug":"toptan-altin-renk-beyaz-mineli-hilal-figurlu-kombin-kupe-651","status":"publish","type":"product","link":"https:\/\/www.xladyaccessories.com\/fr\/produit\/boucle-doreille-combinee-en-forme-de-croissant-en-email-blanc-couleur-or-651\/","title":{"rendered":"Toptan Alt\u0131n Renk Beyaz Mineli Hilal Figurlu Kombin K\u00fcpe 651"},"content":{"rendered":"<p>Mod\u00e8les de boucles d&#039;oreilles \u00e9l\u00e9gants<\/p>\n<p>\u00a0<\/p>\n<ul id=\"content-descriptions-list\">\n<li>Un rev\u00eatement sp\u00e9cial a \u00e9t\u00e9 utilis\u00e9 contre le ternissement.<\/li>\n<li>Le contact avec des substances telles que la cr\u00e8me, le parfum et l&#039;alcool doit \u00eatre \u00e9vit\u00e9.<\/li>\n<\/ul>","protected":false},"excerpt":{"rendered":"<p>Mod\u00e8les de boucles d&#039;oreilles \u00e9l\u00e9gants<\/p>","protected":false},"featured_media":4935,"comment_status":"open","ping_status":"closed","template":"","meta":[],"product_brand":[],"product_cat":[91],"product_tag":[],"class_list":{"0":"post-4934","1":"product","2":"type-product","3":"status-publish","4":"has-post-thumbnail","6":"product_cat-bijuteri_kupe","8":"first","9":"outofstock","10":"taxable","11":"shipping-taxable","12":"purchasable","13":"product-type-simple"},"_links":{"self":[{"href":"https:\/\/www.xladyaccessories.com\/fr\/wp-json\/wp\/v2\/product\/4934","targetHints":{"allow":["GET"]}}],"collection":[{"href":"https:\/\/www.xladyaccessories.com\/fr\/wp-json\/wp\/v2\/product"}],"about":[{"href":"https:\/\/www.xladyaccessories.com\/fr\/wp-json\/wp\/v2\/types\/product"}],"replies":[{"embeddable":true,"href":"https:\/\/www.xladyaccessories.com\/fr\/wp-json\/wp\/v2\/comments?post=4934"}],"wp:featuredmedia":[{"embeddable":true,"href":"https:\/\/www.xladyaccessories.com\/fr\/wp-json\/wp\/v2\/media\/4935"}],"wp:attachment":[{"href":"https:\/\/www.xladyaccessories.com\/fr\/wp-json\/wp\/v2\/media?parent=4934"}],"wp:term":[{"taxonomy":"product_brand","embeddable":true,"href":"https:\/\/www.xladyaccessories.com\/fr\/wp-json\/wp\/v2\/product_brand?post=4934"},{"taxonomy":"product_cat","embeddable":true,"href":"https:\/\/www.xladyaccessories.com\/fr\/wp-json\/wp\/v2\/product_cat?post=4934"},{"taxonomy":"product_tag","embeddable":true,"href":"https:\/\/www.xladyaccessories.com\/fr\/wp-json\/wp\/v2\/product_tag?post=4934"}],"curies":[{"name":"wp","href":"https:\/\/api.w.org\/{rel}","templated":true}]}}