{"id":4845,"date":"2022-01-11T17:06:33","date_gmt":"2022-01-11T14:06:33","guid":{"rendered":"https:\/\/www.xladyaccessories.com\/urun\/gumus-renk-ananas-motifli-asansor-bileklik\/"},"modified":"2026-04-23T19:10:54","modified_gmt":"2026-04-23T16:10:54","slug":"toptan-gumus-renk-ananas-motifli-asansor-bileklik","status":"publish","type":"product","link":"https:\/\/www.xladyaccessories.com\/fr\/produit\/toptan-gumus-renk-ananas-motifli-asansor-bileklik\/","title":{"rendered":"Toptan G\u00fcm\u00fc\u015f Renk Ananas Motifli  Asans\u00f6r Bileklik"},"content":{"rendered":"<div class=\"detailmodule_html\">\n<div class=\"detail-desc-decorate-richtext\">\n<div>100% Nouveau produit<\/div>\n<div>Couleur: couleur argent<\/div>\n<div>Taille de la figurine\u00a0: 10X 15 (mm.)<\/div>\n<div>Type: Bracelet en pierre<\/div>\n<div>\u00a0<\/div>\n<div>\n<ul id=\"content-descriptions-list\">\n<li>Un rev\u00eatement sp\u00e9cial a \u00e9t\u00e9 utilis\u00e9 contre le ternissement.<\/li>\n<li>Le contact avec des substances telles que la cr\u00e8me, le parfum et l&#039;alcool doit \u00eatre \u00e9vit\u00e9.<\/li>\n<\/ul>\n<p>\u00a0<\/p>\n<\/div>\n<\/div>\n<\/div>\n<p>window.adminAccountId=222258222\u00a0;<\/p>","protected":false},"excerpt":{"rendered":"<p>100% Yeni \u00dcr\u00fcn Renk: G\u00fcm\u00fc\u015f Renk Fig\u00fcr Boyutu: 10X 15\u00a0(mm.) T\u00fcr\u00fc: Ta\u015fl\u0131 Bileklik \u00a0 Kararmaya kar\u015f\u0131 \u00f6zel kaplama kullan\u0131lm\u0131\u015ft\u0131r. Krem,parf\u00fcm,alkol gibi maddeler ile temas\u0131ndan ka\u00e7\u0131n\u0131lmal\u0131d\u0131r. \u00a0 window.adminAccountId=222258222;<\/p>","protected":false},"featured_media":4846,"comment_status":"open","ping_status":"closed","template":"","meta":[],"product_brand":[],"product_cat":[42],"product_tag":[],"class_list":{"0":"post-4845","1":"product","2":"type-product","3":"status-publish","4":"has-post-thumbnail","6":"product_cat-bijuteri-bileklik","8":"first","9":"outofstock","10":"taxable","11":"shipping-taxable","12":"purchasable","13":"product-type-simple"},"_links":{"self":[{"href":"https:\/\/www.xladyaccessories.com\/fr\/wp-json\/wp\/v2\/product\/4845","targetHints":{"allow":["GET"]}}],"collection":[{"href":"https:\/\/www.xladyaccessories.com\/fr\/wp-json\/wp\/v2\/product"}],"about":[{"href":"https:\/\/www.xladyaccessories.com\/fr\/wp-json\/wp\/v2\/types\/product"}],"replies":[{"embeddable":true,"href":"https:\/\/www.xladyaccessories.com\/fr\/wp-json\/wp\/v2\/comments?post=4845"}],"wp:featuredmedia":[{"embeddable":true,"href":"https:\/\/www.xladyaccessories.com\/fr\/wp-json\/wp\/v2\/media\/4846"}],"wp:attachment":[{"href":"https:\/\/www.xladyaccessories.com\/fr\/wp-json\/wp\/v2\/media?parent=4845"}],"wp:term":[{"taxonomy":"product_brand","embeddable":true,"href":"https:\/\/www.xladyaccessories.com\/fr\/wp-json\/wp\/v2\/product_brand?post=4845"},{"taxonomy":"product_cat","embeddable":true,"href":"https:\/\/www.xladyaccessories.com\/fr\/wp-json\/wp\/v2\/product_cat?post=4845"},{"taxonomy":"product_tag","embeddable":true,"href":"https:\/\/www.xladyaccessories.com\/fr\/wp-json\/wp\/v2\/product_tag?post=4845"}],"curies":[{"name":"wp","href":"https:\/\/api.w.org\/{rel}","templated":true}]}}