{"id":4675,"date":"2022-01-06T16:21:26","date_gmt":"2022-01-06T13:21:26","guid":{"rendered":"https:\/\/www.xladyaccessories.com\/urun\/kartier-duz-yuzuk-silver-renk-19-numara\/"},"modified":"2026-04-20T19:10:38","modified_gmt":"2026-04-20T16:10:38","slug":"toptan-kartier-duz-yuzuk-silver-renk-19-numara","status":"publish","type":"product","link":"https:\/\/www.xladyaccessories.com\/fr\/produit\/bague-unie-kartier-couleur-argent-numero-19\/","title":{"rendered":"Wholesale Kartier Flat Ring Silver Colour Number 19"},"content":{"rendered":"<p>Bague couleur argent<\/p>\n<p>\u2022Comme nous utilisons des min\u00e9raux sans nickel, nos produits ne provoquent pas d&#039;allergies.<\/p>\n<p>\u2022 Puisqu&#039;il est fabriqu\u00e9 \u00e0 partir de m\u00e9tal de haute qualit\u00e9, il ne se d\u00e9forme pas facilement et vous permet de l&#039;utiliser pendant longtemps.<\/p>\n<p>\u2022Il ne noircit pas sauf s&#039;il entre en contact avec du parfum, de la cr\u00e8me, du d\u00e9sinfectant et des produits chimiques similaires.<\/p>\n<p>Un produit merveilleusement con\u00e7u qui ajoutera du naturel. Une bague \u00e9l\u00e9gante qui embellira vos moments privil\u00e9gi\u00e9s et compl\u00e9tera votre style, vous faisant sentir pr\u00e9cieux \u00e0 chaque instant de votre vie.<\/p>","protected":false},"excerpt":{"rendered":"<p>Bague couleur argent \u2022Comme nous utilisons du m\u00e9tal sans nickel, nos produits ne provoquent pas d&#039;allergies. \u2022 Puisqu&#039;il est fabriqu\u00e9 \u00e0 partir de m\u00e9tal de haute qualit\u00e9, il ne se d\u00e9forme pas facilement et vous permet de l&#039;utiliser pendant longtemps. \u2022Il ne noircit pas sauf s&#039;il entre en contact avec du parfum, de la cr\u00e8me, du d\u00e9sinfectant et des produits chimiques similaires. Un produit merveilleusement con\u00e7u qui ajoutera du naturel. Une bague \u00e9l\u00e9gante qui embellira vos moments privil\u00e9gi\u00e9s et compl\u00e9tera votre style, vous faisant sentir pr\u00e9cieux \u00e0 chaque instant de votre vie.<\/p>","protected":false},"featured_media":4676,"comment_status":"open","ping_status":"closed","template":"","meta":[],"product_brand":[],"product_cat":[36],"product_tag":[],"class_list":{"0":"post-4675","1":"product","2":"type-product","3":"status-publish","4":"has-post-thumbnail","6":"product_cat-bijuteri-yuzuk","8":"first","9":"instock","10":"taxable","11":"shipping-taxable","12":"purchasable","13":"product-type-simple"},"_links":{"self":[{"href":"https:\/\/www.xladyaccessories.com\/fr\/wp-json\/wp\/v2\/product\/4675","targetHints":{"allow":["GET"]}}],"collection":[{"href":"https:\/\/www.xladyaccessories.com\/fr\/wp-json\/wp\/v2\/product"}],"about":[{"href":"https:\/\/www.xladyaccessories.com\/fr\/wp-json\/wp\/v2\/types\/product"}],"replies":[{"embeddable":true,"href":"https:\/\/www.xladyaccessories.com\/fr\/wp-json\/wp\/v2\/comments?post=4675"}],"wp:featuredmedia":[{"embeddable":true,"href":"https:\/\/www.xladyaccessories.com\/fr\/wp-json\/wp\/v2\/media\/4676"}],"wp:attachment":[{"href":"https:\/\/www.xladyaccessories.com\/fr\/wp-json\/wp\/v2\/media?parent=4675"}],"wp:term":[{"taxonomy":"product_brand","embeddable":true,"href":"https:\/\/www.xladyaccessories.com\/fr\/wp-json\/wp\/v2\/product_brand?post=4675"},{"taxonomy":"product_cat","embeddable":true,"href":"https:\/\/www.xladyaccessories.com\/fr\/wp-json\/wp\/v2\/product_cat?post=4675"},{"taxonomy":"product_tag","embeddable":true,"href":"https:\/\/www.xladyaccessories.com\/fr\/wp-json\/wp\/v2\/product_tag?post=4675"}],"curies":[{"name":"wp","href":"https:\/\/api.w.org\/{rel}","templated":true}]}}