{"id":4336,"date":"2021-10-18T11:41:36","date_gmt":"2021-10-18T08:41:36","guid":{"rendered":"https:\/\/www.xladyaccessories.com\/urun\/altin-renk-tassiz-kalp-kolye\/"},"modified":"2026-04-07T13:00:19","modified_gmt":"2026-04-07T10:00:19","slug":"toptan-altin-renk-tassiz-kalp-kolye","status":"publish","type":"product","link":"https:\/\/www.xladyaccessories.com\/fr\/produit\/collier-coeur-sans-pierre-couleur-or\/","title":{"rendered":"Wholesale Gold Colour Stoneless Heart Necklace (Collier de c\u0153ur sans pierre)"},"content":{"rendered":"<p>Collier coeur couleur or<br \/>Longueur de la cha\u00eene : 45 cm.<br \/>C&#039;est un design minimaliste.<br \/>Le produit est uni et sans pierre.<br \/>C&#039;est un design tr\u00e8s id\u00e9al et \u00e9l\u00e9gant pour un usage quotidien.<br \/>\u00a0<\/p>","protected":false},"excerpt":{"rendered":"<p>Longueur de la cha\u00eene du collier c\u0153ur couleur or : 45 cm. C&#039;est un design minimaliste. Le produit est simple et sans pierre. C&#039;est un design tr\u00e8s id\u00e9al et \u00e9l\u00e9gant pour un usage quotidien.\u00a0<\/p>","protected":false},"featured_media":4337,"comment_status":"open","ping_status":"closed","template":"","meta":[],"product_brand":[],"product_cat":[24],"product_tag":[],"class_list":{"0":"post-4336","1":"product","2":"type-product","3":"status-publish","4":"has-post-thumbnail","6":"product_cat-bijuteri-kolye","8":"first","9":"outofstock","10":"taxable","11":"shipping-taxable","12":"purchasable","13":"product-type-simple"},"_links":{"self":[{"href":"https:\/\/www.xladyaccessories.com\/fr\/wp-json\/wp\/v2\/product\/4336","targetHints":{"allow":["GET"]}}],"collection":[{"href":"https:\/\/www.xladyaccessories.com\/fr\/wp-json\/wp\/v2\/product"}],"about":[{"href":"https:\/\/www.xladyaccessories.com\/fr\/wp-json\/wp\/v2\/types\/product"}],"replies":[{"embeddable":true,"href":"https:\/\/www.xladyaccessories.com\/fr\/wp-json\/wp\/v2\/comments?post=4336"}],"wp:featuredmedia":[{"embeddable":true,"href":"https:\/\/www.xladyaccessories.com\/fr\/wp-json\/wp\/v2\/media\/4337"}],"wp:attachment":[{"href":"https:\/\/www.xladyaccessories.com\/fr\/wp-json\/wp\/v2\/media?parent=4336"}],"wp:term":[{"taxonomy":"product_brand","embeddable":true,"href":"https:\/\/www.xladyaccessories.com\/fr\/wp-json\/wp\/v2\/product_brand?post=4336"},{"taxonomy":"product_cat","embeddable":true,"href":"https:\/\/www.xladyaccessories.com\/fr\/wp-json\/wp\/v2\/product_cat?post=4336"},{"taxonomy":"product_tag","embeddable":true,"href":"https:\/\/www.xladyaccessories.com\/fr\/wp-json\/wp\/v2\/product_tag?post=4336"}],"curies":[{"name":"wp","href":"https:\/\/api.w.org\/{rel}","templated":true}]}}