{"id":4293,"date":"2021-10-11T19:28:25","date_gmt":"2021-10-11T16:28:25","guid":{"rendered":"https:\/\/www.xladyaccessories.com\/urun\/gumus-rengi-gerdanlik-kolye-unisex-katli-cadena-kolye\/"},"modified":"2026-04-03T19:10:12","modified_gmt":"2026-04-03T16:10:12","slug":"toptan-gumus-rengi-gerdanlik-kolye-unisex-katli-cadena-kolye","status":"publish","type":"product","link":"https:\/\/www.xladyaccessories.com\/fr\/produit\/collier-ras-du-cou-couleur-argent-collier-cadena-multicouche-unisexe\/","title":{"rendered":"Wholesale Collier ras du cou de couleur argent Collier Cadena unisexe \u00e0 couches"},"content":{"rendered":"<p>100% Nouveau produit<\/p>\n<p>Couleur: couleur argent<\/p>\n<p>M\u00e9tal: collier en alliage<\/p>\n<p>Conception: bijoux fantaisie<\/p>\n<p>Mat\u00e9riel: Alliage<\/p>\n<p>\u00a0<\/p>","protected":false},"excerpt":{"rendered":"<p>100% Yeni \u00dcr\u00fcn Renk: G\u00fcm\u00fc\u015f Renk Metal:Ala\u015f\u0131m Kolye Tasar\u0131m: moda tak\u0131 Malzeme:\u00a0Ala\u015f\u0131m \u00a0<\/p>","protected":false},"featured_media":4294,"comment_status":"open","ping_status":"closed","template":"","meta":[],"product_brand":[],"product_cat":[24],"product_tag":[],"class_list":{"0":"post-4293","1":"product","2":"type-product","3":"status-publish","4":"has-post-thumbnail","6":"product_cat-bijuteri-kolye","8":"first","9":"instock","10":"taxable","11":"shipping-taxable","12":"purchasable","13":"product-type-simple"},"_links":{"self":[{"href":"https:\/\/www.xladyaccessories.com\/fr\/wp-json\/wp\/v2\/product\/4293","targetHints":{"allow":["GET"]}}],"collection":[{"href":"https:\/\/www.xladyaccessories.com\/fr\/wp-json\/wp\/v2\/product"}],"about":[{"href":"https:\/\/www.xladyaccessories.com\/fr\/wp-json\/wp\/v2\/types\/product"}],"replies":[{"embeddable":true,"href":"https:\/\/www.xladyaccessories.com\/fr\/wp-json\/wp\/v2\/comments?post=4293"}],"wp:featuredmedia":[{"embeddable":true,"href":"https:\/\/www.xladyaccessories.com\/fr\/wp-json\/wp\/v2\/media\/4294"}],"wp:attachment":[{"href":"https:\/\/www.xladyaccessories.com\/fr\/wp-json\/wp\/v2\/media?parent=4293"}],"wp:term":[{"taxonomy":"product_brand","embeddable":true,"href":"https:\/\/www.xladyaccessories.com\/fr\/wp-json\/wp\/v2\/product_brand?post=4293"},{"taxonomy":"product_cat","embeddable":true,"href":"https:\/\/www.xladyaccessories.com\/fr\/wp-json\/wp\/v2\/product_cat?post=4293"},{"taxonomy":"product_tag","embeddable":true,"href":"https:\/\/www.xladyaccessories.com\/fr\/wp-json\/wp\/v2\/product_tag?post=4293"}],"curies":[{"name":"wp","href":"https:\/\/api.w.org\/{rel}","templated":true}]}}