{"id":4212,"date":"2021-09-18T14:14:46","date_gmt":"2021-09-18T11:14:46","guid":{"rendered":"https:\/\/www.xladyaccessories.com\/urun\/yuvarlak-detayli-pullu-cok-katmanli-altin-renk-kolye\/"},"modified":"2026-04-04T09:10:03","modified_gmt":"2026-04-04T06:10:03","slug":"toptan-yuvarlak-detayli-pullu-cok-katmanli-altin-renk-kolye","status":"publish","type":"product","link":"https:\/\/www.xladyaccessories.com\/fr\/produit\/collier-rond-de-couleur-or-multicouche-a-paillettes-detaillees\/","title":{"rendered":"Collier multicouches rond \u00e0 paillettes, couleur or, vente en gros"},"content":{"rendered":"<p>D\u00e9tails\u00a0: rond multicouche<br \/>Genre\u00a0:\u00a0Femmes<br \/>Type\u00a0:\u00a0ensembles de calques<br \/>Mat\u00e9riel: alliage<br \/>Couleur: Or<br \/>Couleur du m\u00e9tal : dor\u00e9.<br \/>style: \u00e9l\u00e9gant<\/p>","protected":false},"excerpt":{"rendered":"<p>D\u00e9tails: Rond multicouche Genre: Femme Type: Ensembles de couches Mat\u00e9riel: alliage Couleur: Or Couleur du m\u00e9tal: Or Style: \u00c9l\u00e9gant<\/p>","protected":false},"featured_media":4213,"comment_status":"open","ping_status":"closed","template":"","meta":[],"product_brand":[],"product_cat":[24],"product_tag":[],"class_list":{"0":"post-4212","1":"product","2":"type-product","3":"status-publish","4":"has-post-thumbnail","6":"product_cat-bijuteri-kolye","8":"first","9":"instock","10":"taxable","11":"shipping-taxable","12":"purchasable","13":"product-type-simple"},"_links":{"self":[{"href":"https:\/\/www.xladyaccessories.com\/fr\/wp-json\/wp\/v2\/product\/4212","targetHints":{"allow":["GET"]}}],"collection":[{"href":"https:\/\/www.xladyaccessories.com\/fr\/wp-json\/wp\/v2\/product"}],"about":[{"href":"https:\/\/www.xladyaccessories.com\/fr\/wp-json\/wp\/v2\/types\/product"}],"replies":[{"embeddable":true,"href":"https:\/\/www.xladyaccessories.com\/fr\/wp-json\/wp\/v2\/comments?post=4212"}],"wp:featuredmedia":[{"embeddable":true,"href":"https:\/\/www.xladyaccessories.com\/fr\/wp-json\/wp\/v2\/media\/4213"}],"wp:attachment":[{"href":"https:\/\/www.xladyaccessories.com\/fr\/wp-json\/wp\/v2\/media?parent=4212"}],"wp:term":[{"taxonomy":"product_brand","embeddable":true,"href":"https:\/\/www.xladyaccessories.com\/fr\/wp-json\/wp\/v2\/product_brand?post=4212"},{"taxonomy":"product_cat","embeddable":true,"href":"https:\/\/www.xladyaccessories.com\/fr\/wp-json\/wp\/v2\/product_cat?post=4212"},{"taxonomy":"product_tag","embeddable":true,"href":"https:\/\/www.xladyaccessories.com\/fr\/wp-json\/wp\/v2\/product_tag?post=4212"}],"curies":[{"name":"wp","href":"https:\/\/api.w.org\/{rel}","templated":true}]}}