{"id":4087,"date":"2021-07-14T20:02:52","date_gmt":"2021-07-14T17:02:52","guid":{"rendered":"https:\/\/www.xladyaccessories.com\/urun\/amour-yuzuk-ayarlanabilir-altin-kaplama-yuzuk\/"},"modified":"2026-04-05T09:10:02","modified_gmt":"2026-04-05T06:10:02","slug":"toptan-amour-yuzuk-ayarlanabilir-altin-kaplama-yuzuk","status":"publish","type":"product","link":"https:\/\/www.xladyaccessories.com\/fr\/produit\/bague-amour-bague-plaquee-or-reglable\/","title":{"rendered":"Bague Amour en plaqu\u00e9 or r\u00e9glable en gros"},"content":{"rendered":"<p>\u2022Nos produits sont plaqu\u00e9s or. \u2022Comme nous utilisons des min\u00e9raux sans nickel, nos produits ne provoquent pas d&#039;allergies.<\/p>\n<p>\u2022 Puisqu&#039;il est fabriqu\u00e9 \u00e0 partir de m\u00e9tal de haute qualit\u00e9, il ne se d\u00e9forme pas facilement et vous permet de l&#039;utiliser pendant longtemps.<\/p>\n<p>\u2022Notre produit a une taille r\u00e9glable, vous pouvez le compresser ou l&#039;agrandir en fonction de la taille de votre doigt.<\/p>\n<p>\u2022Lorsque vous agrandissez le produit, vous pouvez l&#039;agrandir en le passant \u00e0 travers un mat\u00e9riau aussi \u00e9pais que votre doigt.<\/p>\n<p>\u2022Il ne noircit pas sauf s&#039;il entre en contact avec du parfum, de la cr\u00e8me, du d\u00e9sinfectant et des produits chimiques similaires.<\/p>\n<p>Un produit merveilleusement con\u00e7u qui ajoutera du naturel. Une bague \u00e9l\u00e9gante qui embellira vos moments privil\u00e9gi\u00e9s et compl\u00e9tera votre style, vous faisant sentir pr\u00e9cieux \u00e0 chaque instant de votre vie.<\/p>","protected":false},"excerpt":{"rendered":"<p>X-Dame<\/p>","protected":false},"featured_media":4088,"comment_status":"open","ping_status":"closed","template":"","meta":[],"product_brand":[],"product_cat":[36],"product_tag":[],"class_list":{"0":"post-4087","1":"product","2":"type-product","3":"status-publish","4":"has-post-thumbnail","6":"product_cat-bijuteri-yuzuk","8":"first","9":"outofstock","10":"taxable","11":"shipping-taxable","12":"purchasable","13":"product-type-simple"},"_links":{"self":[{"href":"https:\/\/www.xladyaccessories.com\/fr\/wp-json\/wp\/v2\/product\/4087","targetHints":{"allow":["GET"]}}],"collection":[{"href":"https:\/\/www.xladyaccessories.com\/fr\/wp-json\/wp\/v2\/product"}],"about":[{"href":"https:\/\/www.xladyaccessories.com\/fr\/wp-json\/wp\/v2\/types\/product"}],"replies":[{"embeddable":true,"href":"https:\/\/www.xladyaccessories.com\/fr\/wp-json\/wp\/v2\/comments?post=4087"}],"wp:featuredmedia":[{"embeddable":true,"href":"https:\/\/www.xladyaccessories.com\/fr\/wp-json\/wp\/v2\/media\/4088"}],"wp:attachment":[{"href":"https:\/\/www.xladyaccessories.com\/fr\/wp-json\/wp\/v2\/media?parent=4087"}],"wp:term":[{"taxonomy":"product_brand","embeddable":true,"href":"https:\/\/www.xladyaccessories.com\/fr\/wp-json\/wp\/v2\/product_brand?post=4087"},{"taxonomy":"product_cat","embeddable":true,"href":"https:\/\/www.xladyaccessories.com\/fr\/wp-json\/wp\/v2\/product_cat?post=4087"},{"taxonomy":"product_tag","embeddable":true,"href":"https:\/\/www.xladyaccessories.com\/fr\/wp-json\/wp\/v2\/product_tag?post=4087"}],"curies":[{"name":"wp","href":"https:\/\/api.w.org\/{rel}","templated":true}]}}