{"id":4078,"date":"2021-07-10T17:24:42","date_gmt":"2021-07-10T14:24:42","guid":{"rendered":"https:\/\/www.xladyaccessories.com\/urun\/goz-detayli-minimal-yuzuk-rose-renk\/"},"modified":"2026-04-22T19:10:13","modified_gmt":"2026-04-22T16:10:13","slug":"toptan-goz-detayli-minimal-yuzuk-rose-renk","status":"publish","type":"product","link":"https:\/\/www.xladyaccessories.com\/fr\/produit\/bague-minimale-avec-detail-oeil-couleur-rose\/","title":{"rendered":"Wholesale Eye Detailed Minimal Ring Rose Colour"},"content":{"rendered":"<p>Tant qu&#039;il est tenu \u00e0 l&#039;\u00e9cart des produits chimiques tels que l&#039;eau, le parfum et la cr\u00e8me, il ne noircira pas.\u00a0<\/p>","protected":false},"excerpt":{"rendered":"<p> Accessoires X-Lady<\/p>","protected":false},"featured_media":4079,"comment_status":"open","ping_status":"closed","template":"","meta":[],"product_brand":[],"product_cat":[36],"product_tag":[],"class_list":{"0":"post-4078","1":"product","2":"type-product","3":"status-publish","4":"has-post-thumbnail","6":"product_cat-bijuteri-yuzuk","8":"first","9":"outofstock","10":"taxable","11":"shipping-taxable","12":"purchasable","13":"product-type-simple"},"_links":{"self":[{"href":"https:\/\/www.xladyaccessories.com\/fr\/wp-json\/wp\/v2\/product\/4078","targetHints":{"allow":["GET"]}}],"collection":[{"href":"https:\/\/www.xladyaccessories.com\/fr\/wp-json\/wp\/v2\/product"}],"about":[{"href":"https:\/\/www.xladyaccessories.com\/fr\/wp-json\/wp\/v2\/types\/product"}],"replies":[{"embeddable":true,"href":"https:\/\/www.xladyaccessories.com\/fr\/wp-json\/wp\/v2\/comments?post=4078"}],"wp:featuredmedia":[{"embeddable":true,"href":"https:\/\/www.xladyaccessories.com\/fr\/wp-json\/wp\/v2\/media\/4079"}],"wp:attachment":[{"href":"https:\/\/www.xladyaccessories.com\/fr\/wp-json\/wp\/v2\/media?parent=4078"}],"wp:term":[{"taxonomy":"product_brand","embeddable":true,"href":"https:\/\/www.xladyaccessories.com\/fr\/wp-json\/wp\/v2\/product_brand?post=4078"},{"taxonomy":"product_cat","embeddable":true,"href":"https:\/\/www.xladyaccessories.com\/fr\/wp-json\/wp\/v2\/product_cat?post=4078"},{"taxonomy":"product_tag","embeddable":true,"href":"https:\/\/www.xladyaccessories.com\/fr\/wp-json\/wp\/v2\/product_tag?post=4078"}],"curies":[{"name":"wp","href":"https:\/\/api.w.org\/{rel}","templated":true}]}}