{"id":3878,"date":"2021-05-26T16:44:26","date_gmt":"2021-05-26T13:44:26","guid":{"rendered":"https:\/\/www.xladyaccessories.com\/urun\/kadin-altin-renk-vintage-burgu-yuzuk\/"},"modified":"2026-04-15T23:26:17","modified_gmt":"2026-04-15T20:26:17","slug":"toptan-kadin-altin-renk-vintage-burgu-yuzuk","status":"publish","type":"product","link":"https:\/\/www.xladyaccessories.com\/fr\/produit\/bague-torsadee-vintage-couleur-or-pour-femme\/","title":{"rendered":"Grossiste Bague torsad\u00e9e vintage de couleur or pour femme"},"content":{"rendered":"<p>Rev\u00eatement sp\u00e9cial contre les allergies, l&#039;oxydation et le noircissement. Tant qu&#039;il est tenu \u00e0 l&#039;\u00e9cart des produits chimiques tels que la cr\u00e8me, l&#039;eau et le parfum, la dur\u00e9e d&#039;utilisation du produit est prolong\u00e9e.<\/p>","protected":false},"excerpt":{"rendered":"<p>Rev\u00eatement sp\u00e9cial contre les allergies, l&#039;oxydation et le noircissement. Tant qu&#039;il est tenu \u00e0 l&#039;\u00e9cart des produits chimiques tels que la cr\u00e8me, l&#039;eau et le parfum, la dur\u00e9e d&#039;utilisation du produit est prolong\u00e9e.<\/p>","protected":false},"featured_media":3879,"comment_status":"open","ping_status":"closed","template":"","meta":[],"product_brand":[],"product_cat":[36],"product_tag":[],"class_list":{"0":"post-3878","1":"product","2":"type-product","3":"status-publish","4":"has-post-thumbnail","6":"product_cat-bijuteri-yuzuk","8":"first","9":"instock","10":"taxable","11":"shipping-taxable","12":"purchasable","13":"product-type-simple"},"_links":{"self":[{"href":"https:\/\/www.xladyaccessories.com\/fr\/wp-json\/wp\/v2\/product\/3878","targetHints":{"allow":["GET"]}}],"collection":[{"href":"https:\/\/www.xladyaccessories.com\/fr\/wp-json\/wp\/v2\/product"}],"about":[{"href":"https:\/\/www.xladyaccessories.com\/fr\/wp-json\/wp\/v2\/types\/product"}],"replies":[{"embeddable":true,"href":"https:\/\/www.xladyaccessories.com\/fr\/wp-json\/wp\/v2\/comments?post=3878"}],"wp:featuredmedia":[{"embeddable":true,"href":"https:\/\/www.xladyaccessories.com\/fr\/wp-json\/wp\/v2\/media\/3879"}],"wp:attachment":[{"href":"https:\/\/www.xladyaccessories.com\/fr\/wp-json\/wp\/v2\/media?parent=3878"}],"wp:term":[{"taxonomy":"product_brand","embeddable":true,"href":"https:\/\/www.xladyaccessories.com\/fr\/wp-json\/wp\/v2\/product_brand?post=3878"},{"taxonomy":"product_cat","embeddable":true,"href":"https:\/\/www.xladyaccessories.com\/fr\/wp-json\/wp\/v2\/product_cat?post=3878"},{"taxonomy":"product_tag","embeddable":true,"href":"https:\/\/www.xladyaccessories.com\/fr\/wp-json\/wp\/v2\/product_tag?post=3878"}],"curies":[{"name":"wp","href":"https:\/\/api.w.org\/{rel}","templated":true}]}}