{"id":3715,"date":"2021-04-16T11:12:35","date_gmt":"2021-04-16T08:12:35","guid":{"rendered":"https:\/\/www.xladyaccessories.com\/urun\/gumus-renk-goz-detayli-minimal-yuzuk\/"},"modified":"2026-04-09T19:09:59","modified_gmt":"2026-04-09T16:09:59","slug":"toptan-gumus-renk-goz-detayli-minimal-yuzuk","status":"publish","type":"product","link":"https:\/\/www.xladyaccessories.com\/fr\/produit\/toptan-gumus-renk-goz-detayli-minimal-yuzuk\/","title":{"rendered":"Toptan G\u00fcm\u00fc\u015f Renk G\u00f6z Detayl\u0131 Minimal Y\u00fcz\u00fck"},"content":{"rendered":"<p>Su, parf\u00fcm, krem gibi kimyasal maddelerden uzak tutuldu\u011fu s\u00fcrece kararma olmaz. G\u00fcm\u00fc\u015f kaplamad\u0131r. ;<\/p>","protected":false},"excerpt":{"rendered":"<p> Accessoires X-Lady<\/p>","protected":false},"featured_media":3716,"comment_status":"open","ping_status":"closed","template":"","meta":[],"product_brand":[],"product_cat":[36],"product_tag":[],"class_list":{"0":"post-3715","1":"product","2":"type-product","3":"status-publish","4":"has-post-thumbnail","6":"product_cat-bijuteri-yuzuk","8":"first","9":"outofstock","10":"taxable","11":"shipping-taxable","12":"purchasable","13":"product-type-simple"},"_links":{"self":[{"href":"https:\/\/www.xladyaccessories.com\/fr\/wp-json\/wp\/v2\/product\/3715","targetHints":{"allow":["GET"]}}],"collection":[{"href":"https:\/\/www.xladyaccessories.com\/fr\/wp-json\/wp\/v2\/product"}],"about":[{"href":"https:\/\/www.xladyaccessories.com\/fr\/wp-json\/wp\/v2\/types\/product"}],"replies":[{"embeddable":true,"href":"https:\/\/www.xladyaccessories.com\/fr\/wp-json\/wp\/v2\/comments?post=3715"}],"wp:featuredmedia":[{"embeddable":true,"href":"https:\/\/www.xladyaccessories.com\/fr\/wp-json\/wp\/v2\/media\/3716"}],"wp:attachment":[{"href":"https:\/\/www.xladyaccessories.com\/fr\/wp-json\/wp\/v2\/media?parent=3715"}],"wp:term":[{"taxonomy":"product_brand","embeddable":true,"href":"https:\/\/www.xladyaccessories.com\/fr\/wp-json\/wp\/v2\/product_brand?post=3715"},{"taxonomy":"product_cat","embeddable":true,"href":"https:\/\/www.xladyaccessories.com\/fr\/wp-json\/wp\/v2\/product_cat?post=3715"},{"taxonomy":"product_tag","embeddable":true,"href":"https:\/\/www.xladyaccessories.com\/fr\/wp-json\/wp\/v2\/product_tag?post=3715"}],"curies":[{"name":"wp","href":"https:\/\/api.w.org\/{rel}","templated":true}]}}