{"id":3522,"date":"2021-03-18T17:01:53","date_gmt":"2021-03-18T14:01:53","guid":{"rendered":"https:\/\/www.xladyaccessories.com\/urun\/kadin-bodrum-mavi-boncuk-model-toplu-gumus-kaplama-italyan-kolye\/"},"modified":"2026-04-17T09:12:14","modified_gmt":"2026-04-17T06:12:14","slug":"toptan-kadin-bodrum-mavi-boncuk-model-toplu-gumus-kaplama-italyan-kolye","status":"publish","type":"product","link":"https:\/\/www.xladyaccessories.com\/fr\/produit\/collier-italien-plaque-argent-en-vrac-modele-de-perles-bleues-bodrum-pour-femmes\/","title":{"rendered":"Collier italien plaqu\u00e9 argent pour femme, mod\u00e8le Bodrum, perles bleues, vente en gros"},"content":{"rendered":"<p>Longueur de la cha\u00eene 40 cm Extension de 5 cm<\/p>\n<p>\u00a0<\/p>\n<p>Collier plaqu\u00e9 argent.<\/p>","protected":false},"excerpt":{"rendered":"<p>Accessoires X-Lady<\/p>","protected":false},"featured_media":3523,"comment_status":"open","ping_status":"closed","template":"","meta":[],"product_brand":[],"product_cat":[24],"product_tag":[],"class_list":{"0":"post-3522","1":"product","2":"type-product","3":"status-publish","4":"has-post-thumbnail","6":"product_cat-bijuteri-kolye","8":"first","9":"outofstock","10":"taxable","11":"shipping-taxable","12":"purchasable","13":"product-type-simple"},"_links":{"self":[{"href":"https:\/\/www.xladyaccessories.com\/fr\/wp-json\/wp\/v2\/product\/3522","targetHints":{"allow":["GET"]}}],"collection":[{"href":"https:\/\/www.xladyaccessories.com\/fr\/wp-json\/wp\/v2\/product"}],"about":[{"href":"https:\/\/www.xladyaccessories.com\/fr\/wp-json\/wp\/v2\/types\/product"}],"replies":[{"embeddable":true,"href":"https:\/\/www.xladyaccessories.com\/fr\/wp-json\/wp\/v2\/comments?post=3522"}],"wp:featuredmedia":[{"embeddable":true,"href":"https:\/\/www.xladyaccessories.com\/fr\/wp-json\/wp\/v2\/media\/3523"}],"wp:attachment":[{"href":"https:\/\/www.xladyaccessories.com\/fr\/wp-json\/wp\/v2\/media?parent=3522"}],"wp:term":[{"taxonomy":"product_brand","embeddable":true,"href":"https:\/\/www.xladyaccessories.com\/fr\/wp-json\/wp\/v2\/product_brand?post=3522"},{"taxonomy":"product_cat","embeddable":true,"href":"https:\/\/www.xladyaccessories.com\/fr\/wp-json\/wp\/v2\/product_cat?post=3522"},{"taxonomy":"product_tag","embeddable":true,"href":"https:\/\/www.xladyaccessories.com\/fr\/wp-json\/wp\/v2\/product_tag?post=3522"}],"curies":[{"name":"wp","href":"https:\/\/api.w.org\/{rel}","templated":true}]}}