{"id":3422,"date":"2021-03-04T15:28:07","date_gmt":"2021-03-04T12:28:07","guid":{"rendered":"https:\/\/www.xladyaccessories.com\/urun\/kadin-3lu-gold-yuzuk-seti\/"},"modified":"2026-04-14T10:26:14","modified_gmt":"2026-04-14T07:26:14","slug":"toptan-kadin-3lu-gold-yuzuk-seti","status":"publish","type":"product","link":"https:\/\/www.xladyaccessories.com\/fr\/produit\/ensemble-de-bagues-en-or-pour-femme-3-pieces\/","title":{"rendered":"Grossiste Ensemble de bagues en or 3 pi\u00e8ces pour femmes"},"content":{"rendered":"<p>Vendu par lot de 3. Les 3 mod\u00e8les sont r\u00e9glables par l&#039;arri\u00e8re et peuvent \u00eatre facilement ajust\u00e9s et utilis\u00e9s en fonction de la taille des doigts.<\/p>","protected":false},"excerpt":{"rendered":"<p> Accessoires X-Lady<\/p>","protected":false},"featured_media":3423,"comment_status":"open","ping_status":"closed","template":"","meta":[],"product_brand":[],"product_cat":[36],"product_tag":[],"class_list":{"0":"post-3422","1":"product","2":"type-product","3":"status-publish","4":"has-post-thumbnail","6":"product_cat-bijuteri-yuzuk","8":"first","9":"instock","10":"taxable","11":"shipping-taxable","12":"purchasable","13":"product-type-simple"},"_links":{"self":[{"href":"https:\/\/www.xladyaccessories.com\/fr\/wp-json\/wp\/v2\/product\/3422","targetHints":{"allow":["GET"]}}],"collection":[{"href":"https:\/\/www.xladyaccessories.com\/fr\/wp-json\/wp\/v2\/product"}],"about":[{"href":"https:\/\/www.xladyaccessories.com\/fr\/wp-json\/wp\/v2\/types\/product"}],"replies":[{"embeddable":true,"href":"https:\/\/www.xladyaccessories.com\/fr\/wp-json\/wp\/v2\/comments?post=3422"}],"wp:featuredmedia":[{"embeddable":true,"href":"https:\/\/www.xladyaccessories.com\/fr\/wp-json\/wp\/v2\/media\/3423"}],"wp:attachment":[{"href":"https:\/\/www.xladyaccessories.com\/fr\/wp-json\/wp\/v2\/media?parent=3422"}],"wp:term":[{"taxonomy":"product_brand","embeddable":true,"href":"https:\/\/www.xladyaccessories.com\/fr\/wp-json\/wp\/v2\/product_brand?post=3422"},{"taxonomy":"product_cat","embeddable":true,"href":"https:\/\/www.xladyaccessories.com\/fr\/wp-json\/wp\/v2\/product_cat?post=3422"},{"taxonomy":"product_tag","embeddable":true,"href":"https:\/\/www.xladyaccessories.com\/fr\/wp-json\/wp\/v2\/product_tag?post=3422"}],"curies":[{"name":"wp","href":"https:\/\/api.w.org\/{rel}","templated":true}]}}