{"id":3414,"date":"2021-03-04T15:27:32","date_gmt":"2021-03-04T12:27:32","guid":{"rendered":"https:\/\/www.xladyaccessories.com\/urun\/kadin-gold-oval-sovalye-yuzuk\/"},"modified":"2026-04-28T19:09:41","modified_gmt":"2026-04-28T16:09:41","slug":"toptan-kadin-gold-oval-sovalye-yuzuk","status":"publish","type":"product","link":"https:\/\/www.xladyaccessories.com\/fr\/produit\/bague-chevalier-ovale-en-or-pour-femme\/","title":{"rendered":"Bague de chevalier ovale en or pour femme, vente en gros"},"content":{"rendered":"<p>Tant qu&#039;il est tenu \u00e0 l&#039;\u00e9cart des produits chimiques tels que l&#039;eau, le parfum et la cr\u00e8me, il ne noircira pas. ; C&#039;est une bague r\u00e9glable en laiton. ;<\/p>","protected":false},"excerpt":{"rendered":"<p>Tant qu&#039;il est tenu \u00e0 l&#039;\u00e9cart des produits chimiques tels que l&#039;eau, le parfum et la cr\u00e8me, il ne noircira pas. ; C&#039;est une bague r\u00e9glable en laiton. ;<\/p>","protected":false},"featured_media":3415,"comment_status":"open","ping_status":"closed","template":"","meta":[],"product_brand":[],"product_cat":[36],"product_tag":[],"class_list":{"0":"post-3414","1":"product","2":"type-product","3":"status-publish","4":"has-post-thumbnail","6":"product_cat-bijuteri-yuzuk","8":"first","9":"outofstock","10":"taxable","11":"shipping-taxable","12":"purchasable","13":"product-type-simple"},"_links":{"self":[{"href":"https:\/\/www.xladyaccessories.com\/fr\/wp-json\/wp\/v2\/product\/3414","targetHints":{"allow":["GET"]}}],"collection":[{"href":"https:\/\/www.xladyaccessories.com\/fr\/wp-json\/wp\/v2\/product"}],"about":[{"href":"https:\/\/www.xladyaccessories.com\/fr\/wp-json\/wp\/v2\/types\/product"}],"replies":[{"embeddable":true,"href":"https:\/\/www.xladyaccessories.com\/fr\/wp-json\/wp\/v2\/comments?post=3414"}],"wp:featuredmedia":[{"embeddable":true,"href":"https:\/\/www.xladyaccessories.com\/fr\/wp-json\/wp\/v2\/media\/3415"}],"wp:attachment":[{"href":"https:\/\/www.xladyaccessories.com\/fr\/wp-json\/wp\/v2\/media?parent=3414"}],"wp:term":[{"taxonomy":"product_brand","embeddable":true,"href":"https:\/\/www.xladyaccessories.com\/fr\/wp-json\/wp\/v2\/product_brand?post=3414"},{"taxonomy":"product_cat","embeddable":true,"href":"https:\/\/www.xladyaccessories.com\/fr\/wp-json\/wp\/v2\/product_cat?post=3414"},{"taxonomy":"product_tag","embeddable":true,"href":"https:\/\/www.xladyaccessories.com\/fr\/wp-json\/wp\/v2\/product_tag?post=3414"}],"curies":[{"name":"wp","href":"https:\/\/api.w.org\/{rel}","templated":true}]}}