{"id":3398,"date":"2021-03-04T15:23:28","date_gmt":"2021-03-04T12:23:28","guid":{"rendered":"https:\/\/www.xladyaccessories.com\/urun\/siyah-kaplama-italyan-ezme-zincir-kolye-bileklik-taki-seti-zincir\/"},"modified":"2023-09-25T09:03:16","modified_gmt":"2023-09-25T06:03:16","slug":"toptan-siyah-kaplama-italyan-ezme-zincir-kolye-bileklik-taki-seti-zincir","status":"publish","type":"product","link":"https:\/\/www.xladyaccessories.com\/fr\/produit\/chaine-densemble-de-bijoux-de-bracelet-de-collier-de-chaine-decrasement-italien-plaque-noir\/","title":{"rendered":"Ensemble de bijoux collier et bracelet cha\u00eene italienne plaqu\u00e9e noire, vente en gros"},"content":{"rendered":"<p>Vous ne pouvez pas le distinguer de l&#039;argent v\u00e9ritable en termes d&#039;apparence, vous pouvez prolonger la dur\u00e9e de vie de tous les produits en argent en les gardant \u00e0 l&#039;\u00e9cart de substances telles que le parfum, le d\u00e9odorant, le savon, la cr\u00e8me, l&#039;alcool et l&#039;eau de Javel, avec un rev\u00eatement sp\u00e9cial contre les allergies, l&#039;oxydation et ternissant, vous pouvez les utiliser en toute s\u00e9r\u00e9nit\u00e9 pour les mariages, les fian\u00e7ailles, les occasions sp\u00e9ciales ou dans la vie quotidienne.<\/p>\n<p>Ensemble de bracelets collier plaqu\u00e9 noir<\/p>","protected":false},"excerpt":{"rendered":"<p>Accessoires X-Lady<\/p>","protected":false},"featured_media":3399,"comment_status":"open","ping_status":"closed","template":"","meta":[],"product_brand":[],"product_cat":[26],"product_tag":[],"class_list":{"0":"post-3398","1":"product","2":"type-product","3":"status-publish","4":"has-post-thumbnail","6":"product_cat-bijuteri-settakim","8":"first","9":"outofstock","10":"taxable","11":"shipping-taxable","12":"purchasable","13":"product-type-simple"},"_links":{"self":[{"href":"https:\/\/www.xladyaccessories.com\/fr\/wp-json\/wp\/v2\/product\/3398","targetHints":{"allow":["GET"]}}],"collection":[{"href":"https:\/\/www.xladyaccessories.com\/fr\/wp-json\/wp\/v2\/product"}],"about":[{"href":"https:\/\/www.xladyaccessories.com\/fr\/wp-json\/wp\/v2\/types\/product"}],"replies":[{"embeddable":true,"href":"https:\/\/www.xladyaccessories.com\/fr\/wp-json\/wp\/v2\/comments?post=3398"}],"wp:featuredmedia":[{"embeddable":true,"href":"https:\/\/www.xladyaccessories.com\/fr\/wp-json\/wp\/v2\/media\/3399"}],"wp:attachment":[{"href":"https:\/\/www.xladyaccessories.com\/fr\/wp-json\/wp\/v2\/media?parent=3398"}],"wp:term":[{"taxonomy":"product_brand","embeddable":true,"href":"https:\/\/www.xladyaccessories.com\/fr\/wp-json\/wp\/v2\/product_brand?post=3398"},{"taxonomy":"product_cat","embeddable":true,"href":"https:\/\/www.xladyaccessories.com\/fr\/wp-json\/wp\/v2\/product_cat?post=3398"},{"taxonomy":"product_tag","embeddable":true,"href":"https:\/\/www.xladyaccessories.com\/fr\/wp-json\/wp\/v2\/product_tag?post=3398"}],"curies":[{"name":"wp","href":"https:\/\/api.w.org\/{rel}","templated":true}]}}