{"id":3395,"date":"2021-03-04T15:23:01","date_gmt":"2021-03-04T12:23:01","guid":{"rendered":"https:\/\/www.xladyaccessories.com\/urun\/figaro-savin-3e1-alasim-erkek-bileklik-ve-kolye-zincir-set-rose-renk\/"},"modified":"2024-06-27T09:11:20","modified_gmt":"2024-06-27T06:11:20","slug":"toptan-figaro-savin-3e1-alasim-erkek-bileklik-ve-kolye-zincir-set-rose-renk","status":"publish","type":"product","link":"https:\/\/www.xladyaccessories.com\/fr\/produit\/figaro-savin-ensemble-bracelet-et-collier-en-alliage-pour-hommes-couleur-rose-3e1\/","title":{"rendered":"Ensemble bracelet et collier Figaro Shawin 3 en 1 en alliage pour homme, couleur rose, en vente en gros"},"content":{"rendered":"<p>Il est de longueur et d&#039;\u00e9paisseur moyennes, il n&#039;a pas l&#039;air fin ou \u00e9pais sur votre poignet ou votre cou.\u00a0<\/p>\n<p>Largeur : 3 mm\u00a0<\/p>\n<p>Longueur du bracelet : 21 cm\u00a0<\/p>\n<p>Largeur du collier : 3 mm\u00a0<\/p>\n<p>Longueur du collier : 55 cm\u00a0<\/p>\n<p>\u2013 Toutes les photos du produit ont \u00e9t\u00e9 prises par nos soins et vous recevrez le m\u00eame produit qui appara\u00eet sur la photo. \u2013\u00a0<\/p>\n<p>Avant de commander, vous pouvez visualiser le poids et les dimensions en v\u00e9rifiant les dimensions ci-dessus afin que l&#039;image du produit ne vous induise pas en erreur.<\/p>\n<ul><\/ul>\n<p>\u00a0<\/p>\n<p>window.adminAccountId=117627709\u00a0;<\/p>\n<p>\u00a0<\/p>\n<p>Couleur : plaqu\u00e9 rose.<\/p>","protected":false},"excerpt":{"rendered":"<p>Accessoires X-Lady<\/p>","protected":false},"featured_media":3396,"comment_status":"open","ping_status":"closed","template":"","meta":[],"product_brand":[],"product_cat":[26],"product_tag":[],"class_list":{"0":"post-3395","1":"product","2":"type-product","3":"status-publish","4":"has-post-thumbnail","6":"product_cat-bijuteri-settakim","8":"first","9":"outofstock","10":"taxable","11":"shipping-taxable","12":"purchasable","13":"product-type-simple"},"_links":{"self":[{"href":"https:\/\/www.xladyaccessories.com\/fr\/wp-json\/wp\/v2\/product\/3395","targetHints":{"allow":["GET"]}}],"collection":[{"href":"https:\/\/www.xladyaccessories.com\/fr\/wp-json\/wp\/v2\/product"}],"about":[{"href":"https:\/\/www.xladyaccessories.com\/fr\/wp-json\/wp\/v2\/types\/product"}],"replies":[{"embeddable":true,"href":"https:\/\/www.xladyaccessories.com\/fr\/wp-json\/wp\/v2\/comments?post=3395"}],"wp:featuredmedia":[{"embeddable":true,"href":"https:\/\/www.xladyaccessories.com\/fr\/wp-json\/wp\/v2\/media\/3396"}],"wp:attachment":[{"href":"https:\/\/www.xladyaccessories.com\/fr\/wp-json\/wp\/v2\/media?parent=3395"}],"wp:term":[{"taxonomy":"product_brand","embeddable":true,"href":"https:\/\/www.xladyaccessories.com\/fr\/wp-json\/wp\/v2\/product_brand?post=3395"},{"taxonomy":"product_cat","embeddable":true,"href":"https:\/\/www.xladyaccessories.com\/fr\/wp-json\/wp\/v2\/product_cat?post=3395"},{"taxonomy":"product_tag","embeddable":true,"href":"https:\/\/www.xladyaccessories.com\/fr\/wp-json\/wp\/v2\/product_tag?post=3395"}],"curies":[{"name":"wp","href":"https:\/\/api.w.org\/{rel}","templated":true}]}}