{"id":3308,"date":"2021-03-04T14:50:31","date_gmt":"2021-03-04T11:50:31","guid":{"rendered":"https:\/\/www.xladyaccessories.com\/urun\/kombin-roma-rakamli-kelepce-bileklik\/"},"modified":"2026-04-27T19:09:34","modified_gmt":"2026-04-27T16:09:34","slug":"toptan-kombin-roma-rakamli-kelepce-bileklik","status":"publish","type":"product","link":"https:\/\/www.xladyaccessories.com\/fr\/produit\/bracelet-manchette-a-combinaison-de-chiffres-romains\/","title":{"rendered":"Grossiste Bracelet \u00e0 pince pour chiffres romains combin\u00e9s"},"content":{"rendered":"<p>Contenu du produit<\/p>\n<p>1 apr\u00e8s JC. Bracelet couleur argent<\/p>\n<p>1 pi\u00e8ce : bracelet rose.<\/p>\n<p>1 apr\u00e8s JC. Bracelet couleur or<\/p>\n<ul>\n<li>NE FONCE PAS. IL NE PROVOQUE PAS D&#039;ALLERGIE. Il est recommand\u00e9 de l&#039;utiliser \u00e0 l&#039;\u00e9cart du parfum, de l&#039;eau, des d\u00e9tergents et des produits chimiques liquides. Tous les produits de cette collection poss\u00e8dent des caract\u00e9ristiques sans nickel.<\/li>\n<\/ul>","protected":false},"excerpt":{"rendered":"<p>Accessoires X-Lady<\/p>","protected":false},"featured_media":3309,"comment_status":"open","ping_status":"closed","template":"","meta":[],"product_brand":[],"product_cat":[26],"product_tag":[],"class_list":{"0":"post-3308","1":"product","2":"type-product","3":"status-publish","4":"has-post-thumbnail","6":"product_cat-bijuteri-settakim","8":"first","9":"outofstock","10":"taxable","11":"shipping-taxable","12":"purchasable","13":"product-type-simple"},"_links":{"self":[{"href":"https:\/\/www.xladyaccessories.com\/fr\/wp-json\/wp\/v2\/product\/3308","targetHints":{"allow":["GET"]}}],"collection":[{"href":"https:\/\/www.xladyaccessories.com\/fr\/wp-json\/wp\/v2\/product"}],"about":[{"href":"https:\/\/www.xladyaccessories.com\/fr\/wp-json\/wp\/v2\/types\/product"}],"replies":[{"embeddable":true,"href":"https:\/\/www.xladyaccessories.com\/fr\/wp-json\/wp\/v2\/comments?post=3308"}],"wp:featuredmedia":[{"embeddable":true,"href":"https:\/\/www.xladyaccessories.com\/fr\/wp-json\/wp\/v2\/media\/3309"}],"wp:attachment":[{"href":"https:\/\/www.xladyaccessories.com\/fr\/wp-json\/wp\/v2\/media?parent=3308"}],"wp:term":[{"taxonomy":"product_brand","embeddable":true,"href":"https:\/\/www.xladyaccessories.com\/fr\/wp-json\/wp\/v2\/product_brand?post=3308"},{"taxonomy":"product_cat","embeddable":true,"href":"https:\/\/www.xladyaccessories.com\/fr\/wp-json\/wp\/v2\/product_cat?post=3308"},{"taxonomy":"product_tag","embeddable":true,"href":"https:\/\/www.xladyaccessories.com\/fr\/wp-json\/wp\/v2\/product_tag?post=3308"}],"curies":[{"name":"wp","href":"https:\/\/api.w.org\/{rel}","templated":true}]}}