{"id":3297,"date":"2021-03-04T14:48:16","date_gmt":"2021-03-04T11:48:16","guid":{"rendered":"https:\/\/www.xladyaccessories.com\/urun\/kadin-gumus-dortlu-duz-kombin-bileklik-set\/"},"modified":"2026-04-24T09:09:50","modified_gmt":"2026-04-24T06:09:50","slug":"toptan-kadin-gumus-dortlu-duz-kombin-bileklik-set","status":"publish","type":"product","link":"https:\/\/www.xladyaccessories.com\/fr\/produit\/ensemble-de-bracelets-unis-en-argent-pour-femme-quatre-pieces\/","title":{"rendered":"Ensemble de bracelets unis en argent pour femmes, quatre pi\u00e8ces, vente en gros"},"content":{"rendered":"<ul>\n<li>Un rev\u00eatement sp\u00e9cial a \u00e9t\u00e9 utilis\u00e9 contre le ternissement.<\/li>\n<li>Le contact avec des substances telles que la cr\u00e8me, le parfum et l&#039;alcool doit \u00eatre \u00e9vit\u00e9.<\/li>\n<li>Boyut:Ayarlanabilir \u00f6l\u00e7\u00fc<\/li>\n<\/ul>","protected":false},"excerpt":{"rendered":"<p>Kararmaya kar\u015f\u0131 \u00f6zel kaplama kullan\u0131lm\u0131\u015ft\u0131r. Krem,parf\u00fcm,alkol gibi maddeler ile temas\u0131ndan ka\u00e7\u0131n\u0131lmal\u0131d\u0131r. Boyut:Ayarlanabilir \u00f6l\u00e7\u00fc<\/p>","protected":false},"featured_media":3298,"comment_status":"open","ping_status":"closed","template":"","meta":[],"product_brand":[],"product_cat":[42],"product_tag":[],"class_list":{"0":"post-3297","1":"product","2":"type-product","3":"status-publish","4":"has-post-thumbnail","6":"product_cat-bijuteri-bileklik","8":"first","9":"instock","10":"taxable","11":"shipping-taxable","12":"purchasable","13":"product-type-simple"},"_links":{"self":[{"href":"https:\/\/www.xladyaccessories.com\/fr\/wp-json\/wp\/v2\/product\/3297","targetHints":{"allow":["GET"]}}],"collection":[{"href":"https:\/\/www.xladyaccessories.com\/fr\/wp-json\/wp\/v2\/product"}],"about":[{"href":"https:\/\/www.xladyaccessories.com\/fr\/wp-json\/wp\/v2\/types\/product"}],"replies":[{"embeddable":true,"href":"https:\/\/www.xladyaccessories.com\/fr\/wp-json\/wp\/v2\/comments?post=3297"}],"wp:featuredmedia":[{"embeddable":true,"href":"https:\/\/www.xladyaccessories.com\/fr\/wp-json\/wp\/v2\/media\/3298"}],"wp:attachment":[{"href":"https:\/\/www.xladyaccessories.com\/fr\/wp-json\/wp\/v2\/media?parent=3297"}],"wp:term":[{"taxonomy":"product_brand","embeddable":true,"href":"https:\/\/www.xladyaccessories.com\/fr\/wp-json\/wp\/v2\/product_brand?post=3297"},{"taxonomy":"product_cat","embeddable":true,"href":"https:\/\/www.xladyaccessories.com\/fr\/wp-json\/wp\/v2\/product_cat?post=3297"},{"taxonomy":"product_tag","embeddable":true,"href":"https:\/\/www.xladyaccessories.com\/fr\/wp-json\/wp\/v2\/product_tag?post=3297"}],"curies":[{"name":"wp","href":"https:\/\/api.w.org\/{rel}","templated":true}]}}