{"id":3192,"date":"2021-03-04T14:26:38","date_gmt":"2021-03-04T11:26:38","guid":{"rendered":"https:\/\/www.xladyaccessories.com\/urun\/kadin-altin-dortlu-duz-kombin-zincir-bileklik\/"},"modified":"2026-04-04T19:09:26","modified_gmt":"2026-04-04T16:09:26","slug":"toptan-kadin-altin-dortlu-duz-kombin-zincir-bileklik","status":"publish","type":"product","link":"https:\/\/www.xladyaccessories.com\/fr\/produit\/bracelet-a-chaine-combine-en-or-pour-femme-en-gros-quatre-pieces\/","title":{"rendered":"Bracelet \u00e0 cha\u00eene combin\u00e9e quadruple en or pour femme, vente en gros"},"content":{"rendered":"<p>\u00a0Taille : Taille standard, r\u00e9glable. ; Un rev\u00eatement sp\u00e9cial est utilis\u00e9 pour \u00e9viter le ternissement. ; Le contact avec des substances telles que la cr\u00e8me, le parfum, l&#039;alcool doit \u00eatre \u00e9vit\u00e9.\u00a0<\/p>","protected":false},"excerpt":{"rendered":"<p>Accessoires X-Lady<\/p>","protected":false},"featured_media":3193,"comment_status":"open","ping_status":"closed","template":"","meta":[],"product_brand":[],"product_cat":[42],"product_tag":[],"class_list":{"0":"post-3192","1":"product","2":"type-product","3":"status-publish","4":"has-post-thumbnail","6":"product_cat-bijuteri-bileklik","8":"first","9":"instock","10":"taxable","11":"shipping-taxable","12":"purchasable","13":"product-type-simple"},"_links":{"self":[{"href":"https:\/\/www.xladyaccessories.com\/fr\/wp-json\/wp\/v2\/product\/3192","targetHints":{"allow":["GET"]}}],"collection":[{"href":"https:\/\/www.xladyaccessories.com\/fr\/wp-json\/wp\/v2\/product"}],"about":[{"href":"https:\/\/www.xladyaccessories.com\/fr\/wp-json\/wp\/v2\/types\/product"}],"replies":[{"embeddable":true,"href":"https:\/\/www.xladyaccessories.com\/fr\/wp-json\/wp\/v2\/comments?post=3192"}],"wp:featuredmedia":[{"embeddable":true,"href":"https:\/\/www.xladyaccessories.com\/fr\/wp-json\/wp\/v2\/media\/3193"}],"wp:attachment":[{"href":"https:\/\/www.xladyaccessories.com\/fr\/wp-json\/wp\/v2\/media?parent=3192"}],"wp:term":[{"taxonomy":"product_brand","embeddable":true,"href":"https:\/\/www.xladyaccessories.com\/fr\/wp-json\/wp\/v2\/product_brand?post=3192"},{"taxonomy":"product_cat","embeddable":true,"href":"https:\/\/www.xladyaccessories.com\/fr\/wp-json\/wp\/v2\/product_cat?post=3192"},{"taxonomy":"product_tag","embeddable":true,"href":"https:\/\/www.xladyaccessories.com\/fr\/wp-json\/wp\/v2\/product_tag?post=3192"}],"curies":[{"name":"wp","href":"https:\/\/api.w.org\/{rel}","templated":true}]}}