{"id":3047,"date":"2021-03-04T11:16:18","date_gmt":"2021-03-04T08:16:18","guid":{"rendered":"https:\/\/www.xladyaccessories.com\/urun\/kadin-uclu-seri-zincir-kolye-silver-katmanli-kolye-choker-uzun-coklu-kolye\/"},"modified":"2026-04-23T19:08:54","modified_gmt":"2026-04-23T16:08:54","slug":"toptan-kadin-uclu-seri-zincir-kolye-silver-katmanli-kolye-choker-uzun-coklu-kolye","status":"publish","type":"product","link":"https:\/\/www.xladyaccessories.com\/fr\/produit\/pendentif-pour-femme-chaine-en-serie-collier-superpose-en-argent-ras-du-cou-long-et-multiple\/","title":{"rendered":"Collier ras du cou triple cha\u00eene Sherry pour femme, collier argent\u00e9 superpos\u00e9, long collier multi-rangs, vente en gros"},"content":{"rendered":"<p>Collier cha\u00eene Triple Sherry couleur argent pour femmes, collier ras du cou Long, collier Multiple <\/p>\n<p>Taille: r\u00e9glable<\/p>","protected":false},"excerpt":{"rendered":"<p>Accessoires X-Lady<\/p>","protected":false},"featured_media":3048,"comment_status":"open","ping_status":"closed","template":"","meta":[],"product_brand":[],"product_cat":[24],"product_tag":[],"class_list":{"0":"post-3047","1":"product","2":"type-product","3":"status-publish","4":"has-post-thumbnail","6":"product_cat-bijuteri-kolye","8":"first","9":"instock","10":"taxable","11":"shipping-taxable","12":"purchasable","13":"product-type-simple"},"_links":{"self":[{"href":"https:\/\/www.xladyaccessories.com\/fr\/wp-json\/wp\/v2\/product\/3047","targetHints":{"allow":["GET"]}}],"collection":[{"href":"https:\/\/www.xladyaccessories.com\/fr\/wp-json\/wp\/v2\/product"}],"about":[{"href":"https:\/\/www.xladyaccessories.com\/fr\/wp-json\/wp\/v2\/types\/product"}],"replies":[{"embeddable":true,"href":"https:\/\/www.xladyaccessories.com\/fr\/wp-json\/wp\/v2\/comments?post=3047"}],"wp:featuredmedia":[{"embeddable":true,"href":"https:\/\/www.xladyaccessories.com\/fr\/wp-json\/wp\/v2\/media\/3048"}],"wp:attachment":[{"href":"https:\/\/www.xladyaccessories.com\/fr\/wp-json\/wp\/v2\/media?parent=3047"}],"wp:term":[{"taxonomy":"product_brand","embeddable":true,"href":"https:\/\/www.xladyaccessories.com\/fr\/wp-json\/wp\/v2\/product_brand?post=3047"},{"taxonomy":"product_cat","embeddable":true,"href":"https:\/\/www.xladyaccessories.com\/fr\/wp-json\/wp\/v2\/product_cat?post=3047"},{"taxonomy":"product_tag","embeddable":true,"href":"https:\/\/www.xladyaccessories.com\/fr\/wp-json\/wp\/v2\/product_tag?post=3047"}],"curies":[{"name":"wp","href":"https:\/\/api.w.org\/{rel}","templated":true}]}}