{"id":27924,"date":"2025-09-19T16:21:45","date_gmt":"2025-09-19T13:21:45","guid":{"rendered":"https:\/\/www.xladyaccessories.com\/urun\/toptan-gumus-renk-sira-tasli-siyah-damla-model-sf-zincir-celik-kolye-3781\/"},"modified":"2026-04-04T19:47:07","modified_gmt":"2026-04-04T16:47:07","slug":"toptan-gumus-renk-sira-tasli-siyah-damla-model-sf-zincir-celik-kolye-3781","status":"publish","type":"product","link":"https:\/\/www.xladyaccessories.com\/fr\/produit\/toptan-gumus-renk-sira-tasli-siyah-damla-model-sf-zincir-celik-kolye-3781\/","title":{"rendered":"Grossiste Collier Argent Couleur Rang\u00e9e Pierre Noir Pendentif Mod\u00e8le Sf Cha\u00eene Acier - 3781"},"content":{"rendered":"<p>Il ne noircit pas, ne se d\u00e9colore pas et est \u00e9galement anti-allergique.<br \/> Il est fabriqu\u00e9 \u00e0 partir de la classe d&#039;acier la plus \u00e9lev\u00e9e.<br \/> C&#039;est pourquoi il est antiallergique et couleur garantie.<br \/> Le mat\u00e9riau du produit est l&#039;acier et la pierre de zircon.<\/p>\n<p> Les mod\u00e8les de toute notre collection Steel se d\u00e9marquent par leurs prix abordables et leur durabilit\u00e9.\u00a0<br \/> -Ne ternit pas<\/p>\n<p>-Inoxydable<\/p>\n<p>-Convient pour un usage quotidien<\/p>\n<p>-Convient pour une utilisation \u00e0 long terme<\/p>\n<p>-Imperm\u00e9able\u00a0<br \/> \u00a0<\/p>\n<p><strong>Sp\u00e9cifications techniques du produit\u00a0:<\/strong><\/p>\n<ul>\n<li>Le mat\u00e9riau est de l&#039;acier\u00a0<\/li>\n<li>Il convient \u00e9galement aux peaux sensibles car il a pass\u00e9 avec succ\u00e8s le test d&#039;allergie.<\/li>\n<li>Le mat\u00e9riau du produit \u00e9tant l&#039;acier, vous pouvez l&#039;utiliser sous la douche, en mer, dans la lessive, la vaisselle et dans des endroits similaires en toute tranquillit\u00e9. Il ne ternira pas et ne rouillera pas.<\/li>\n<\/ul>\n<p>Nos produits sont des produits de production de masse. En fonction de la disponibilit\u00e9 sur le march\u00e9, des diff\u00e9rences mineures peuvent appara\u00eetre dans les produits sans perturber le th\u00e8me principal. Tels que l&#039;\u00e9paisseur de la cha\u00eene, la longueur de l&#039;anneau, etc.<\/p>","protected":false},"excerpt":{"rendered":"<p>Mod\u00e8les de colliers en acier \u00e9l\u00e9gants<\/p>","protected":false},"featured_media":27925,"comment_status":"closed","ping_status":"open","template":"","meta":[],"product_brand":[],"product_cat":[96],"product_tag":[],"class_list":{"0":"post-27924","1":"product","2":"type-product","3":"status-publish","4":"has-post-thumbnail","6":"product_cat-celik-kolye","8":"first","9":"instock","10":"taxable","11":"shipping-taxable","12":"purchasable","13":"product-type-simple"},"_links":{"self":[{"href":"https:\/\/www.xladyaccessories.com\/fr\/wp-json\/wp\/v2\/product\/27924","targetHints":{"allow":["GET"]}}],"collection":[{"href":"https:\/\/www.xladyaccessories.com\/fr\/wp-json\/wp\/v2\/product"}],"about":[{"href":"https:\/\/www.xladyaccessories.com\/fr\/wp-json\/wp\/v2\/types\/product"}],"replies":[{"embeddable":true,"href":"https:\/\/www.xladyaccessories.com\/fr\/wp-json\/wp\/v2\/comments?post=27924"}],"wp:featuredmedia":[{"embeddable":true,"href":"https:\/\/www.xladyaccessories.com\/fr\/wp-json\/wp\/v2\/media\/27925"}],"wp:attachment":[{"href":"https:\/\/www.xladyaccessories.com\/fr\/wp-json\/wp\/v2\/media?parent=27924"}],"wp:term":[{"taxonomy":"product_brand","embeddable":true,"href":"https:\/\/www.xladyaccessories.com\/fr\/wp-json\/wp\/v2\/product_brand?post=27924"},{"taxonomy":"product_cat","embeddable":true,"href":"https:\/\/www.xladyaccessories.com\/fr\/wp-json\/wp\/v2\/product_cat?post=27924"},{"taxonomy":"product_tag","embeddable":true,"href":"https:\/\/www.xladyaccessories.com\/fr\/wp-json\/wp\/v2\/product_tag?post=27924"}],"curies":[{"name":"wp","href":"https:\/\/api.w.org\/{rel}","templated":true}]}}