{"id":2750,"date":"2021-03-04T10:05:45","date_gmt":"2021-03-04T07:05:45","guid":{"rendered":"https:\/\/www.xladyaccessories.com\/urun\/kadin-2li-gold-kaplama-lux-tiffany-blanca-model-kalin-zincir-kolye-ve-bileklik-seti\/"},"modified":"2026-04-19T09:08:27","modified_gmt":"2026-04-19T06:08:27","slug":"toptan-kadin-2li-gold-kaplama-lux-tiffany-blanca-model-kalin-zincir-kolye-ve-bileklik-seti","status":"publish","type":"product","link":"https:\/\/www.xladyaccessories.com\/fr\/produit\/ensemble-collier-et-bracelet-a-chaine-epaisse-pour-femme-plaque-or-modele-tiffany-blanca-de-luxe-2-pieces\/","title":{"rendered":"Ensemble collier et bracelet \u00e0 cha\u00eene \u00e9paisse plaqu\u00e9 or pour femme, mod\u00e8le Tiffany Blanca, 2 pi\u00e8ces, vente en gros"},"content":{"rendered":"<p>Il est fabriqu\u00e9 en alliage inoxydable et ne provoque pas de ternissement ou de rouille sur la peau.<\/p>\n<p>\u00a0<\/p>\n<p>\u00a0<\/p>\n<p>\u00a0<\/p>\n<p>Sa couleur est enduite et ne se d\u00e9colle pas.<\/p>\n<p>\u00a0<\/p>\n<p>\u00a0<\/p>\n<p>\u00a0<\/p>\n<p>Il ne doit pas entrer en contact avec du parfum.<\/p>","protected":false},"excerpt":{"rendered":"<p>Accessoires X-Lady<\/p>","protected":false},"featured_media":2751,"comment_status":"open","ping_status":"closed","template":"","meta":[],"product_brand":[],"product_cat":[26],"product_tag":[],"class_list":{"0":"post-2750","1":"product","2":"type-product","3":"status-publish","4":"has-post-thumbnail","6":"product_cat-bijuteri-settakim","8":"first","9":"outofstock","10":"taxable","11":"shipping-taxable","12":"purchasable","13":"product-type-simple"},"_links":{"self":[{"href":"https:\/\/www.xladyaccessories.com\/fr\/wp-json\/wp\/v2\/product\/2750","targetHints":{"allow":["GET"]}}],"collection":[{"href":"https:\/\/www.xladyaccessories.com\/fr\/wp-json\/wp\/v2\/product"}],"about":[{"href":"https:\/\/www.xladyaccessories.com\/fr\/wp-json\/wp\/v2\/types\/product"}],"replies":[{"embeddable":true,"href":"https:\/\/www.xladyaccessories.com\/fr\/wp-json\/wp\/v2\/comments?post=2750"}],"wp:featuredmedia":[{"embeddable":true,"href":"https:\/\/www.xladyaccessories.com\/fr\/wp-json\/wp\/v2\/media\/2751"}],"wp:attachment":[{"href":"https:\/\/www.xladyaccessories.com\/fr\/wp-json\/wp\/v2\/media?parent=2750"}],"wp:term":[{"taxonomy":"product_brand","embeddable":true,"href":"https:\/\/www.xladyaccessories.com\/fr\/wp-json\/wp\/v2\/product_brand?post=2750"},{"taxonomy":"product_cat","embeddable":true,"href":"https:\/\/www.xladyaccessories.com\/fr\/wp-json\/wp\/v2\/product_cat?post=2750"},{"taxonomy":"product_tag","embeddable":true,"href":"https:\/\/www.xladyaccessories.com\/fr\/wp-json\/wp\/v2\/product_tag?post=2750"}],"curies":[{"name":"wp","href":"https:\/\/api.w.org\/{rel}","templated":true}]}}