{"id":27433,"date":"2025-08-22T13:53:07","date_gmt":"2025-08-22T10:53:07","guid":{"rendered":"https:\/\/www.xladyaccessories.com\/urun\/toptan-gumus-renk-yuvarlak-beyaz-tasli-model-arnavut-zincir-celik-bileklik-3678\/"},"modified":"2026-04-19T09:24:27","modified_gmt":"2026-04-19T06:24:27","slug":"toptan-gumus-renk-yuvarlak-beyaz-tasli-model-arnavut-zincir-celik-bileklik-3678","status":"publish","type":"product","link":"https:\/\/www.xladyaccessories.com\/fr\/produit\/toptan-gumus-renk-yuvarlak-beyaz-tasli-model-arnavut-zincir-celik-bileklik-3678\/","title":{"rendered":"Bracelet en acier avec pierre blanche ronde couleur argent, mod\u00e8le albanais \u2013 3678"},"content":{"rendered":"<h2 data-end=\"237\" data-start=\"188\">\u2728 Bracelet en acier \u2013 Ajoutez de l&#039;\u00e9clat \u00e0 chaque instant !<\/h2>\n<p data-end=\"444\" data-start=\"239\">Durable et moderne, refl\u00e9tant votre style <strong data-end=\"304\" data-start=\"281\">avec des bracelets en acier<\/strong> Affirmez votre diff\u00e9rence. Nos bracelets en acier inoxydable <strong data-end=\"442\" data-start=\"373\">Il ne fonce pas, ne provoque pas d&#039;allergies et conserve son \u00e9clat du premier jour pendant des ann\u00e9es.<\/strong><\/p>\n<p data-end=\"602\" data-start=\"446\">  <strong data-end=\"501\" data-start=\"449\">Des lignes minimalistes aux mod\u00e8les \u00e9l\u00e9gants orn\u00e9s de pierres<\/strong> Gr\u00e2ce \u00e0 sa large gamme d&#039;options, elle ajoute une touche d&#039;\u00e9l\u00e9gance \u00e0 vos tenues quotidiennes comme \u00e0 vos occasions sp\u00e9ciales.<\/p>\n<p data-end=\"875\" data-start=\"604\">\u2705 <strong data-end=\"631\" data-start=\"606\">Inalt\u00e9rable et inalt\u00e9rable<\/strong> \u2013 Conserve longtemps l&#039;\u00e9clat du premier jour.<br data-end=\"676\" data-start=\"673\"> \u2705 <strong data-end=\"695\" data-start=\"678\">Ne provoque pas d&#039;allergie<\/strong> \u2013 Il est particuli\u00e8rement recommand\u00e9 pour les peaux sensibles.<br data-end=\"743\" data-start=\"740\"> \u2705 <strong data-end=\"758\" data-start=\"745\">R\u00e9sistant<\/strong> \u2013 Il ne se casse pas, ne se d\u00e9forme pas et peut \u00eatre utilis\u00e9 pendant des ann\u00e9es.<br data-end=\"811\" data-start=\"808\"> \u2705 <strong data-end=\"842\" data-start=\"813\">Des designs \u00e9l\u00e9gants et modernes<\/strong> \u2013 Une \u00e9l\u00e9gance qui s\u00e9duit tous les go\u00fbts.<\/p>\n<p data-end=\"1003\" data-start=\"877\">  Si vous recherchez un cadeau inoubliable pour vos proches, les bracelets en acier sont une excellente option. <strong data-end=\"1001\" data-start=\"947\">C&#039;est un choix parfait qui se distingue par son \u00e9l\u00e9gance intemporelle.<\/strong><\/p>\n<p data-end=\"1075\" data-start=\"1005\">  <strong data-end=\"1073\" data-start=\"1008\">D\u00e9couvrez d\u00e8s maintenant et ajoutez votre article pr\u00e9f\u00e9r\u00e9 \u00e0 votre panier avant \u00e9puisement des stocks !<\/strong><\/p>\n<p>Nos produits sont des produits de production de masse. En fonction de la disponibilit\u00e9 sur le march\u00e9, des diff\u00e9rences mineures peuvent appara\u00eetre dans les produits sans perturber le th\u00e8me principal. Tels que l&#039;\u00e9paisseur de la cha\u00eene, la longueur de l&#039;anneau, etc.<\/p>","protected":false},"excerpt":{"rendered":"<p>Mod\u00e8les de bracelets en acier \u00e9l\u00e9gants<\/p>","protected":false},"featured_media":27434,"comment_status":"closed","ping_status":"open","template":"","meta":[],"product_brand":[],"product_cat":[83],"product_tag":[],"class_list":{"0":"post-27433","1":"product","2":"type-product","3":"status-publish","4":"has-post-thumbnail","6":"product_cat-celik-bileklik","8":"first","9":"instock","10":"taxable","11":"shipping-taxable","12":"purchasable","13":"product-type-simple"},"_links":{"self":[{"href":"https:\/\/www.xladyaccessories.com\/fr\/wp-json\/wp\/v2\/product\/27433","targetHints":{"allow":["GET"]}}],"collection":[{"href":"https:\/\/www.xladyaccessories.com\/fr\/wp-json\/wp\/v2\/product"}],"about":[{"href":"https:\/\/www.xladyaccessories.com\/fr\/wp-json\/wp\/v2\/types\/product"}],"replies":[{"embeddable":true,"href":"https:\/\/www.xladyaccessories.com\/fr\/wp-json\/wp\/v2\/comments?post=27433"}],"wp:featuredmedia":[{"embeddable":true,"href":"https:\/\/www.xladyaccessories.com\/fr\/wp-json\/wp\/v2\/media\/27434"}],"wp:attachment":[{"href":"https:\/\/www.xladyaccessories.com\/fr\/wp-json\/wp\/v2\/media?parent=27433"}],"wp:term":[{"taxonomy":"product_brand","embeddable":true,"href":"https:\/\/www.xladyaccessories.com\/fr\/wp-json\/wp\/v2\/product_brand?post=27433"},{"taxonomy":"product_cat","embeddable":true,"href":"https:\/\/www.xladyaccessories.com\/fr\/wp-json\/wp\/v2\/product_cat?post=27433"},{"taxonomy":"product_tag","embeddable":true,"href":"https:\/\/www.xladyaccessories.com\/fr\/wp-json\/wp\/v2\/product_tag?post=27433"}],"curies":[{"name":"wp","href":"https:\/\/api.w.org\/{rel}","templated":true}]}}