{"id":26693,"date":"2025-07-14T17:32:05","date_gmt":"2025-07-14T14:32:05","guid":{"rendered":"https:\/\/www.xladyaccessories.com\/urun\/toptan-gumus-renk-yildiz-sira-inci-celik-sahmeran-3532\/"},"modified":"2026-04-16T09:25:27","modified_gmt":"2026-04-16T06:25:27","slug":"toptan-gumus-renk-yildiz-sira-inci-celik-sahmeran-3532","status":"publish","type":"product","link":"https:\/\/www.xladyaccessories.com\/fr\/produit\/vente-en-gros-de-perles-en-acier-couleur-argent-rangee-detoiles-sahmeran-3532\/","title":{"rendered":"Shahmaran en acier nacr\u00e9 couleur argent, vente en gros \u2013 3532"},"content":{"rendered":"<p data-end=\"107\" data-start=\"69\"><strong data-end=\"107\" data-start=\"69\">\u00c9l\u00e9gant et durable : Steel Shahmaran<\/strong><\/p>\n<p data-end=\"479\" data-start=\"109\">Incontournable de l&#039;\u00e9l\u00e9gance au quotidien, le shahmaran en acier se distingue par son style simple et saisissant. Fabriqu\u00e9 en acier inoxydable de haute qualit\u00e9, ce mod\u00e8le exclusif est r\u00e9sistant au ternissement, \u00e0 l&#039;eau et au sel marin. Portez-le en toute confiance en mer, sous la douche ou lors de vos journ\u00e9es charg\u00e9es. Sa conception douce pour la peau minimise les risques d&#039;allergies et assure un confort optimal.<\/p>\n<p data-end=\"506\" data-start=\"481\"><strong data-end=\"506\" data-start=\"481\">Caract\u00e9ristiques principales :<\/strong><\/p>\n<ul data-end=\"777\" data-start=\"507\">\n<li data-end=\"563\" data-start=\"507\">\n<p data-end=\"563\" data-start=\"509\">%100 paslanmaz \u00e7elik: Kararma yapmaz, uzun \u00f6m\u00fcrl\u00fcd\u00fcr<\/p>\n<\/li>\n<li data-end=\"615\" data-start=\"564\">\n<p data-end=\"615\" data-start=\"566\">R\u00e9sistant \u00e0 l&#039;eau, au sel marin et \u00e0 la sueur<\/p>\n<\/li>\n<li data-end=\"676\" data-start=\"616\">\n<p data-end=\"676\" data-start=\"618\">Convient pour un usage quotidien, prot\u00e8ge votre \u00e9l\u00e9gance dans n&#039;importe quel environnement.<\/p>\n<\/li>\n<li data-end=\"734\" data-start=\"677\">\n<p data-end=\"734\" data-start=\"679\">Gr\u00e2ce \u00e0 sa structure r\u00e9glable, il s&#039;adapte \u00e0 tous les poignets.<\/p>\n<\/li>\n<li data-end=\"777\" data-start=\"735\">\n<p data-end=\"777\" data-start=\"737\">Il se distingue par ses d\u00e9tails modernes et \u00e9l\u00e9gants.<\/p>\n<\/li>\n<\/ul>\n<p data-end=\"860\" data-start=\"779\">Si vous souhaitez ajouter \u00e0 la fois \u00e9l\u00e9gance et durabilit\u00e9 \u00e0 votre style, ce shahmeran est fait pour vous !<\/p>\n<p>Nos produits sont des produits de production de masse. En fonction de la disponibilit\u00e9 sur le march\u00e9, des diff\u00e9rences mineures peuvent appara\u00eetre dans les produits sans perturber le th\u00e8me principal. Tels que l&#039;\u00e9paisseur de la cha\u00eene, la longueur de l&#039;anneau, etc.<\/p>","protected":false},"excerpt":{"rendered":"<p>Shahmarans en acier \u00e9l\u00e9gants<\/p>","protected":false},"featured_media":26694,"comment_status":"closed","ping_status":"open","template":"","meta":[],"product_brand":[],"product_cat":[194],"product_tag":[],"class_list":{"0":"post-26693","1":"product","2":"type-product","3":"status-publish","4":"has-post-thumbnail","6":"product_cat-celik-sahmeran","8":"first","9":"outofstock","10":"taxable","11":"shipping-taxable","12":"purchasable","13":"product-type-simple"},"_links":{"self":[{"href":"https:\/\/www.xladyaccessories.com\/fr\/wp-json\/wp\/v2\/product\/26693","targetHints":{"allow":["GET"]}}],"collection":[{"href":"https:\/\/www.xladyaccessories.com\/fr\/wp-json\/wp\/v2\/product"}],"about":[{"href":"https:\/\/www.xladyaccessories.com\/fr\/wp-json\/wp\/v2\/types\/product"}],"replies":[{"embeddable":true,"href":"https:\/\/www.xladyaccessories.com\/fr\/wp-json\/wp\/v2\/comments?post=26693"}],"wp:featuredmedia":[{"embeddable":true,"href":"https:\/\/www.xladyaccessories.com\/fr\/wp-json\/wp\/v2\/media\/26694"}],"wp:attachment":[{"href":"https:\/\/www.xladyaccessories.com\/fr\/wp-json\/wp\/v2\/media?parent=26693"}],"wp:term":[{"taxonomy":"product_brand","embeddable":true,"href":"https:\/\/www.xladyaccessories.com\/fr\/wp-json\/wp\/v2\/product_brand?post=26693"},{"taxonomy":"product_cat","embeddable":true,"href":"https:\/\/www.xladyaccessories.com\/fr\/wp-json\/wp\/v2\/product_cat?post=26693"},{"taxonomy":"product_tag","embeddable":true,"href":"https:\/\/www.xladyaccessories.com\/fr\/wp-json\/wp\/v2\/product_tag?post=26693"}],"curies":[{"name":"wp","href":"https:\/\/api.w.org\/{rel}","templated":true}]}}