{"id":2657,"date":"2021-03-04T09:27:53","date_gmt":"2021-03-04T06:27:53","guid":{"rendered":"https:\/\/www.xladyaccessories.com\/urun\/barok-inci-bileklik\/"},"modified":"2026-04-16T19:08:22","modified_gmt":"2026-04-16T16:08:22","slug":"toptan-barok-inci-bileklik","status":"publish","type":"product","link":"https:\/\/www.xladyaccessories.com\/fr\/produit\/bracelet-de-perles-baroques\/","title":{"rendered":"Bracelet de perles baroques en gros"},"content":{"rendered":"<p>Un bijou de qualit\u00e9.; Il ne contient pas de nickel ; C&#039;est antiallergique; Il ne noircit pas \u00e0 moins d&#039;\u00eatre touch\u00e9 par des produits chimiques\u00a0;<\/p>","protected":false},"excerpt":{"rendered":"<p>Accessoires X-Lady<\/p>","protected":false},"featured_media":2658,"comment_status":"open","ping_status":"closed","template":"","meta":[],"product_brand":[],"product_cat":[42],"product_tag":[],"class_list":{"0":"post-2657","1":"product","2":"type-product","3":"status-publish","4":"has-post-thumbnail","6":"product_cat-bijuteri-bileklik","8":"first","9":"instock","10":"taxable","11":"shipping-taxable","12":"purchasable","13":"product-type-simple"},"_links":{"self":[{"href":"https:\/\/www.xladyaccessories.com\/fr\/wp-json\/wp\/v2\/product\/2657","targetHints":{"allow":["GET"]}}],"collection":[{"href":"https:\/\/www.xladyaccessories.com\/fr\/wp-json\/wp\/v2\/product"}],"about":[{"href":"https:\/\/www.xladyaccessories.com\/fr\/wp-json\/wp\/v2\/types\/product"}],"replies":[{"embeddable":true,"href":"https:\/\/www.xladyaccessories.com\/fr\/wp-json\/wp\/v2\/comments?post=2657"}],"wp:featuredmedia":[{"embeddable":true,"href":"https:\/\/www.xladyaccessories.com\/fr\/wp-json\/wp\/v2\/media\/2658"}],"wp:attachment":[{"href":"https:\/\/www.xladyaccessories.com\/fr\/wp-json\/wp\/v2\/media?parent=2657"}],"wp:term":[{"taxonomy":"product_brand","embeddable":true,"href":"https:\/\/www.xladyaccessories.com\/fr\/wp-json\/wp\/v2\/product_brand?post=2657"},{"taxonomy":"product_cat","embeddable":true,"href":"https:\/\/www.xladyaccessories.com\/fr\/wp-json\/wp\/v2\/product_cat?post=2657"},{"taxonomy":"product_tag","embeddable":true,"href":"https:\/\/www.xladyaccessories.com\/fr\/wp-json\/wp\/v2\/product_tag?post=2657"}],"curies":[{"name":"wp","href":"https:\/\/api.w.org\/{rel}","templated":true}]}}