{"id":2650,"date":"2021-03-04T09:13:02","date_gmt":"2021-03-04T06:13:02","guid":{"rendered":"https:\/\/www.xladyaccessories.com\/urun\/gold-kaplama-orta-boy-gourmet-zincir-halhal\/"},"modified":"2026-04-28T19:08:18","modified_gmt":"2026-04-28T16:08:18","slug":"toptan-gold-kaplama-orta-boy-gourmet-zincir-halhal","status":"publish","type":"product","link":"https:\/\/www.xladyaccessories.com\/fr\/produit\/bracelet-de-cheville-chaine-gourmet-plaque-or-de-taille-moyenne\/","title":{"rendered":"Grossiste Chaine de Cheville Gourmet Moyenne Plaqu\u00e9e Or"},"content":{"rendered":"<div>\n<div>La dur\u00e9e d&#039;utilisation de l&#039;accessoire sera prolong\u00e9e \u00e0 condition qu&#039;il soit tenu \u00e0 l&#039;\u00e9cart du parfum, du savon, de l&#039;alcool et des produits chimiques similaires.<\/div>\n<div>Un rev\u00eatement protecteur sp\u00e9cial a \u00e9t\u00e9 appliqu\u00e9 sur le produit contre les allergies, l&#039;oxydation et le noircissement.<\/div>\n<\/div>","protected":false},"excerpt":{"rendered":"<p>Accessoires X-Lady<\/p>","protected":false},"featured_media":2651,"comment_status":"open","ping_status":"closed","template":"","meta":[],"product_brand":[],"product_cat":[52],"product_tag":[],"class_list":{"0":"post-2650","1":"product","2":"type-product","3":"status-publish","4":"has-post-thumbnail","6":"product_cat-bijuteri-halhal","8":"first","9":"instock","10":"taxable","11":"shipping-taxable","12":"purchasable","13":"product-type-simple"},"_links":{"self":[{"href":"https:\/\/www.xladyaccessories.com\/fr\/wp-json\/wp\/v2\/product\/2650","targetHints":{"allow":["GET"]}}],"collection":[{"href":"https:\/\/www.xladyaccessories.com\/fr\/wp-json\/wp\/v2\/product"}],"about":[{"href":"https:\/\/www.xladyaccessories.com\/fr\/wp-json\/wp\/v2\/types\/product"}],"replies":[{"embeddable":true,"href":"https:\/\/www.xladyaccessories.com\/fr\/wp-json\/wp\/v2\/comments?post=2650"}],"wp:featuredmedia":[{"embeddable":true,"href":"https:\/\/www.xladyaccessories.com\/fr\/wp-json\/wp\/v2\/media\/2651"}],"wp:attachment":[{"href":"https:\/\/www.xladyaccessories.com\/fr\/wp-json\/wp\/v2\/media?parent=2650"}],"wp:term":[{"taxonomy":"product_brand","embeddable":true,"href":"https:\/\/www.xladyaccessories.com\/fr\/wp-json\/wp\/v2\/product_brand?post=2650"},{"taxonomy":"product_cat","embeddable":true,"href":"https:\/\/www.xladyaccessories.com\/fr\/wp-json\/wp\/v2\/product_cat?post=2650"},{"taxonomy":"product_tag","embeddable":true,"href":"https:\/\/www.xladyaccessories.com\/fr\/wp-json\/wp\/v2\/product_tag?post=2650"}],"curies":[{"name":"wp","href":"https:\/\/api.w.org\/{rel}","templated":true}]}}