{"id":25752,"date":"2025-04-11T17:17:57","date_gmt":"2025-04-11T14:17:57","guid":{"rendered":"https:\/\/www.xladyaccessories.com\/urun\/altin-renk-barok-yildiz-model-singapur-ve-sf-zincir-celik-halhal-3297\/"},"modified":"2026-04-10T19:22:26","modified_gmt":"2026-04-10T16:22:26","slug":"toptan-altin-renk-barok-yildiz-model-singapur-ve-sf-zincir-celik-halhal-3297","status":"publish","type":"product","link":"https:\/\/www.xladyaccessories.com\/fr\/produit\/bracelet-de-cheville-en-acier-avec-chaine-sf-modele-etoile-baroque-couleur-or-en-gros-a-singapour-ref-3297\/","title":{"rendered":"Grossiste Couleur Or Mod\u00e8le \u00c9toile Baroque Singapour et Cha\u00eene Sf Acier Cheville - 3297"},"content":{"rendered":"<p><strong>Collection Premium en acier et pierres de zircon<\/strong><\/p>\n<p><strong>Caract\u00e9ristiques principales :<\/strong><\/p>\n<ul>\n<li>\n<p><strong>Anti-ternissement et antirouille :<\/strong>\u00a0Nos produits, fabriqu\u00e9s en acier de la plus haute qualit\u00e9, r\u00e9sistent au ternissement et \u00e0 la rouille.<\/p>\n<\/li>\n<li>\n<p><strong>Anti-allergique :<\/strong>\u00a0Il a pass\u00e9 avec succ\u00e8s les tests d&#039;allergie et est id\u00e9al pour les peaux sensibles.<\/p>\n<\/li>\n<li>\n<p><strong>Couleur garantie :<\/strong>\u00a0Gr\u00e2ce \u00e0 sa qualit\u00e9 d&#039;acier sup\u00e9rieure, il n&#039;y a aucun changement de couleur.<\/p>\n<\/li>\n<li>\n<p><strong>R\u00e9sistant \u00e0 l&#039;eau :<\/strong>\u00a0Il peut \u00eatre utilis\u00e9 en toute s\u00e9curit\u00e9 sous la douche, en mer, pendant le lavage du linge et de la vaisselle.<\/p>\n<\/li>\n<li>\n<p><strong>Utilisation quotidienne et \u00e0 long terme :<\/strong>\u00a0Il convient aussi bien \u00e0 un usage quotidien qu&#039;\u00e0 un usage \u00e0 long terme.<\/p>\n<\/li>\n<\/ul>\n<p><strong>Sp\u00e9cifications techniques :<\/strong><\/p>\n<ul>\n<li>\n<p><strong>Mat\u00e9riel:<\/strong>\u00a0Acier et pierre de zircon<\/p>\n<\/li>\n<li>\n<p><strong>Domaines d&#039;utilisation :<\/strong>\u00a0Il r\u00e9siste \u00e0 tous types de contact avec l&#039;eau tels que la douche, la mer, le linge et la vaisselle.<\/p>\n<\/li>\n<li>\n<p><strong>Compatibilit\u00e9 cutan\u00e9e :<\/strong>\u00a0Il a pass\u00e9 les tests d&#039;allergie et convient aux peaux sensibles.<\/p>\n<\/li>\n<\/ul>\n<p><strong>\u00c0 propos de la collection :<\/strong><br \/> Notre collection compl\u00e8te de rev\u00eatements est \u00e0 l\u2019avant-garde avec ses prix abordables et sa durabilit\u00e9. Nos produits sont con\u00e7us pour vous accompagner dans votre quotidien, alliant \u00e0 la fois \u00e9l\u00e9gance et praticit\u00e9.<\/p>\n<p><strong>Pourquoi nous?<\/strong><\/p>\n<ul>\n<li>\n<p><strong>Qualit\u00e9:<\/strong>\u00a0Utilisation garantie \u00e0 long terme gr\u00e2ce \u00e0 l&#039;utilisation d&#039;acier de premi\u00e8re qualit\u00e9.<\/p>\n<\/li>\n<li>\n<p><strong>Confiance:<\/strong>\u00a0Gr\u00e2ce \u00e0 ses caract\u00e9ristiques antiallergiques et r\u00e9sistantes \u00e0 l&#039;eau, vous pouvez l&#039;utiliser en toute s\u00e9curit\u00e9 dans n&#039;importe quelle situation.<\/p>\n<\/li>\n<li>\n<p><strong>Esth\u00e9tique:<\/strong>\u00a0Prot\u00e9gez votre \u00e9l\u00e9gance avec des designs aux couleurs garanties.<\/p>\n<\/li>\n<\/ul>\n<p><strong>Utilisez-le en toute tranquillit\u00e9 !<\/strong><br \/> Nos produits ne ternissent pas, ne rouillent pas et ne changent pas de couleur sous aucun pr\u00e9texte. Il a \u00e9t\u00e9 con\u00e7u pour vous accompagner dans votre quotidien et vos moments privil\u00e9gi\u00e9s.<\/p>\n<p>Nos produits sont des produits de production de masse. En fonction de la disponibilit\u00e9 sur le march\u00e9, des diff\u00e9rences mineures peuvent appara\u00eetre dans les produits sans perturber le th\u00e8me principal. Tels que l&#039;\u00e9paisseur de la cha\u00eene, la longueur de l&#039;anneau, etc.<\/p>","protected":false},"excerpt":{"rendered":"<p>Bracelets de cheville \u00e9l\u00e9gants en acier<\/p>","protected":false},"featured_media":25753,"comment_status":"closed","ping_status":"open","template":"","meta":[],"product_brand":[],"product_cat":[193],"product_tag":[],"class_list":{"0":"post-25752","1":"product","2":"type-product","3":"status-publish","4":"has-post-thumbnail","6":"product_cat-celik-halhallar-halhal-ayak-zinciri","8":"first","9":"outofstock","10":"taxable","11":"shipping-taxable","12":"purchasable","13":"product-type-simple"},"_links":{"self":[{"href":"https:\/\/www.xladyaccessories.com\/fr\/wp-json\/wp\/v2\/product\/25752","targetHints":{"allow":["GET"]}}],"collection":[{"href":"https:\/\/www.xladyaccessories.com\/fr\/wp-json\/wp\/v2\/product"}],"about":[{"href":"https:\/\/www.xladyaccessories.com\/fr\/wp-json\/wp\/v2\/types\/product"}],"replies":[{"embeddable":true,"href":"https:\/\/www.xladyaccessories.com\/fr\/wp-json\/wp\/v2\/comments?post=25752"}],"wp:featuredmedia":[{"embeddable":true,"href":"https:\/\/www.xladyaccessories.com\/fr\/wp-json\/wp\/v2\/media\/25753"}],"wp:attachment":[{"href":"https:\/\/www.xladyaccessories.com\/fr\/wp-json\/wp\/v2\/media?parent=25752"}],"wp:term":[{"taxonomy":"product_brand","embeddable":true,"href":"https:\/\/www.xladyaccessories.com\/fr\/wp-json\/wp\/v2\/product_brand?post=25752"},{"taxonomy":"product_cat","embeddable":true,"href":"https:\/\/www.xladyaccessories.com\/fr\/wp-json\/wp\/v2\/product_cat?post=25752"},{"taxonomy":"product_tag","embeddable":true,"href":"https:\/\/www.xladyaccessories.com\/fr\/wp-json\/wp\/v2\/product_tag?post=25752"}],"curies":[{"name":"wp","href":"https:\/\/api.w.org\/{rel}","templated":true}]}}