{"id":23990,"date":"2024-01-18T16:18:50","date_gmt":"2024-01-18T13:18:50","guid":{"rendered":"https:\/\/www.xladyaccessories.com\/urun\/altin-renk-kirmizi-mineli-balik-pandora-model-zirkon-kolye-2986\/"},"modified":"2026-04-08T19:21:26","modified_gmt":"2026-04-08T16:21:26","slug":"toptan-altin-renk-kirmizi-mineli-balik-pandora-model-zirkon-kolye-2986","status":"publish","type":"product","link":"https:\/\/www.xladyaccessories.com\/fr\/produit\/collier-pandora-en-forme-de-poisson-en-email-rouge-couleur-or-en-zircon-2986\/","title":{"rendered":"Grossiste Collier Pandora mod\u00e8le Zircon avec poisson en \u00e9mail rouge couleur or - 2986"},"content":{"rendered":"<div class=\"detailmodule_html\">\n<div class=\"detail-desc-decorate-richtext\">\n<div><strong>Collier en pierre de Zircon<\/strong><\/div>\n<div>\n<p>Attirant l&#039;attention par son \u00e9l\u00e9gance et son design sophistiqu\u00e9, le collier en pierre de zircon est con\u00e7u pour rendre chaque instant sp\u00e9cial. Brillant de l&#039;\u00e9clat des pierres de zircon, ce collier ajoutera une touche sophistiqu\u00e9e \u00e0 votre style.<\/p>\n<p><strong>Caract\u00e9ristiques du produit:<\/strong><\/p>\n<ul>\n<li><strong>Mat\u00e9riel de qualit\u00e9 :<\/strong> Le collier est fait de mat\u00e9riaux de qualit\u00e9 qui garantissent une utilisation durable.<\/li>\n<li><strong>D\u00e9tails de la pierre de zircone\u00a0:<\/strong> La pierre zircon, qui constitue le visuel principal du collier, refl\u00e8te magnifiquement la lumi\u00e8re et offre un \u00e9clat impressionnant.<\/li>\n<li><strong>Design \u00e9l\u00e9gant :<\/strong> Les d\u00e9tails finement travaill\u00e9s rendent le collier \u00e0 la fois accrocheur et \u00e9l\u00e9gant. Il compl\u00e9tera parfaitement chacun de vos looks.<\/li>\n<li><strong>Longueur de cha\u00eene r\u00e9glable\u00a0:<\/strong> La cha\u00eene du collier est r\u00e9glable en longueur et s&#039;adapte \u00e0 diff\u00e9rentes tailles.<\/li>\n<li><strong>L\u00e9ger et confortable\u00a0:<\/strong> Gr\u00e2ce \u00e0 sa structure l\u00e9g\u00e8re, vous pouvez l&#039;utiliser confortablement toute la journ\u00e9e.<\/li>\n<\/ul>\n<p><strong>Utilisation et entretien du produit\u00a0:<\/strong> Le collier en pierre de zircon n\u00e9cessite une utilisation et un entretien soigneux. Vous pouvez garantir que le collier reste brillant pendant longtemps en \u00e9vitant les chocs excessifs. Il est important d\u2019\u00e9viter tout contact avec des produits chimiques comme les parfums et lotions pour pr\u00e9server l\u2019\u00e9clat de la pierre. Il est recommand\u00e9 d&#039;utiliser un chiffon doux pour le nettoyage.<\/p>\n<p><strong>Avantages de la pierre de zircon :<\/strong> La pierre de zircon est une pierre qui apporte non seulement des bienfaits esth\u00e9tiques mais \u00e9galement des bienfaits pour la sant\u00e9. Elle a des effets positifs sur le syst\u00e8me digestif. Il peut acc\u00e9l\u00e9rer les activit\u00e9s mentales, assurer l\u2019\u00e9quilibre \u00e9motionnel et aider \u00e0 r\u00e9guler l\u2019\u00e9quilibre \u00e9nerg\u00e9tique. De plus, tout en ajoutant de l&#039;\u00e9l\u00e9gance, il peut procurer un sentiment d&#039;acceptation sociale et soulager les probl\u00e8mes d&#039;alimentation et de boisson gr\u00e2ce \u00e0 son effet stimulant l&#039;app\u00e9tit.<\/p>\n<p>Le collier en pierre de zircon se distingue par son design \u00e9l\u00e9gant et impressionnant. Fabriqu\u00e9 \u00e0 partir de mat\u00e9riaux de qualit\u00e9, ce collier attire l&#039;attention gr\u00e2ce \u00e0 l&#039;\u00e9clat fascinant de la pierre de zircon. La longueur de la cha\u00eene r\u00e9glable s&#039;adapte \u00e0 diff\u00e9rentes tailles. Gr\u00e2ce \u00e0 sa structure l\u00e9g\u00e8re, il peut \u00eatre utilis\u00e9 facilement tout au long de la journ\u00e9e. Il s&#039;adapte \u00e0 tous les styles gr\u00e2ce \u00e0 son design \u00e9l\u00e9gant. Il est recommand\u00e9 d&#039;\u00e9viter les chocs brusques lors de l&#039;utilisation du collier. Il est recommand\u00e9 de nettoyer avec un chiffon doux.<\/p>\n<p>Le collier en pierre de zircon est une option parfaite pour ceux qui veulent rendre chaque instant sp\u00e9cial avec son \u00e9l\u00e9gance et sa brillance. Vous pouvez commander d\u00e8s maintenant pour ajouter une touche sophistiqu\u00e9e \u00e0 votre style.<\/p>\n<\/div>\n<\/div>\n<\/div>\n<p>window.adminAccountId=222258222\u00a0;<\/p>","protected":false},"excerpt":{"rendered":"<p>Colliers \u00e9l\u00e9gants en zircon<\/p>","protected":false},"featured_media":28357,"comment_status":"closed","ping_status":"open","template":"","meta":[],"product_brand":[],"product_cat":[100],"product_tag":[],"class_list":{"0":"post-23990","1":"product","2":"type-product","3":"status-publish","4":"has-post-thumbnail","6":"product_cat-zirkon-kolye","8":"first","9":"outofstock","10":"taxable","11":"shipping-taxable","12":"purchasable","13":"product-type-simple"},"_links":{"self":[{"href":"https:\/\/www.xladyaccessories.com\/fr\/wp-json\/wp\/v2\/product\/23990","targetHints":{"allow":["GET"]}}],"collection":[{"href":"https:\/\/www.xladyaccessories.com\/fr\/wp-json\/wp\/v2\/product"}],"about":[{"href":"https:\/\/www.xladyaccessories.com\/fr\/wp-json\/wp\/v2\/types\/product"}],"replies":[{"embeddable":true,"href":"https:\/\/www.xladyaccessories.com\/fr\/wp-json\/wp\/v2\/comments?post=23990"}],"wp:featuredmedia":[{"embeddable":true,"href":"https:\/\/www.xladyaccessories.com\/fr\/wp-json\/wp\/v2\/media\/28357"}],"wp:attachment":[{"href":"https:\/\/www.xladyaccessories.com\/fr\/wp-json\/wp\/v2\/media?parent=23990"}],"wp:term":[{"taxonomy":"product_brand","embeddable":true,"href":"https:\/\/www.xladyaccessories.com\/fr\/wp-json\/wp\/v2\/product_brand?post=23990"},{"taxonomy":"product_cat","embeddable":true,"href":"https:\/\/www.xladyaccessories.com\/fr\/wp-json\/wp\/v2\/product_cat?post=23990"},{"taxonomy":"product_tag","embeddable":true,"href":"https:\/\/www.xladyaccessories.com\/fr\/wp-json\/wp\/v2\/product_tag?post=23990"}],"curies":[{"name":"wp","href":"https:\/\/api.w.org\/{rel}","templated":true}]}}