{"id":23794,"date":"2023-12-14T12:51:56","date_gmt":"2023-12-14T09:51:56","guid":{"rendered":"https:\/\/www.xladyaccessories.com\/urun\/altin-renk-kedi-model-miyuki-bileklik-2949\/"},"modified":"2026-04-17T19:20:53","modified_gmt":"2026-04-17T16:20:53","slug":"toptan-altin-renk-kedi-model-miyuki-bileklik-2949","status":"publish","type":"product","link":"https:\/\/www.xladyaccessories.com\/fr\/produit\/bracelet-miyuki-modele-chat-couleur-or-2949\/","title":{"rendered":"Grossiste Bracelet Miyuki mod\u00e8le chat couleur or - 2949"},"content":{"rendered":"<p><strong>Bracelet Miyuki - Conception de bijoux \u00e9l\u00e9gante et styl\u00e9e<\/strong><\/p>\n<p>Le bracelet Miyuki est un bijou sp\u00e9cial qui allie \u00e9l\u00e9gance et \u00e9l\u00e9gance. Ce bracelet, soigneusement fabriqu\u00e9 \u00e0 la main, est une pi\u00e8ce sp\u00e9ciale avec chaque d\u00e9tail. D&#039;\u00e9l\u00e9gantes perles miyuki rendent ce bracelet unique et vous permettent de refl\u00e9ter votre style.<\/p>\n<p><strong>Caract\u00e9ristiques:<\/strong><\/p>\n<ul>\n<li>Fabriqu\u00e9 \u00e0 la main \u00e0 partir de perles Miyuki de haute qualit\u00e9.<\/li>\n<li>Le fil durable et flexible garantit une utilisation durable.<\/li>\n<li>Un design sp\u00e9cial vous rend diff\u00e9rent des autres.<\/li>\n<\/ul>\n<p><strong>Apportez de l&#039;\u00e9l\u00e9gance \u00e0 votre vie quotidienne :<\/strong> Le bracelet Miyuki est un accessoire \u00e9l\u00e9gant que vous pouvez porter au quotidien ou lors d&#039;occasions sp\u00e9ciales. Que vous le combiniez avec vos tenues quotidiennes ou que vous le choisissiez pour un \u00e9v\u00e9nement sp\u00e9cial, ce bracelet vous donnera toujours une allure \u00e9l\u00e9gante.<\/p>\n<p><strong>L\u00e9ger et confortable\u00a0:<\/strong> Gr\u00e2ce \u00e0 sa structure l\u00e9g\u00e8re, vous pourrez l&#039;utiliser facilement toute la journ\u00e9e. Ce bracelet allie \u00e9l\u00e9gance et confort.<\/p>\n<p><strong>Option cadeau parfaite\u00a0:<\/strong> Le bracelet Miyuki, que vous pouvez choisir comme cadeau pour vos proches lors d&#039;occasions sp\u00e9ciales, est une excellente fa\u00e7on de leur offrir un cadeau sp\u00e9cial et significatif.<\/p>\n<ul>\n<li>bracelet miyuki fait main<\/li>\n<li>Conception de bijoux \u00e9l\u00e9gants<\/li>\n<li>Perles Miyuki \u00e9l\u00e9gantes et sp\u00e9ciales<\/li>\n<li>Utilisation l\u00e9g\u00e8re et confortable<\/li>\n<li>Le cadeau parfait pour les occasions sp\u00e9ciales<\/li>\n<\/ul>\n<p>Ce bracelet miyuki sera une pi\u00e8ce unique qui refl\u00e8te votre style. Choisissez d\u00e8s maintenant le bracelet Miyuki pour ajouter une touche \u00e9l\u00e9gante \u00e0 votre style ! Ajouter au panier et passer \u00e0 la caisse.<\/p>\n<p><span style=\"font-size:11px\">Nos produits sont des produits de production de masse. En fonction de la disponibilit\u00e9 sur le march\u00e9, des diff\u00e9rences mineures peuvent appara\u00eetre dans les produits sans perturber le th\u00e8me principal. Tels que l&#039;\u00e9paisseur de la cha\u00eene, la longueur de l&#039;anneau, etc.<\/span><\/p>","protected":false},"excerpt":{"rendered":"<p>Des mod\u00e8les de bracelets Miyuki, tous plus styl\u00e9s<\/p>","protected":false},"featured_media":23795,"comment_status":"closed","ping_status":"open","template":"","meta":[],"product_brand":[],"product_cat":[42],"product_tag":[],"class_list":{"0":"post-23794","1":"product","2":"type-product","3":"status-publish","4":"has-post-thumbnail","6":"product_cat-bijuteri-bileklik","8":"first","9":"outofstock","10":"taxable","11":"shipping-taxable","12":"purchasable","13":"product-type-simple"},"_links":{"self":[{"href":"https:\/\/www.xladyaccessories.com\/fr\/wp-json\/wp\/v2\/product\/23794","targetHints":{"allow":["GET"]}}],"collection":[{"href":"https:\/\/www.xladyaccessories.com\/fr\/wp-json\/wp\/v2\/product"}],"about":[{"href":"https:\/\/www.xladyaccessories.com\/fr\/wp-json\/wp\/v2\/types\/product"}],"replies":[{"embeddable":true,"href":"https:\/\/www.xladyaccessories.com\/fr\/wp-json\/wp\/v2\/comments?post=23794"}],"wp:featuredmedia":[{"embeddable":true,"href":"https:\/\/www.xladyaccessories.com\/fr\/wp-json\/wp\/v2\/media\/23795"}],"wp:attachment":[{"href":"https:\/\/www.xladyaccessories.com\/fr\/wp-json\/wp\/v2\/media?parent=23794"}],"wp:term":[{"taxonomy":"product_brand","embeddable":true,"href":"https:\/\/www.xladyaccessories.com\/fr\/wp-json\/wp\/v2\/product_brand?post=23794"},{"taxonomy":"product_cat","embeddable":true,"href":"https:\/\/www.xladyaccessories.com\/fr\/wp-json\/wp\/v2\/product_cat?post=23794"},{"taxonomy":"product_tag","embeddable":true,"href":"https:\/\/www.xladyaccessories.com\/fr\/wp-json\/wp\/v2\/product_tag?post=23794"}],"curies":[{"name":"wp","href":"https:\/\/api.w.org\/{rel}","templated":true}]}}