{"id":23636,"date":"2023-11-18T11:30:55","date_gmt":"2023-11-18T08:30:55","guid":{"rendered":"https:\/\/www.xladyaccessories.com\/urun\/altin-renk-kombin-kolye-6-adet-kadin-kolyeden-olusan-kombin-zincir-set-2913\/"},"modified":"2026-04-09T10:46:14","modified_gmt":"2026-04-09T07:46:14","slug":"toptan-altin-renk-kombin-kolye-6-adet-kadin-kolyeden-olusan-kombin-zincir-set-2913","status":"publish","type":"product","link":"https:\/\/www.xladyaccessories.com\/fr\/produit\/ensemble-de-chaines-combinees-de-colliers-de-couleur-or-compose-de-6-colliers-pour-femmes-2913\/","title":{"rendered":"Wholesale Gold Colour Combination Necklace 6 Pcs Women Necklace Combination Chain Set - 2913"},"content":{"rendered":"<div>\n<div>100% Nouveau produit<\/div>\n<div>Type : Produit combin\u00e9<\/div>\n<div>Mat\u00e9riel: Alliage<\/div><\/div>\n<div>\u00a0<\/div>\n<div><strong>Tous les produits sur la photo seront envoy\u00e9s.<\/strong><\/div>\n<div>\u00a0<\/div>\n<div>\u00a0<\/div>\n<div>Un bijou de qualit\u00e9.; Il ne contient pas de nickel ; C&#039;est antiallergique; Il ne noircit pas \u00e0 moins d&#039;\u00eatre touch\u00e9 par des produits chimiques\u00a0;<\/div>\n<div>\n<div>\u00a0<\/div>\n<div>La dur\u00e9e d&#039;utilisation de l&#039;accessoire sera prolong\u00e9e \u00e0 condition qu&#039;il soit tenu \u00e0 l&#039;\u00e9cart du parfum, du savon, de l&#039;alcool et des produits chimiques similaires. Un rev\u00eatement protecteur sp\u00e9cial a \u00e9t\u00e9 appliqu\u00e9 sur le produit contre les allergies, l&#039;oxydation et le noircissement.<\/div>\n<div>\u00a0<\/div>\n<div>\n<p>Ce nouvel ensemble 100%, qui est une option parfaite pour mettre en valeur votre style et votre \u00e9l\u00e9gance uniques, attire l&#039;attention par son \u00e9l\u00e9gance accrocheuse. Cet ensemble unique, fabriqu\u00e9 \u00e0 partir d&#039;un alliage sp\u00e9cial, se distingue \u00e9galement par sa finition de haute qualit\u00e9.<\/p>\n<p>Ce magnifique ensemble offre une utilisation \u00e0 long terme gr\u00e2ce \u00e0 sa fonction antiallergique et son rev\u00eatement protecteur sp\u00e9cial. Comme il ne contient pas de nickel et r\u00e9siste au ternissement, il conserve toujours son \u00e9clat comme au premier jour.<\/p>\n<p>Fabriqu\u00e9 avec des mat\u00e9riaux de qualit\u00e9 sup\u00e9rieure, cet ensemble a la particularit\u00e9 d&#039;\u00eatre durable lorsqu&#039;il est conserv\u00e9 \u00e0 l&#039;\u00e9cart des produits chimiques tels que le parfum, le savon, l&#039;alcool et du contact avec des produits chimiques liquides tels que l&#039;eau et le d\u00e9tergent.<\/p>\n<p>Refl\u00e9tant votre style unique et votre position personnelle, cet ensemble vous rend sp\u00e9cial en ajoutant une touche \u00e9l\u00e9gante \u00e0 n&#039;importe quelle combinaison. Id\u00e9al pour un usage quotidien, cet ensemble est une option parfaite pour compl\u00e9ter votre \u00e9l\u00e9gance lors d&#039;occasions sp\u00e9ciales. Cette pi\u00e8ce unique, qui vous refl\u00e9tera dans vos moments les plus pr\u00e9cieux, ajoutera de l&#039;\u00e9l\u00e9gance \u00e0 votre \u00e9l\u00e9gance.<\/p>\n<\/p><\/div><\/div>\n<div>\u00a0<\/div>\n<div>\u00a0<\/div>\n<p><span style=\"font-size:11px\">Nos produits sont des produits de production de masse. En fonction de la disponibilit\u00e9 sur le march\u00e9, des diff\u00e9rences mineures peuvent appara\u00eetre dans les produits sans perturber le th\u00e8me principal. Tels que l&#039;\u00e9paisseur de la cha\u00eene, la longueur de l&#039;anneau, etc.<\/span><\/p>","protected":false},"excerpt":{"rendered":"<p>Colliers combin\u00e9s \u00e9l\u00e9gants<\/p>","protected":false},"featured_media":23637,"comment_status":"closed","ping_status":"open","template":"","meta":[],"product_brand":[],"product_cat":[24],"product_tag":[],"class_list":{"0":"post-23636","1":"product","2":"type-product","3":"status-publish","4":"has-post-thumbnail","6":"product_cat-bijuteri-kolye","8":"first","9":"outofstock","10":"taxable","11":"shipping-taxable","12":"purchasable","13":"product-type-simple"},"_links":{"self":[{"href":"https:\/\/www.xladyaccessories.com\/fr\/wp-json\/wp\/v2\/product\/23636","targetHints":{"allow":["GET"]}}],"collection":[{"href":"https:\/\/www.xladyaccessories.com\/fr\/wp-json\/wp\/v2\/product"}],"about":[{"href":"https:\/\/www.xladyaccessories.com\/fr\/wp-json\/wp\/v2\/types\/product"}],"replies":[{"embeddable":true,"href":"https:\/\/www.xladyaccessories.com\/fr\/wp-json\/wp\/v2\/comments?post=23636"}],"wp:featuredmedia":[{"embeddable":true,"href":"https:\/\/www.xladyaccessories.com\/fr\/wp-json\/wp\/v2\/media\/23637"}],"wp:attachment":[{"href":"https:\/\/www.xladyaccessories.com\/fr\/wp-json\/wp\/v2\/media?parent=23636"}],"wp:term":[{"taxonomy":"product_brand","embeddable":true,"href":"https:\/\/www.xladyaccessories.com\/fr\/wp-json\/wp\/v2\/product_brand?post=23636"},{"taxonomy":"product_cat","embeddable":true,"href":"https:\/\/www.xladyaccessories.com\/fr\/wp-json\/wp\/v2\/product_cat?post=23636"},{"taxonomy":"product_tag","embeddable":true,"href":"https:\/\/www.xladyaccessories.com\/fr\/wp-json\/wp\/v2\/product_tag?post=23636"}],"curies":[{"name":"wp","href":"https:\/\/api.w.org\/{rel}","templated":true}]}}