{"id":23452,"date":"2023-10-13T16:00:34","date_gmt":"2023-10-13T13:00:34","guid":{"rendered":"https:\/\/www.xladyaccessories.com\/urun\/altin-renk-papatya-barok-inci-ip-bileklik-2887\/"},"modified":"2026-04-14T19:20:23","modified_gmt":"2026-04-14T16:20:23","slug":"toptan-altin-renk-papatya-barok-inci-ip-bileklik-2887","status":"publish","type":"product","link":"https:\/\/www.xladyaccessories.com\/fr\/produit\/bracelet-en-corde-de-perles-baroques-couleur-or-marguerite-2887\/","title":{"rendered":"Toptan Alt\u0131n Renk Papatya Barok \u0130nci \u0130p Bileklik  &#8211; 2887"},"content":{"rendered":"<div class=\"detailmodule_html\">\n<div class=\"detail-desc-decorate-richtext\">\n<div>\n<ul>\n<li>Ajustable.<\/li>\n<li>\n<p>Notre produit est anti-allergique, ne noircit pas et ne se d\u00e9t\u00e9riore pas, vous pouvez l&#039;utiliser en toute s\u00e9curit\u00e9.\u00a0<\/p>\n<p>Mod\u00e8les de bijoux \u00e9l\u00e9gants<\/p>\n<\/li>\n<li>Un rev\u00eatement sp\u00e9cial a \u00e9t\u00e9 utilis\u00e9 contre le ternissement.<\/li>\n<li>Le contact avec des substances telles que la cr\u00e8me, le parfum et l&#039;alcool doit \u00eatre \u00e9vit\u00e9.<\/li>\n<\/ul>\n<p>\u00a0<\/p>\n<\/p><\/div><\/div><\/div>\n<p><span style=\"font-size:11px\">Nos produits sont des produits de production de masse. En fonction de la disponibilit\u00e9 sur le march\u00e9, des diff\u00e9rences mineures peuvent appara\u00eetre dans les produits sans perturber le th\u00e8me principal. Tels que l&#039;\u00e9paisseur de la cha\u00eene, la longueur de l&#039;anneau, etc.<\/span><\/p>","protected":false},"excerpt":{"rendered":"<p>Bracelets \u00e9l\u00e9gants<\/p>","protected":false},"featured_media":23453,"comment_status":"closed","ping_status":"open","template":"","meta":[],"product_brand":[],"product_cat":[42],"product_tag":[],"class_list":{"0":"post-23452","1":"product","2":"type-product","3":"status-publish","4":"has-post-thumbnail","6":"product_cat-bijuteri-bileklik","8":"first","9":"outofstock","10":"taxable","11":"shipping-taxable","12":"purchasable","13":"product-type-simple"},"_links":{"self":[{"href":"https:\/\/www.xladyaccessories.com\/fr\/wp-json\/wp\/v2\/product\/23452","targetHints":{"allow":["GET"]}}],"collection":[{"href":"https:\/\/www.xladyaccessories.com\/fr\/wp-json\/wp\/v2\/product"}],"about":[{"href":"https:\/\/www.xladyaccessories.com\/fr\/wp-json\/wp\/v2\/types\/product"}],"replies":[{"embeddable":true,"href":"https:\/\/www.xladyaccessories.com\/fr\/wp-json\/wp\/v2\/comments?post=23452"}],"wp:featuredmedia":[{"embeddable":true,"href":"https:\/\/www.xladyaccessories.com\/fr\/wp-json\/wp\/v2\/media\/23453"}],"wp:attachment":[{"href":"https:\/\/www.xladyaccessories.com\/fr\/wp-json\/wp\/v2\/media?parent=23452"}],"wp:term":[{"taxonomy":"product_brand","embeddable":true,"href":"https:\/\/www.xladyaccessories.com\/fr\/wp-json\/wp\/v2\/product_brand?post=23452"},{"taxonomy":"product_cat","embeddable":true,"href":"https:\/\/www.xladyaccessories.com\/fr\/wp-json\/wp\/v2\/product_cat?post=23452"},{"taxonomy":"product_tag","embeddable":true,"href":"https:\/\/www.xladyaccessories.com\/fr\/wp-json\/wp\/v2\/product_tag?post=23452"}],"curies":[{"name":"wp","href":"https:\/\/api.w.org\/{rel}","templated":true}]}}