{"id":23120,"date":"2023-10-13T15:22:15","date_gmt":"2023-10-13T12:22:15","guid":{"rendered":"https:\/\/www.xladyaccessories.com\/urun\/yildiz-para-modeli-ile-karisik-kum-boncuk-kolye-ozel-tasarim-boncuk-kolye-2882\/"},"modified":"2026-04-12T19:20:17","modified_gmt":"2026-04-12T16:20:17","slug":"toptan-yildiz-para-modeli-ile-karisik-kum-boncuk-kolye-ozel-tasarim-boncuk-kolye-2882","status":"publish","type":"product","link":"https:\/\/www.xladyaccessories.com\/fr\/produit\/collier-de-perles-de-sable-melange-avec-modele-de-piece-detoile-collier-de-perles-specialement-concu-2882\/","title":{"rendered":"Grossiste Collier de Perles de Sable M\u00e9lang\u00e9es avec Mod\u00e8le de Pi\u00e8ce \u00c9toile - Collier de Perles au Design Sp\u00e9cial - 2882"},"content":{"rendered":"<div>\n<div>Les produits en images seront envoy\u00e9s m\u00e9lang\u00e9s en fonction de l&#039;\u00e9tat des stocks.<\/div>\n<div>\u00a0<\/div>\n<div>100% Nouveau produit<\/div>\n<div>Type: Collier<\/div>\n<div>Mat\u00e9riel: Alliage<\/div><\/div>\n<div>\u00a0<\/div>\n<div>Un bijou de qualit\u00e9.; Il ne contient pas de nickel ; C&#039;est antiallergique; Il ne noircit pas \u00e0 moins d&#039;\u00eatre touch\u00e9 par des produits chimiques\u00a0;<\/div>\n<div>\u00a0<\/div>\n<div>La dur\u00e9e d&#039;utilisation de l&#039;accessoire sera prolong\u00e9e \u00e0 condition qu&#039;il soit tenu \u00e0 l&#039;\u00e9cart du parfum, du savon, de l&#039;alcool et des produits chimiques similaires. Un rev\u00eatement protecteur sp\u00e9cial a \u00e9t\u00e9 appliqu\u00e9 sur le produit contre les allergies, l&#039;oxydation et le noircissement.<\/div>\n<div>\u00a0<\/div>\n<div>\n<p>Ce nouveau collier 100%, qui est une option parfaite pour mettre en valeur votre style et votre \u00e9l\u00e9gance uniques, attire l&#039;attention par son \u00e9l\u00e9gance accrocheuse. Ce collier unique, fabriqu\u00e9 en alliage sp\u00e9cial, attire \u00e9galement l&#039;attention par sa finition de haute qualit\u00e9.<\/p>\n<p>Ce magnifique collier offre une utilisation \u00e0 long terme gr\u00e2ce \u00e0 sa fonction antiallergique et son rev\u00eatement protecteur sp\u00e9cial. Comme il ne contient pas de nickel et r\u00e9siste au ternissement, il conserve toujours son \u00e9clat comme au premier jour.<\/p>\n<p>Fabriqu\u00e9 avec des mat\u00e9riaux de qualit\u00e9 sup\u00e9rieure, ce collier a la particularit\u00e9 d&#039;\u00eatre durable lorsqu&#039;il est conserv\u00e9 \u00e0 l&#039;\u00e9cart des produits chimiques tels que le parfum, le savon, l&#039;alcool et du contact avec des produits chimiques liquides tels que l&#039;eau et le d\u00e9tergent.<\/p>\n<p>Refl\u00e9tant votre style unique et votre position personnelle, ce collier vous rend sp\u00e9cial en ajoutant une touche \u00e9l\u00e9gante \u00e0 n&#039;importe quelle combinaison. Id\u00e9al aussi bien pour un usage quotidien, ce collier est une option parfaite pour compl\u00e9ter votre \u00e9l\u00e9gance lors d&#039;occasions sp\u00e9ciales. Cette pi\u00e8ce unique, qui vous refl\u00e9tera dans vos moments les plus pr\u00e9cieux, ajoutera de l&#039;\u00e9l\u00e9gance \u00e0 votre \u00e9l\u00e9gance.<\/p>\n<\/p><\/div>\n<div>\u00a0<\/div>\n<div>\u00a0<\/div>\n<p><span style=\"font-size:11px\">Nos produits sont des produits de production de masse. En fonction de la disponibilit\u00e9 sur le march\u00e9, des diff\u00e9rences mineures peuvent appara\u00eetre dans les produits sans perturber le th\u00e8me principal. Tels que l&#039;\u00e9paisseur de la cha\u00eene, la longueur de l&#039;anneau, etc.<\/span><\/p>","protected":false},"excerpt":{"rendered":"<p>Colliers de bijoux \u00e9l\u00e9gants<\/p>","protected":false},"featured_media":23121,"comment_status":"closed","ping_status":"open","template":"","meta":[],"product_brand":[],"product_cat":[24],"product_tag":[],"class_list":{"0":"post-23120","1":"product","2":"type-product","3":"status-publish","4":"has-post-thumbnail","6":"product_cat-bijuteri-kolye","8":"first","9":"outofstock","10":"taxable","11":"shipping-taxable","12":"purchasable","13":"product-type-simple"},"_links":{"self":[{"href":"https:\/\/www.xladyaccessories.com\/fr\/wp-json\/wp\/v2\/product\/23120","targetHints":{"allow":["GET"]}}],"collection":[{"href":"https:\/\/www.xladyaccessories.com\/fr\/wp-json\/wp\/v2\/product"}],"about":[{"href":"https:\/\/www.xladyaccessories.com\/fr\/wp-json\/wp\/v2\/types\/product"}],"replies":[{"embeddable":true,"href":"https:\/\/www.xladyaccessories.com\/fr\/wp-json\/wp\/v2\/comments?post=23120"}],"wp:featuredmedia":[{"embeddable":true,"href":"https:\/\/www.xladyaccessories.com\/fr\/wp-json\/wp\/v2\/media\/23121"}],"wp:attachment":[{"href":"https:\/\/www.xladyaccessories.com\/fr\/wp-json\/wp\/v2\/media?parent=23120"}],"wp:term":[{"taxonomy":"product_brand","embeddable":true,"href":"https:\/\/www.xladyaccessories.com\/fr\/wp-json\/wp\/v2\/product_brand?post=23120"},{"taxonomy":"product_cat","embeddable":true,"href":"https:\/\/www.xladyaccessories.com\/fr\/wp-json\/wp\/v2\/product_cat?post=23120"},{"taxonomy":"product_tag","embeddable":true,"href":"https:\/\/www.xladyaccessories.com\/fr\/wp-json\/wp\/v2\/product_tag?post=23120"}],"curies":[{"name":"wp","href":"https:\/\/api.w.org\/{rel}","templated":true}]}}